{"id":957,"date":"2025-05-13T11:33:02","date_gmt":"2025-05-13T11:33:02","guid":{"rendered":"https:\/\/madagascarnamakia.org\/?page_id=957"},"modified":"2025-05-13T11:33:03","modified_gmt":"2025-05-13T11:33:03","slug":"sanitary","status":"publish","type":"page","link":"https:\/\/madagascarnamakia.org\/fr\/sanitary\/","title":{"rendered":"Les Sanitaires"},"content":{"rendered":"<figure class=\"is-style-rounded wp-block-image aligncenter size-large is-resized has-custom-border\"><img data-recalc-dims=\"1\" decoding=\"async\" width=\"1024\" height=\"576\" loading=\"lazy\" src=\"https:\/\/i0.wp.com\/madagascarnamakia.org\/wp-content\/uploads\/2025\/05\/Les-2-lavabos-1-2.jpg?resize=1024%2C576&#038;ssl=1\" alt=\"\" class=\"has-border-color has-tertiary-border-color wp-image-1099\" style=\"border-width:10px;width:1044px;height:auto\" srcset=\"https:\/\/i0.wp.com\/madagascarnamakia.org\/wp-content\/uploads\/2025\/05\/Les-2-lavabos-1-2.jpg?resize=1024%2C576&amp;ssl=1 1024w, https:\/\/i0.wp.com\/madagascarnamakia.org\/wp-content\/uploads\/2025\/05\/Les-2-lavabos-1-2.jpg?resize=300%2C169&amp;ssl=1 300w, https:\/\/i0.wp.com\/madagascarnamakia.org\/wp-content\/uploads\/2025\/05\/Les-2-lavabos-1-2.jpg?resize=768%2C432&amp;ssl=1 768w, https:\/\/i0.wp.com\/madagascarnamakia.org\/wp-content\/uploads\/2025\/05\/Les-2-lavabos-1-2.jpg?resize=18%2C10&amp;ssl=1 18w, https:\/\/i0.wp.com\/madagascarnamakia.org\/wp-content\/uploads\/2025\/05\/Les-2-lavabos-1-2.jpg?w=1328&amp;ssl=1 1328w\" sizes=\"auto, (max-width: 1000px) 100vw, 1000px\" \/><\/figure>\n\n\n\n<p class=\"has-primary-color has-orchid-2-gradient-background has-text-color has-background has-link-color wp-elements-645a638c1de2bfbd9fa004d62579fc39\"><strong>Cette construction a \u00e9t\u00e9 termin\u00e9e le 22 d\u00e9cembre 2022. Tout le mat\u00e9riel a \u00e9t\u00e9 achet\u00e9 sur place \u00e0 Namakia.<\/strong><\/p>\n\n\n\n<div class=\"wp-block-jetpack-slideshow aligncenter\" data-effect=\"fade\"><div class=\"wp-block-jetpack-slideshow_container swiper-container\"><ul class=\"wp-block-jetpack-slideshow_swiper-wrapper swiper-wrapper\"><li class=\"wp-block-jetpack-slideshow_slide swiper-slide\"><figure><img data-recalc-dims=\"1\" decoding=\"async\" width=\"1024\" height=\"652\" loading=\"lazy\" alt=\"\" class=\"wp-block-jetpack-slideshow_image wp-image-974\" data-id=\"974\" src=\"https:\/\/i0.wp.com\/madagascarnamakia.org\/wp-content\/uploads\/2025\/05\/Screenshot-2025-05-10-210912.png?resize=1024%2C652&#038;ssl=1\" srcset=\"https:\/\/i0.wp.com\/madagascarnamakia.org\/wp-content\/uploads\/2025\/05\/Screenshot-2025-05-10-210912.png?resize=1024%2C652&amp;ssl=1 1024w, https:\/\/i0.wp.com\/madagascarnamakia.org\/wp-content\/uploads\/2025\/05\/Screenshot-2025-05-10-210912.png?resize=300%2C191&amp;ssl=1 300w, https:\/\/i0.wp.com\/madagascarnamakia.org\/wp-content\/uploads\/2025\/05\/Screenshot-2025-05-10-210912.png?resize=768%2C489&amp;ssl=1 768w, https:\/\/i0.wp.com\/madagascarnamakia.org\/wp-content\/uploads\/2025\/05\/Screenshot-2025-05-10-210912.png?resize=18%2C12&amp;ssl=1 18w, https:\/\/i0.wp.com\/madagascarnamakia.org\/wp-content\/uploads\/2025\/05\/Screenshot-2025-05-10-210912.png?w=1099&amp;ssl=1 1099w\" sizes=\"(max-width: 1000px) 100vw, 1000px\" \/><\/figure><\/li><li class=\"wp-block-jetpack-slideshow_slide swiper-slide\"><figure><img data-recalc-dims=\"1\" decoding=\"async\" width=\"640\" height=\"360\" loading=\"lazy\" alt=\"\" class=\"wp-block-jetpack-slideshow_image wp-image-962\" data-id=\"962\" src=\"https:\/\/i0.wp.com\/madagascarnamakia.org\/wp-content\/uploads\/2025\/05\/Applaudissements-pour-la-delegue-des-eleves-2.jpg?resize=640%2C360&#038;ssl=1\" srcset=\"https:\/\/i0.wp.com\/madagascarnamakia.org\/wp-content\/uploads\/2025\/05\/Applaudissements-pour-la-delegue-des-eleves-2.jpg?w=640&amp;ssl=1 640w, https:\/\/i0.wp.com\/madagascarnamakia.org\/wp-content\/uploads\/2025\/05\/Applaudissements-pour-la-delegue-des-eleves-2.jpg?resize=300%2C169&amp;ssl=1 300w, https:\/\/i0.wp.com\/madagascarnamakia.org\/wp-content\/uploads\/2025\/05\/Applaudissements-pour-la-delegue-des-eleves-2.jpg?resize=18%2C10&amp;ssl=1 18w\" sizes=\"(max-width: 640px) 100vw, 640px\" \/><\/figure><\/li><li class=\"wp-block-jetpack-slideshow_slide swiper-slide\"><figure><img data-recalc-dims=\"1\" decoding=\"async\" width=\"1024\" height=\"768\" loading=\"lazy\" alt=\"\" class=\"wp-block-jetpack-slideshow_image wp-image-968\" data-id=\"968\" src=\"https:\/\/i0.wp.com\/madagascarnamakia.org\/wp-content\/uploads\/2025\/05\/Portes-des-5-WC-1-1.jpg?resize=1024%2C768&#038;ssl=1\" srcset=\"https:\/\/i0.wp.com\/madagascarnamakia.org\/wp-content\/uploads\/2025\/05\/Portes-des-5-WC-1-1.jpg?resize=1024%2C768&amp;ssl=1 1024w, https:\/\/i0.wp.com\/madagascarnamakia.org\/wp-content\/uploads\/2025\/05\/Portes-des-5-WC-1-1.jpg?resize=300%2C225&amp;ssl=1 300w, https:\/\/i0.wp.com\/madagascarnamakia.org\/wp-content\/uploads\/2025\/05\/Portes-des-5-WC-1-1.jpg?resize=768%2C576&amp;ssl=1 768w, https:\/\/i0.wp.com\/madagascarnamakia.org\/wp-content\/uploads\/2025\/05\/Portes-des-5-WC-1-1.jpg?resize=16%2C12&amp;ssl=1 16w, https:\/\/i0.wp.com\/madagascarnamakia.org\/wp-content\/uploads\/2025\/05\/Portes-des-5-WC-1-1.jpg?w=1152&amp;ssl=1 1152w\" sizes=\"(max-width: 1000px) 100vw, 1000px\" \/><\/figure><\/li><li class=\"wp-block-jetpack-slideshow_slide swiper-slide\"><figure><img data-recalc-dims=\"1\" decoding=\"async\" width=\"768\" height=\"1024\" loading=\"lazy\" alt=\"\" class=\"wp-block-jetpack-slideshow_image wp-image-967\" data-id=\"967\" src=\"https:\/\/i0.wp.com\/madagascarnamakia.org\/wp-content\/uploads\/2025\/05\/1-des-5-WC-1.jpg?resize=768%2C1024&#038;ssl=1\" srcset=\"https:\/\/i0.wp.com\/madagascarnamakia.org\/wp-content\/uploads\/2025\/05\/1-des-5-WC-1.jpg?resize=768%2C1024&amp;ssl=1 768w, https:\/\/i0.wp.com\/madagascarnamakia.org\/wp-content\/uploads\/2025\/05\/1-des-5-WC-1.jpg?resize=225%2C300&amp;ssl=1 225w, https:\/\/i0.wp.com\/madagascarnamakia.org\/wp-content\/uploads\/2025\/05\/1-des-5-WC-1.jpg?resize=9%2C12&amp;ssl=1 9w, https:\/\/i0.wp.com\/madagascarnamakia.org\/wp-content\/uploads\/2025\/05\/1-des-5-WC-1.jpg?w=864&amp;ssl=1 864w\" sizes=\"(max-width: 768px) 100vw, 768px\" \/><\/figure><\/li><li class=\"wp-block-jetpack-slideshow_slide swiper-slide\"><figure><img data-recalc-dims=\"1\" decoding=\"async\" width=\"1024\" height=\"768\" loading=\"lazy\" alt=\"\" class=\"wp-block-jetpack-slideshow_image wp-image-966\" data-id=\"966\" src=\"https:\/\/i0.wp.com\/madagascarnamakia.org\/wp-content\/uploads\/2025\/05\/Portes-ouvertes-cote-serrures-1.jpg?resize=1024%2C768&#038;ssl=1\" srcset=\"https:\/\/i0.wp.com\/madagascarnamakia.org\/wp-content\/uploads\/2025\/05\/Portes-ouvertes-cote-serrures-1.jpg?resize=1024%2C768&amp;ssl=1 1024w, https:\/\/i0.wp.com\/madagascarnamakia.org\/wp-content\/uploads\/2025\/05\/Portes-ouvertes-cote-serrures-1.jpg?resize=300%2C225&amp;ssl=1 300w, https:\/\/i0.wp.com\/madagascarnamakia.org\/wp-content\/uploads\/2025\/05\/Portes-ouvertes-cote-serrures-1.jpg?resize=768%2C576&amp;ssl=1 768w, https:\/\/i0.wp.com\/madagascarnamakia.org\/wp-content\/uploads\/2025\/05\/Portes-ouvertes-cote-serrures-1.jpg?resize=16%2C12&amp;ssl=1 16w, https:\/\/i0.wp.com\/madagascarnamakia.org\/wp-content\/uploads\/2025\/05\/Portes-ouvertes-cote-serrures-1.jpg?w=1152&amp;ssl=1 1152w\" sizes=\"(max-width: 1000px) 100vw, 1000px\" \/><\/figure><\/li><li class=\"wp-block-jetpack-slideshow_slide swiper-slide\"><figure><img data-recalc-dims=\"1\" decoding=\"async\" width=\"1024\" height=\"768\" loading=\"lazy\" alt=\"\" class=\"wp-block-jetpack-slideshow_image wp-image-969\" data-id=\"969\" src=\"https:\/\/i0.wp.com\/madagascarnamakia.org\/wp-content\/uploads\/2025\/05\/Une-dame-attend-pour-chercher-de-leau-1-1.jpg?resize=1024%2C768&#038;ssl=1\" srcset=\"https:\/\/i0.wp.com\/madagascarnamakia.org\/wp-content\/uploads\/2025\/05\/Une-dame-attend-pour-chercher-de-leau-1-1.jpg?resize=1024%2C768&amp;ssl=1 1024w, https:\/\/i0.wp.com\/madagascarnamakia.org\/wp-content\/uploads\/2025\/05\/Une-dame-attend-pour-chercher-de-leau-1-1.jpg?resize=300%2C225&amp;ssl=1 300w, https:\/\/i0.wp.com\/madagascarnamakia.org\/wp-content\/uploads\/2025\/05\/Une-dame-attend-pour-chercher-de-leau-1-1.jpg?resize=768%2C576&amp;ssl=1 768w, https:\/\/i0.wp.com\/madagascarnamakia.org\/wp-content\/uploads\/2025\/05\/Une-dame-attend-pour-chercher-de-leau-1-1.jpg?resize=16%2C12&amp;ssl=1 16w, https:\/\/i0.wp.com\/madagascarnamakia.org\/wp-content\/uploads\/2025\/05\/Une-dame-attend-pour-chercher-de-leau-1-1.jpg?w=1152&amp;ssl=1 1152w\" sizes=\"(max-width: 1000px) 100vw, 1000px\" \/><\/figure><\/li><li class=\"wp-block-jetpack-slideshow_slide swiper-slide\"><figure><img data-recalc-dims=\"1\" decoding=\"async\" width=\"672\" height=\"672\" loading=\"lazy\" alt=\"\" class=\"wp-block-jetpack-slideshow_image wp-image-963\" data-id=\"963\" src=\"https:\/\/i0.wp.com\/madagascarnamakia.org\/wp-content\/uploads\/2025\/05\/Vue-Ecole-et-Toilettes-1-1.jpg?resize=672%2C672&#038;ssl=1\" srcset=\"https:\/\/i0.wp.com\/madagascarnamakia.org\/wp-content\/uploads\/2025\/05\/Vue-Ecole-et-Toilettes-1-1.jpg?w=672&amp;ssl=1 672w, https:\/\/i0.wp.com\/madagascarnamakia.org\/wp-content\/uploads\/2025\/05\/Vue-Ecole-et-Toilettes-1-1.jpg?resize=300%2C300&amp;ssl=1 300w, https:\/\/i0.wp.com\/madagascarnamakia.org\/wp-content\/uploads\/2025\/05\/Vue-Ecole-et-Toilettes-1-1.jpg?resize=150%2C150&amp;ssl=1 150w, https:\/\/i0.wp.com\/madagascarnamakia.org\/wp-content\/uploads\/2025\/05\/Vue-Ecole-et-Toilettes-1-1.jpg?resize=12%2C12&amp;ssl=1 12w\" sizes=\"(max-width: 672px) 100vw, 672px\" \/><\/figure><\/li><\/ul><a class=\"wp-block-jetpack-slideshow_button-prev swiper-button-prev swiper-button-white\" role=\"button\"><\/a><a class=\"wp-block-jetpack-slideshow_button-next swiper-button-next swiper-button-white\" role=\"button\"><\/a><a aria-label=\"Pause Slideshow\" class=\"wp-block-jetpack-slideshow_button-pause\" role=\"button\"><\/a><div class=\"wp-block-jetpack-slideshow_pagination swiper-pagination swiper-pagination-white\"><\/div><\/div><\/div>","protected":false},"excerpt":{"rendered":"<p>Cette construction a \u00e9t\u00e9 termin\u00e9e le 22 d\u00e9cembre 2022. Tout le mat\u00e9riel a \u00e9t\u00e9 achet\u00e9 sur place \u00e0 Namakia.<\/p>","protected":false},"author":1,"featured_media":0,"parent":0,"menu_order":0,"comment_status":"closed","ping_status":"closed","template":"","meta":{"nf_dc_page":"","om_disable_all_campaigns":false,"_monsterinsights_skip_tracking":false,"_monsterinsights_sitenote_active":false,"_monsterinsights_sitenote_note":"","_monsterinsights_sitenote_category":0,"footnotes":""},"class_list":["post-957","page","type-page","status-publish","hentry"],"yoast_head":"<!-- This site is optimized with the Yoast SEO plugin v27.4 - https:\/\/yoast.com\/product\/yoast-seo-wordpress\/ -->\n<title>Sanitary Facilities - Agir Pour Namakia<\/title>\n<meta name=\"robots\" content=\"index, follow, max-snippet:-1, max-image-preview:large, max-video-preview:-1\" \/>\n<link rel=\"canonical\" href=\"https:\/\/madagascarnamakia.org\/fr\/sanitary\/\" \/>\n<meta property=\"og:locale\" content=\"fr_FR\" \/>\n<meta property=\"og:type\" content=\"article\" \/>\n<meta property=\"og:title\" content=\"Sanitary Facilities - Agir Pour Namakia\" \/>\n<meta property=\"og:description\" content=\"This construction was completed on December 22, 2022. All the materials were purchased locally in Namakia.\" \/>\n<meta property=\"og:url\" content=\"https:\/\/madagascarnamakia.org\/fr\/sanitary\/\" \/>\n<meta property=\"og:site_name\" content=\"Agir Pour Namakia\" \/>\n<meta property=\"article:publisher\" content=\"https:\/\/www.facebook.com\/AgirPourNamakia\" \/>\n<meta property=\"article:modified_time\" content=\"2025-05-13T11:33:03+00:00\" \/>\n<meta property=\"og:image\" content=\"https:\/\/madagascarnamakia.org\/wp-content\/uploads\/2025\/05\/Les-2-lavabos-1-2-1024x576.jpg\" \/>\n<meta name=\"twitter:card\" content=\"summary_large_image\" \/>\n<script type=\"application\/ld+json\" class=\"yoast-schema-graph\">{\"@context\":\"https:\\\/\\\/schema.org\",\"@graph\":[{\"@type\":\"WebPage\",\"@id\":\"https:\\\/\\\/madagascarnamakia.org\\\/sanitary\\\/\",\"url\":\"https:\\\/\\\/madagascarnamakia.org\\\/sanitary\\\/\",\"name\":\"Sanitary Facilities - Agir Pour Namakia\",\"isPartOf\":{\"@id\":\"https:\\\/\\\/madagascarnamakia.org\\\/#website\"},\"primaryImageOfPage\":{\"@id\":\"https:\\\/\\\/madagascarnamakia.org\\\/sanitary\\\/#primaryimage\"},\"image\":{\"@id\":\"https:\\\/\\\/madagascarnamakia.org\\\/sanitary\\\/#primaryimage\"},\"thumbnailUrl\":\"https:\\\/\\\/madagascarnamakia.org\\\/wp-content\\\/uploads\\\/2025\\\/05\\\/Les-2-lavabos-1-2-1024x576.jpg\",\"datePublished\":\"2025-05-13T11:33:02+00:00\",\"dateModified\":\"2025-05-13T11:33:03+00:00\",\"breadcrumb\":{\"@id\":\"https:\\\/\\\/madagascarnamakia.org\\\/sanitary\\\/#breadcrumb\"},\"inLanguage\":\"fr-FR\",\"potentialAction\":[{\"@type\":\"ReadAction\",\"target\":[\"https:\\\/\\\/madagascarnamakia.org\\\/sanitary\\\/\"]}]},{\"@type\":\"ImageObject\",\"inLanguage\":\"fr-FR\",\"@id\":\"https:\\\/\\\/madagascarnamakia.org\\\/sanitary\\\/#primaryimage\",\"url\":\"https:\\\/\\\/madagascarnamakia.org\\\/wp-content\\\/uploads\\\/2025\\\/05\\\/Les-2-lavabos-1-2-1024x576.jpg\",\"contentUrl\":\"https:\\\/\\\/madagascarnamakia.org\\\/wp-content\\\/uploads\\\/2025\\\/05\\\/Les-2-lavabos-1-2-1024x576.jpg\"},{\"@type\":\"BreadcrumbList\",\"@id\":\"https:\\\/\\\/madagascarnamakia.org\\\/sanitary\\\/#breadcrumb\",\"itemListElement\":[{\"@type\":\"ListItem\",\"position\":1,\"name\":\"Home\",\"item\":\"https:\\\/\\\/madagascarnamakia.org\\\/\"},{\"@type\":\"ListItem\",\"position\":2,\"name\":\"Sanitary Facilities\"}]},{\"@type\":\"WebSite\",\"@id\":\"https:\\\/\\\/madagascarnamakia.org\\\/#website\",\"url\":\"https:\\\/\\\/madagascarnamakia.org\\\/\",\"name\":\"Agir Pour Namakia\",\"description\":\"Tagline\",\"publisher\":{\"@id\":\"https:\\\/\\\/madagascarnamakia.org\\\/#organization\"},\"potentialAction\":[{\"@type\":\"SearchAction\",\"target\":{\"@type\":\"EntryPoint\",\"urlTemplate\":\"https:\\\/\\\/madagascarnamakia.org\\\/?s={search_term_string}\"},\"query-input\":{\"@type\":\"PropertyValueSpecification\",\"valueRequired\":true,\"valueName\":\"search_term_string\"}}],\"inLanguage\":\"fr-FR\"},{\"@type\":\"Organization\",\"@id\":\"https:\\\/\\\/madagascarnamakia.org\\\/#organization\",\"name\":\"Agir Pour Namakia\",\"url\":\"https:\\\/\\\/madagascarnamakia.org\\\/\",\"logo\":{\"@type\":\"ImageObject\",\"inLanguage\":\"fr-FR\",\"@id\":\"https:\\\/\\\/madagascarnamakia.org\\\/#\\\/schema\\\/logo\\\/image\\\/\",\"url\":\"https:\\\/\\\/i0.wp.com\\\/madagascarnamakia.org\\\/wp-content\\\/uploads\\\/2025\\\/04\\\/Logo.jpg?fit=730%2C730&ssl=1\",\"contentUrl\":\"https:\\\/\\\/i0.wp.com\\\/madagascarnamakia.org\\\/wp-content\\\/uploads\\\/2025\\\/04\\\/Logo.jpg?fit=730%2C730&ssl=1\",\"width\":730,\"height\":730,\"caption\":\"Agir Pour Namakia\"},\"image\":{\"@id\":\"https:\\\/\\\/madagascarnamakia.org\\\/#\\\/schema\\\/logo\\\/image\\\/\"},\"sameAs\":[\"https:\\\/\\\/www.facebook.com\\\/AgirPourNamakia\"]}]}<\/script>\n<!-- \/ Yoast SEO plugin. -->","yoast_head_json":{"title":"Sanitary Facilities - Agir Pour Namakia","robots":{"index":"index","follow":"follow","max-snippet":"max-snippet:-1","max-image-preview":"max-image-preview:large","max-video-preview":"max-video-preview:-1"},"canonical":"https:\/\/madagascarnamakia.org\/fr\/sanitary\/","og_locale":"fr_FR","og_type":"article","og_title":"Sanitary Facilities - Agir Pour Namakia","og_description":"This construction was completed on December 22, 2022. All the materials were purchased locally in Namakia.","og_url":"https:\/\/madagascarnamakia.org\/fr\/sanitary\/","og_site_name":"Agir Pour Namakia","article_publisher":"https:\/\/www.facebook.com\/AgirPourNamakia","article_modified_time":"2025-05-13T11:33:03+00:00","og_image":[{"url":"https:\/\/madagascarnamakia.org\/wp-content\/uploads\/2025\/05\/Les-2-lavabos-1-2-1024x576.jpg","type":"","width":"","height":""}],"twitter_card":"summary_large_image","schema":{"@context":"https:\/\/schema.org","@graph":[{"@type":"WebPage","@id":"https:\/\/madagascarnamakia.org\/sanitary\/","url":"https:\/\/madagascarnamakia.org\/sanitary\/","name":"Sanitary Facilities - Agir Pour Namakia","isPartOf":{"@id":"https:\/\/madagascarnamakia.org\/#website"},"primaryImageOfPage":{"@id":"https:\/\/madagascarnamakia.org\/sanitary\/#primaryimage"},"image":{"@id":"https:\/\/madagascarnamakia.org\/sanitary\/#primaryimage"},"thumbnailUrl":"https:\/\/madagascarnamakia.org\/wp-content\/uploads\/2025\/05\/Les-2-lavabos-1-2-1024x576.jpg","datePublished":"2025-05-13T11:33:02+00:00","dateModified":"2025-05-13T11:33:03+00:00","breadcrumb":{"@id":"https:\/\/madagascarnamakia.org\/sanitary\/#breadcrumb"},"inLanguage":"fr-FR","potentialAction":[{"@type":"ReadAction","target":["https:\/\/madagascarnamakia.org\/sanitary\/"]}]},{"@type":"ImageObject","inLanguage":"fr-FR","@id":"https:\/\/madagascarnamakia.org\/sanitary\/#primaryimage","url":"https:\/\/madagascarnamakia.org\/wp-content\/uploads\/2025\/05\/Les-2-lavabos-1-2-1024x576.jpg","contentUrl":"https:\/\/madagascarnamakia.org\/wp-content\/uploads\/2025\/05\/Les-2-lavabos-1-2-1024x576.jpg"},{"@type":"BreadcrumbList","@id":"https:\/\/madagascarnamakia.org\/sanitary\/#breadcrumb","itemListElement":[{"@type":"ListItem","position":1,"name":"Home","item":"https:\/\/madagascarnamakia.org\/"},{"@type":"ListItem","position":2,"name":"Sanitary Facilities"}]},{"@type":"WebSite","@id":"https:\/\/madagascarnamakia.org\/#website","url":"https:\/\/madagascarnamakia.org\/","name":"Agir Pour Namakia","description":"Tagline","publisher":{"@id":"https:\/\/madagascarnamakia.org\/#organization"},"potentialAction":[{"@type":"SearchAction","target":{"@type":"EntryPoint","urlTemplate":"https:\/\/madagascarnamakia.org\/?s={search_term_string}"},"query-input":{"@type":"PropertyValueSpecification","valueRequired":true,"valueName":"search_term_string"}}],"inLanguage":"fr-FR"},{"@type":"Organization","@id":"https:\/\/madagascarnamakia.org\/#organization","name":"Agir Pour Namakia","url":"https:\/\/madagascarnamakia.org\/","logo":{"@type":"ImageObject","inLanguage":"fr-FR","@id":"https:\/\/madagascarnamakia.org\/#\/schema\/logo\/image\/","url":"https:\/\/i0.wp.com\/madagascarnamakia.org\/wp-content\/uploads\/2025\/04\/Logo.jpg?fit=730%2C730&ssl=1","contentUrl":"https:\/\/i0.wp.com\/madagascarnamakia.org\/wp-content\/uploads\/2025\/04\/Logo.jpg?fit=730%2C730&ssl=1","width":730,"height":730,"caption":"Agir Pour Namakia"},"image":{"@id":"https:\/\/madagascarnamakia.org\/#\/schema\/logo\/image\/"},"sameAs":["https:\/\/www.facebook.com\/AgirPourNamakia"]}]}},"jetpack_sharing_enabled":true,"_links":{"self":[{"href":"https:\/\/madagascarnamakia.org\/fr\/wp-json\/wp\/v2\/pages\/957","targetHints":{"allow":["GET"]}}],"collection":[{"href":"https:\/\/madagascarnamakia.org\/fr\/wp-json\/wp\/v2\/pages"}],"about":[{"href":"https:\/\/madagascarnamakia.org\/fr\/wp-json\/wp\/v2\/types\/page"}],"author":[{"embeddable":true,"href":"https:\/\/madagascarnamakia.org\/fr\/wp-json\/wp\/v2\/users\/1"}],"replies":[{"embeddable":true,"href":"https:\/\/madagascarnamakia.org\/fr\/wp-json\/wp\/v2\/comments?post=957"}],"version-history":[{"count":4,"href":"https:\/\/madagascarnamakia.org\/fr\/wp-json\/wp\/v2\/pages\/957\/revisions"}],"predecessor-version":[{"id":1100,"href":"https:\/\/madagascarnamakia.org\/fr\/wp-json\/wp\/v2\/pages\/957\/revisions\/1100"}],"wp:attachment":[{"href":"https:\/\/madagascarnamakia.org\/fr\/wp-json\/wp\/v2\/media?parent=957"}],"curies":[{"name":"wp","href":"https:\/\/api.w.org\/{rel}","templated":true}]}}