{"id":739,"date":"2025-05-13T11:32:04","date_gmt":"2025-05-13T11:32:04","guid":{"rendered":"https:\/\/madagascarnamakia.org\/?page_id=739"},"modified":"2025-06-02T15:21:35","modified_gmt":"2025-06-02T15:21:35","slug":"financials","status":"publish","type":"page","link":"https:\/\/madagascarnamakia.org\/fr\/financials\/","title":{"rendered":"Rapport Financiers"},"content":{"rendered":"<figure class=\"is-style-rounded wp-block-image aligncenter size-full has-custom-border\"><img data-recalc-dims=\"1\" decoding=\"async\" width=\"1024\" height=\"768\" loading=\"lazy\" src=\"https:\/\/i0.wp.com\/madagascarnamakia.org\/wp-content\/uploads\/2025\/05\/PHOTO-2024-01-10-14-36-02.jpg?resize=1024%2C768&#038;ssl=1\" alt=\"\" class=\"has-border-color has-tertiary-border-color wp-image-742\" style=\"border-width:10px\" srcset=\"https:\/\/i0.wp.com\/madagascarnamakia.org\/wp-content\/uploads\/2025\/05\/PHOTO-2024-01-10-14-36-02.jpg?w=1024&amp;ssl=1 1024w, https:\/\/i0.wp.com\/madagascarnamakia.org\/wp-content\/uploads\/2025\/05\/PHOTO-2024-01-10-14-36-02.jpg?resize=300%2C225&amp;ssl=1 300w, https:\/\/i0.wp.com\/madagascarnamakia.org\/wp-content\/uploads\/2025\/05\/PHOTO-2024-01-10-14-36-02.jpg?resize=768%2C576&amp;ssl=1 768w, https:\/\/i0.wp.com\/madagascarnamakia.org\/wp-content\/uploads\/2025\/05\/PHOTO-2024-01-10-14-36-02.jpg?resize=16%2C12&amp;ssl=1 16w\" sizes=\"auto, (max-width: 1000px) 100vw, 1000px\" \/><\/figure>\n\n\n\n<div class=\"nfd-container nfd-p-lg nfd-wb-menu__menu-8 wp-block-group has-primary-color has-orchid-2-gradient-background has-text-color has-background has-link-color wp-elements-7b7f9fcf7e5a20f46f06400fc4aff3ed is-layout-constrained wp-block-group-is-layout-constrained\">\n<h2 class=\"nfd-text-contrast nfd-text-huge nfd-text-balance wp-block-heading has-text-align-center\">Rapport Financiers<\/h2>\n\n\n\n<div style=\"height:48px\" aria-hidden=\"true\" class=\"wp-block-spacer\"><\/div>\n\n\n\n<div class=\"nfd-gap-3xl wp-block-columns is-layout-flex wp-container-core-columns-is-layout-28f84493 wp-block-columns-is-layout-flex\">\n<div class=\"wp-block-column is-layout-flow wp-container-core-column-is-layout-5dafc681 wp-block-column-is-layout-flow\">\n<div class=\"wp-block-group is-layout-constrained wp-block-group-is-layout-constrained\">\n<div class=\"nfd-py-xs nfd-gap-md wp-block-group nfd-bg-effect-dots is-nowrap is-layout-flex wp-container-core-group-is-layout-cf8611ab wp-block-group-is-layout-flex\" style=\"border-top-width:3px;border-bottom-width:3px;padding-top:8px;padding-bottom:8px\">\n<h3 class=\"nfd-text-md nfd-text-contrast wp-block-heading\" style=\"text-transform:uppercase\">2024<\/h3>\n<\/div>\n\n\n\n<div class=\"nfd-gap-xs wp-block-group is-vertical is-content-justification-stretch is-layout-flex wp-container-core-group-is-layout-353c4f5a wp-block-group-is-layout-flex\">\n<ul class=\"wp-block-list\">\n<li class=\"\">Les d\u00e9penses (12 161 \u20ac) mobilisent 91 % des actions et les frais de fonctionnement 9 %. <\/li>\n\n\n\n<li class=\"\">Dans les actions,<strong> l\u2019\u00e9ducation constitue 82 % des d\u00e9penses et la sant\u00e9 18 %.<\/strong>. <\/li>\n\n\n\n<li class=\"\">Ces pourcentages sont plus \u00e9lev\u00e9s dans l'education par rapport \u00e0 2023. Les frais de fonctionnement s\u2019\u00e9l\u00e8vent \u00e0 1 111\u20ac et ont diminu\u00e9. <\/li>\n\n\n\n<li class=\"\">Il reste 3264 \u20ac que nous vous proposons de reporter sur l\u2019exercice 2025.<\/li>\n\n\n\n<li class=\"\"><strong>Documents complets ci-dessous:<\/strong><\/li>\n<\/ul>\n\n\n\n<div class=\"wp-block-columns is-layout-flex wp-container-core-columns-is-layout-28f84493 wp-block-columns-is-layout-flex\">\n<div class=\"wp-block-column is-layout-flow wp-block-column-is-layout-flow\">\n<div class=\"wp-block-file aligncenter\"><a id=\"wp-block-file--media-c5728d0d-24c7-43be-9807-873963bb04af\" href=\"https:\/\/madagascarnamakia.org\/wp-content\/uploads\/2025\/05\/Expense-Income2024-1.xlsx\">Anglais: Depenses-Ressources2024<\/a><a href=\"https:\/\/madagascarnamakia.org\/wp-content\/uploads\/2025\/05\/Expense-Income2024-1.xlsx\" class=\"wp-block-file__button wp-element-button\" download aria-describedby=\"wp-block-file--media-c5728d0d-24c7-43be-9807-873963bb04af\">Sauvegarder<\/a><\/div>\n<\/div>\n\n\n\n<div class=\"wp-block-column is-layout-flow wp-block-column-is-layout-flow\">\n<div class=\"wp-block-file aligncenter\"><a id=\"wp-block-file--media-dc07884e-c2c9-4af8-851a-cdd92ce9b5b4\" href=\"https:\/\/madagascarnamakia.org\/wp-content\/uploads\/2025\/05\/AG-Ressources_Depenses-24.xlsx\">Fran\u00e7ais: AG Ressources_Depenses 24<\/a><a href=\"https:\/\/madagascarnamakia.org\/wp-content\/uploads\/2025\/05\/AG-Ressources_Depenses-24.xlsx\" class=\"wp-block-file__button wp-element-button\" download aria-describedby=\"wp-block-file--media-dc07884e-c2c9-4af8-851a-cdd92ce9b5b4\">Sauvegarder<\/a><\/div>\n<\/div>\n<\/div>\n<\/div>\n<\/div>\n\n\n\n<div class=\"wp-block-group is-layout-constrained wp-block-group-is-layout-constrained\">\n<div class=\"nfd-py-xs nfd-gap-md wp-block-group nfd-bg-effect-dots is-nowrap is-layout-flex wp-container-core-group-is-layout-cf8611ab wp-block-group-is-layout-flex\" style=\"border-top-width:3px;border-bottom-width:3px;padding-top:8px;padding-bottom:8px\">\n<h3 class=\"nfd-text-md nfd-text-contrast wp-block-heading\" style=\"text-transform:uppercase\">2023<\/h3>\n<\/div>\n\n\n\n<div class=\"nfd-gap-xs wp-block-group is-vertical is-content-justification-stretch is-layout-flex wp-container-core-group-is-layout-353c4f5a wp-block-group-is-layout-flex\">\n<ul class=\"wp-block-list\">\n<li class=\"\">La priorit\u00e9 pour nous \u00e9tait de rembourser le pr\u00eat exceptionnel (5 000 \u20ac) utiliser pour\nfinancer les fournitures scolaires des \u00e9l\u00e8ves du secondaire. <\/li>\n\n\n\n<li class=\"\">Les actions (14 159 \u20ac) mobilisent 94 % des d\u00e9penses et les frais de fonctionnement 6 %. <\/li>\n\n\n\n<li class=\"\">Dans les actions, <strong>l\u2019\u00e9ducation constitue 72 % des d\u00e9penses et la sant\u00e9 28 %.<\/strong> Ces pourcentages sont identiques \u00e0 ceux de 2022. <\/li>\n\n\n\n<li class=\"\">Les frais de fonctionnement s\u2019\u00e9l\u00e8vent \u00e0 1 175 \u20ac et ont augment\u00e9 en valeur absolue. Ceci\ns\u2019explique par l\u2019achat d\u2019un t\u00e9l\u00e9phone portable afin de maintenir l\u2019\u00e9quipement n\u00e9cessaire\nau travail \u00e0 Namakia et des frais financiers \u00e0 Paris.<\/li>\n\n\n\n<li class=\"\">Il reste 1050 \u20ac que nous vous proposons de reporter sur l\u2019exercice 2024.<\/li>\n<\/ul>\n<\/div>\n<\/div>\n\n\n\n<div class=\"wp-block-group is-layout-constrained wp-block-group-is-layout-constrained\">\n<div class=\"nfd-py-xs nfd-gap-md wp-block-group nfd-bg-effect-dots is-nowrap is-layout-flex wp-container-core-group-is-layout-cf8611ab wp-block-group-is-layout-flex\" style=\"border-top-width:3px;border-bottom-width:3px;padding-top:8px;padding-bottom:8px\">\n<h3 class=\"nfd-text-md nfd-text-contrast wp-block-heading\" style=\"text-transform:uppercase\">2022<\/h3>\n<\/div>\n\n\n\n<div class=\"nfd-gap-xs wp-block-group is-vertical is-content-justification-stretch is-layout-flex wp-container-core-group-is-layout-353c4f5a wp-block-group-is-layout-flex\">\n<ul class=\"wp-block-list\">\n<li class=\"\">Les projets (6 441 \u20ac) repr\u00e9sentent 89 % des d\u00e9penses et les frais de fonctionnement 11 %.<\/li>\n\n\n\n<li class=\"\">Dans les actions, <strong>l\u2019\u00e9ducation constitue 73 % des d\u00e9penses et la sant\u00e9 27 %.<\/strong><\/li>\n\n\n\n<li class=\"\">Les frais de fonctionnement ont notablement baiss\u00e9 en valeur absolue : 815 \u20ac en 2022 pour 2 047 \u20ac en 2021.<\/li>\n\n\n\n<li class=\"\">Ceci s\u2019explique par la baisse des deux lignes financi\u00e8res importantes : les frais de d\u00e9placement \u00e0 Namakia et les frais financiers \u00e0 Paris.<\/li>\n\n\n\n<li class=\"\">Il y a eu un seul voyage \u00e0 Majunga alors qu\u2019il y en a eu deux en 2021 et avec le transport de mat\u00e9riel plus important. <\/li>\n\n\n\n<li class=\"\">A negotiation regarding financial transfers with the treasurer&#8217;s bank has allowed us to eliminate them. We are currently examining proposals from other banks.<\/li>\n\n\n\n<li class=\"\">Il reste 3 463 \u20ac que nous vous proposons de reporter sur l\u2019exercice 2023.<\/li>\n<\/ul>\n<\/div>\n<\/div>\n<\/div>\n<\/div>\n<\/div>","protected":false},"excerpt":{"rendered":"<p>Financial Statements Summary 2024 2023 2022<\/p>","protected":false},"author":1,"featured_media":0,"parent":0,"menu_order":0,"comment_status":"closed","ping_status":"closed","template":"","meta":{"nf_dc_page":"","om_disable_all_campaigns":false,"_monsterinsights_skip_tracking":false,"_monsterinsights_sitenote_active":false,"_monsterinsights_sitenote_note":"","_monsterinsights_sitenote_category":0,"footnotes":""},"class_list":["post-739","page","type-page","status-publish","hentry"],"yoast_head":"<!-- This site is optimized with the Yoast SEO plugin v27.4 - https:\/\/yoast.com\/product\/yoast-seo-wordpress\/ -->\n<title>Financial Statements Summary - Agir Pour Namakia<\/title>\n<meta name=\"robots\" content=\"index, follow, max-snippet:-1, max-image-preview:large, max-video-preview:-1\" \/>\n<link rel=\"canonical\" href=\"https:\/\/madagascarnamakia.org\/fr\/financials\/\" \/>\n<meta property=\"og:locale\" content=\"fr_FR\" \/>\n<meta property=\"og:type\" content=\"article\" \/>\n<meta property=\"og:title\" content=\"Financial Statements Summary - Agir Pour Namakia\" \/>\n<meta property=\"og:description\" content=\"Financial Statements Summary 2024 2023 2022\" \/>\n<meta property=\"og:url\" content=\"https:\/\/madagascarnamakia.org\/fr\/financials\/\" \/>\n<meta property=\"og:site_name\" content=\"Agir Pour Namakia\" \/>\n<meta property=\"article:publisher\" content=\"https:\/\/www.facebook.com\/AgirPourNamakia\" \/>\n<meta property=\"article:modified_time\" content=\"2025-06-02T15:21:35+00:00\" \/>\n<meta property=\"og:image\" content=\"https:\/\/madagascarnamakia.org\/wp-content\/uploads\/2025\/05\/PHOTO-2024-01-10-14-36-02.jpg\" \/>\n<meta name=\"twitter:card\" content=\"summary_large_image\" \/>\n<meta name=\"twitter:label1\" content=\"Dur\u00e9e de lecture estim\u00e9e\" \/>\n\t<meta name=\"twitter:data1\" content=\"2 minutes\" \/>\n<script type=\"application\/ld+json\" class=\"yoast-schema-graph\">{\"@context\":\"https:\\\/\\\/schema.org\",\"@graph\":[{\"@type\":\"WebPage\",\"@id\":\"https:\\\/\\\/madagascarnamakia.org\\\/financials\\\/\",\"url\":\"https:\\\/\\\/madagascarnamakia.org\\\/financials\\\/\",\"name\":\"Financial Statements Summary - Agir Pour Namakia\",\"isPartOf\":{\"@id\":\"https:\\\/\\\/madagascarnamakia.org\\\/#website\"},\"primaryImageOfPage\":{\"@id\":\"https:\\\/\\\/madagascarnamakia.org\\\/financials\\\/#primaryimage\"},\"image\":{\"@id\":\"https:\\\/\\\/madagascarnamakia.org\\\/financials\\\/#primaryimage\"},\"thumbnailUrl\":\"https:\\\/\\\/madagascarnamakia.org\\\/wp-content\\\/uploads\\\/2025\\\/05\\\/PHOTO-2024-01-10-14-36-02.jpg\",\"datePublished\":\"2025-05-13T11:32:04+00:00\",\"dateModified\":\"2025-06-02T15:21:35+00:00\",\"breadcrumb\":{\"@id\":\"https:\\\/\\\/madagascarnamakia.org\\\/financials\\\/#breadcrumb\"},\"inLanguage\":\"fr-FR\",\"potentialAction\":[{\"@type\":\"ReadAction\",\"target\":[\"https:\\\/\\\/madagascarnamakia.org\\\/financials\\\/\"]}]},{\"@type\":\"ImageObject\",\"inLanguage\":\"fr-FR\",\"@id\":\"https:\\\/\\\/madagascarnamakia.org\\\/financials\\\/#primaryimage\",\"url\":\"https:\\\/\\\/madagascarnamakia.org\\\/wp-content\\\/uploads\\\/2025\\\/05\\\/PHOTO-2024-01-10-14-36-02.jpg\",\"contentUrl\":\"https:\\\/\\\/madagascarnamakia.org\\\/wp-content\\\/uploads\\\/2025\\\/05\\\/PHOTO-2024-01-10-14-36-02.jpg\"},{\"@type\":\"BreadcrumbList\",\"@id\":\"https:\\\/\\\/madagascarnamakia.org\\\/financials\\\/#breadcrumb\",\"itemListElement\":[{\"@type\":\"ListItem\",\"position\":1,\"name\":\"Home\",\"item\":\"https:\\\/\\\/madagascarnamakia.org\\\/\"},{\"@type\":\"ListItem\",\"position\":2,\"name\":\"Financial Statements Summary\"}]},{\"@type\":\"WebSite\",\"@id\":\"https:\\\/\\\/madagascarnamakia.org\\\/#website\",\"url\":\"https:\\\/\\\/madagascarnamakia.org\\\/\",\"name\":\"Agir Pour Namakia\",\"description\":\"Tagline\",\"publisher\":{\"@id\":\"https:\\\/\\\/madagascarnamakia.org\\\/#organization\"},\"potentialAction\":[{\"@type\":\"SearchAction\",\"target\":{\"@type\":\"EntryPoint\",\"urlTemplate\":\"https:\\\/\\\/madagascarnamakia.org\\\/?s={search_term_string}\"},\"query-input\":{\"@type\":\"PropertyValueSpecification\",\"valueRequired\":true,\"valueName\":\"search_term_string\"}}],\"inLanguage\":\"fr-FR\"},{\"@type\":\"Organization\",\"@id\":\"https:\\\/\\\/madagascarnamakia.org\\\/#organization\",\"name\":\"Agir Pour Namakia\",\"url\":\"https:\\\/\\\/madagascarnamakia.org\\\/\",\"logo\":{\"@type\":\"ImageObject\",\"inLanguage\":\"fr-FR\",\"@id\":\"https:\\\/\\\/madagascarnamakia.org\\\/#\\\/schema\\\/logo\\\/image\\\/\",\"url\":\"https:\\\/\\\/i0.wp.com\\\/madagascarnamakia.org\\\/wp-content\\\/uploads\\\/2025\\\/04\\\/Logo.jpg?fit=730%2C730&ssl=1\",\"contentUrl\":\"https:\\\/\\\/i0.wp.com\\\/madagascarnamakia.org\\\/wp-content\\\/uploads\\\/2025\\\/04\\\/Logo.jpg?fit=730%2C730&ssl=1\",\"width\":730,\"height\":730,\"caption\":\"Agir Pour Namakia\"},\"image\":{\"@id\":\"https:\\\/\\\/madagascarnamakia.org\\\/#\\\/schema\\\/logo\\\/image\\\/\"},\"sameAs\":[\"https:\\\/\\\/www.facebook.com\\\/AgirPourNamakia\"]}]}<\/script>\n<!-- \/ Yoast SEO plugin. -->","yoast_head_json":{"title":"Financial Statements Summary - Agir Pour Namakia","robots":{"index":"index","follow":"follow","max-snippet":"max-snippet:-1","max-image-preview":"max-image-preview:large","max-video-preview":"max-video-preview:-1"},"canonical":"https:\/\/madagascarnamakia.org\/fr\/financials\/","og_locale":"fr_FR","og_type":"article","og_title":"Financial Statements Summary - Agir Pour Namakia","og_description":"Financial Statements Summary 2024 2023 2022","og_url":"https:\/\/madagascarnamakia.org\/fr\/financials\/","og_site_name":"Agir Pour Namakia","article_publisher":"https:\/\/www.facebook.com\/AgirPourNamakia","article_modified_time":"2025-06-02T15:21:35+00:00","og_image":[{"url":"https:\/\/madagascarnamakia.org\/wp-content\/uploads\/2025\/05\/PHOTO-2024-01-10-14-36-02.jpg","type":"","width":"","height":""}],"twitter_card":"summary_large_image","twitter_misc":{"Dur\u00e9e de lecture estim\u00e9e":"2 minutes"},"schema":{"@context":"https:\/\/schema.org","@graph":[{"@type":"WebPage","@id":"https:\/\/madagascarnamakia.org\/financials\/","url":"https:\/\/madagascarnamakia.org\/financials\/","name":"Financial Statements Summary - Agir Pour Namakia","isPartOf":{"@id":"https:\/\/madagascarnamakia.org\/#website"},"primaryImageOfPage":{"@id":"https:\/\/madagascarnamakia.org\/financials\/#primaryimage"},"image":{"@id":"https:\/\/madagascarnamakia.org\/financials\/#primaryimage"},"thumbnailUrl":"https:\/\/madagascarnamakia.org\/wp-content\/uploads\/2025\/05\/PHOTO-2024-01-10-14-36-02.jpg","datePublished":"2025-05-13T11:32:04+00:00","dateModified":"2025-06-02T15:21:35+00:00","breadcrumb":{"@id":"https:\/\/madagascarnamakia.org\/financials\/#breadcrumb"},"inLanguage":"fr-FR","potentialAction":[{"@type":"ReadAction","target":["https:\/\/madagascarnamakia.org\/financials\/"]}]},{"@type":"ImageObject","inLanguage":"fr-FR","@id":"https:\/\/madagascarnamakia.org\/financials\/#primaryimage","url":"https:\/\/madagascarnamakia.org\/wp-content\/uploads\/2025\/05\/PHOTO-2024-01-10-14-36-02.jpg","contentUrl":"https:\/\/madagascarnamakia.org\/wp-content\/uploads\/2025\/05\/PHOTO-2024-01-10-14-36-02.jpg"},{"@type":"BreadcrumbList","@id":"https:\/\/madagascarnamakia.org\/financials\/#breadcrumb","itemListElement":[{"@type":"ListItem","position":1,"name":"Home","item":"https:\/\/madagascarnamakia.org\/"},{"@type":"ListItem","position":2,"name":"Financial Statements Summary"}]},{"@type":"WebSite","@id":"https:\/\/madagascarnamakia.org\/#website","url":"https:\/\/madagascarnamakia.org\/","name":"Agir Pour Namakia","description":"Tagline","publisher":{"@id":"https:\/\/madagascarnamakia.org\/#organization"},"potentialAction":[{"@type":"SearchAction","target":{"@type":"EntryPoint","urlTemplate":"https:\/\/madagascarnamakia.org\/?s={search_term_string}"},"query-input":{"@type":"PropertyValueSpecification","valueRequired":true,"valueName":"search_term_string"}}],"inLanguage":"fr-FR"},{"@type":"Organization","@id":"https:\/\/madagascarnamakia.org\/#organization","name":"Agir Pour Namakia","url":"https:\/\/madagascarnamakia.org\/","logo":{"@type":"ImageObject","inLanguage":"fr-FR","@id":"https:\/\/madagascarnamakia.org\/#\/schema\/logo\/image\/","url":"https:\/\/i0.wp.com\/madagascarnamakia.org\/wp-content\/uploads\/2025\/04\/Logo.jpg?fit=730%2C730&ssl=1","contentUrl":"https:\/\/i0.wp.com\/madagascarnamakia.org\/wp-content\/uploads\/2025\/04\/Logo.jpg?fit=730%2C730&ssl=1","width":730,"height":730,"caption":"Agir Pour Namakia"},"image":{"@id":"https:\/\/madagascarnamakia.org\/#\/schema\/logo\/image\/"},"sameAs":["https:\/\/www.facebook.com\/AgirPourNamakia"]}]}},"jetpack_sharing_enabled":true,"_links":{"self":[{"href":"https:\/\/madagascarnamakia.org\/fr\/wp-json\/wp\/v2\/pages\/739","targetHints":{"allow":["GET"]}}],"collection":[{"href":"https:\/\/madagascarnamakia.org\/fr\/wp-json\/wp\/v2\/pages"}],"about":[{"href":"https:\/\/madagascarnamakia.org\/fr\/wp-json\/wp\/v2\/types\/page"}],"author":[{"embeddable":true,"href":"https:\/\/madagascarnamakia.org\/fr\/wp-json\/wp\/v2\/users\/1"}],"replies":[{"embeddable":true,"href":"https:\/\/madagascarnamakia.org\/fr\/wp-json\/wp\/v2\/comments?post=739"}],"version-history":[{"count":5,"href":"https:\/\/madagascarnamakia.org\/fr\/wp-json\/wp\/v2\/pages\/739\/revisions"}],"predecessor-version":[{"id":1118,"href":"https:\/\/madagascarnamakia.org\/fr\/wp-json\/wp\/v2\/pages\/739\/revisions\/1118"}],"wp:attachment":[{"href":"https:\/\/madagascarnamakia.org\/fr\/wp-json\/wp\/v2\/media?parent=739"}],"curies":[{"name":"wp","href":"https:\/\/api.w.org\/{rel}","templated":true}]}}