{"id":466,"date":"2025-05-06T18:45:28","date_gmt":"2025-05-06T18:45:28","guid":{"rendered":"https:\/\/madagascarnamakia.org\/?page_id=466"},"modified":"2025-05-11T02:21:53","modified_gmt":"2025-05-11T02:21:53","slug":"medical","status":"publish","type":"page","link":"https:\/\/madagascarnamakia.org\/fr\/medical\/","title":{"rendered":"Cabinet Medical"},"content":{"rendered":"<div class=\"is-style-default wp-block-cover aligncenter has-border-color has-tertiary-border-color wp-duotone-unset-1\" style=\"border-width:10px;border-radius:200px\"><img data-recalc-dims=\"1\" decoding=\"async\" width=\"960\" height=\"540\" loading=\"lazy\" class=\"wp-block-cover__image-background wp-image-508\" alt=\"\" src=\"https:\/\/i0.wp.com\/madagascarnamakia.org\/wp-content\/uploads\/2025\/05\/Remerciements-des-enfants.webp?resize=960%2C540&#038;ssl=1\" data-object-fit=\"cover\" srcset=\"https:\/\/i0.wp.com\/madagascarnamakia.org\/wp-content\/uploads\/2025\/05\/Remerciements-des-enfants.webp?w=960&amp;ssl=1 960w, https:\/\/i0.wp.com\/madagascarnamakia.org\/wp-content\/uploads\/2025\/05\/Remerciements-des-enfants.webp?resize=300%2C169&amp;ssl=1 300w, https:\/\/i0.wp.com\/madagascarnamakia.org\/wp-content\/uploads\/2025\/05\/Remerciements-des-enfants.webp?resize=768%2C432&amp;ssl=1 768w, https:\/\/i0.wp.com\/madagascarnamakia.org\/wp-content\/uploads\/2025\/05\/Remerciements-des-enfants.webp?resize=18%2C10&amp;ssl=1 18w\" sizes=\"auto, (max-width: 960px) 100vw, 960px\" \/><span aria-hidden=\"true\" class=\"wp-block-cover__background has-background-dim-10 has-background-dim\"><\/span><div class=\"wp-block-cover__inner-container is-layout-flow wp-block-cover-is-layout-flow\">\n<p class=\"has-text-align-center has-large-font-size\"><\/p>\n<\/div><\/div>\n\n\n\n<p class=\"has-primary-color has-orchid-2-gradient-background has-text-color has-background has-link-color wp-elements-1ff43a484d117cc681f05540559b2f26\"><strong>Sensibilisation de soins dentaires<br><\/strong>Au sein des \u00e9coles, en coop\u00e9ration avec le cabinet dentaire de Namakia, des brosses \u00e0 dents ont \u00e9t\u00e9 distribu\u00e9es aux enfants. Des instructions sur l'utilit\u00e9 des soins dentaires ont \u00e9galement \u00e9t\u00e9 dispens\u00e9es.<\/p>\n\n\n\n<div class=\"wp-block-jetpack-slideshow aligncenter\" data-effect=\"fade\"><div class=\"wp-block-jetpack-slideshow_container swiper-container\"><ul class=\"wp-block-jetpack-slideshow_swiper-wrapper swiper-wrapper\"><li class=\"wp-block-jetpack-slideshow_slide swiper-slide\"><figure><img data-recalc-dims=\"1\" decoding=\"async\" width=\"1024\" height=\"768\" loading=\"lazy\" alt=\"\" class=\"wp-block-jetpack-slideshow_image wp-image-755\" data-id=\"755\" src=\"https:\/\/i0.wp.com\/madagascarnamakia.org\/wp-content\/uploads\/2025\/05\/f59f99ad-04df-4483-aa32-9725ea007337-1.jpg?resize=1024%2C768&#038;ssl=1\" srcset=\"https:\/\/i0.wp.com\/madagascarnamakia.org\/wp-content\/uploads\/2025\/05\/f59f99ad-04df-4483-aa32-9725ea007337-1.jpg?resize=1024%2C768&amp;ssl=1 1024w, https:\/\/i0.wp.com\/madagascarnamakia.org\/wp-content\/uploads\/2025\/05\/f59f99ad-04df-4483-aa32-9725ea007337-1.jpg?resize=300%2C225&amp;ssl=1 300w, https:\/\/i0.wp.com\/madagascarnamakia.org\/wp-content\/uploads\/2025\/05\/f59f99ad-04df-4483-aa32-9725ea007337-1.jpg?resize=768%2C576&amp;ssl=1 768w, https:\/\/i0.wp.com\/madagascarnamakia.org\/wp-content\/uploads\/2025\/05\/f59f99ad-04df-4483-aa32-9725ea007337-1.jpg?resize=16%2C12&amp;ssl=1 16w, https:\/\/i0.wp.com\/madagascarnamakia.org\/wp-content\/uploads\/2025\/05\/f59f99ad-04df-4483-aa32-9725ea007337-1.jpg?w=1040&amp;ssl=1 1040w\" sizes=\"(max-width: 1000px) 100vw, 1000px\" \/><\/figure><\/li><li class=\"wp-block-jetpack-slideshow_slide swiper-slide\"><figure><img data-recalc-dims=\"1\" decoding=\"async\" width=\"768\" height=\"1024\" loading=\"lazy\" alt=\"\" class=\"wp-block-jetpack-slideshow_image wp-image-753\" data-id=\"753\" src=\"https:\/\/i0.wp.com\/madagascarnamakia.org\/wp-content\/uploads\/2025\/05\/0a5d7dec-692d-494a-8499-003b4f8d03dd-1.jpg?resize=768%2C1024&#038;ssl=1\" srcset=\"https:\/\/i0.wp.com\/madagascarnamakia.org\/wp-content\/uploads\/2025\/05\/0a5d7dec-692d-494a-8499-003b4f8d03dd-1.jpg?resize=768%2C1024&amp;ssl=1 768w, https:\/\/i0.wp.com\/madagascarnamakia.org\/wp-content\/uploads\/2025\/05\/0a5d7dec-692d-494a-8499-003b4f8d03dd-1.jpg?resize=225%2C300&amp;ssl=1 225w, https:\/\/i0.wp.com\/madagascarnamakia.org\/wp-content\/uploads\/2025\/05\/0a5d7dec-692d-494a-8499-003b4f8d03dd-1.jpg?resize=9%2C12&amp;ssl=1 9w, https:\/\/i0.wp.com\/madagascarnamakia.org\/wp-content\/uploads\/2025\/05\/0a5d7dec-692d-494a-8499-003b4f8d03dd-1.jpg?w=780&amp;ssl=1 780w\" sizes=\"(max-width: 768px) 100vw, 768px\" \/><\/figure><\/li><li class=\"wp-block-jetpack-slideshow_slide swiper-slide\"><figure><img data-recalc-dims=\"1\" decoding=\"async\" width=\"768\" height=\"1024\" loading=\"lazy\" alt=\"\" class=\"wp-block-jetpack-slideshow_image wp-image-750\" data-id=\"750\" src=\"https:\/\/i0.wp.com\/madagascarnamakia.org\/wp-content\/uploads\/2025\/05\/2e430268-1553-41eb-b1d7-7a50c4e81673-1.jpg?resize=768%2C1024&#038;ssl=1\" srcset=\"https:\/\/i0.wp.com\/madagascarnamakia.org\/wp-content\/uploads\/2025\/05\/2e430268-1553-41eb-b1d7-7a50c4e81673-1.jpg?resize=768%2C1024&amp;ssl=1 768w, https:\/\/i0.wp.com\/madagascarnamakia.org\/wp-content\/uploads\/2025\/05\/2e430268-1553-41eb-b1d7-7a50c4e81673-1.jpg?resize=225%2C300&amp;ssl=1 225w, https:\/\/i0.wp.com\/madagascarnamakia.org\/wp-content\/uploads\/2025\/05\/2e430268-1553-41eb-b1d7-7a50c4e81673-1.jpg?resize=9%2C12&amp;ssl=1 9w, https:\/\/i0.wp.com\/madagascarnamakia.org\/wp-content\/uploads\/2025\/05\/2e430268-1553-41eb-b1d7-7a50c4e81673-1.jpg?w=780&amp;ssl=1 780w\" sizes=\"(max-width: 768px) 100vw, 768px\" \/><\/figure><\/li><li class=\"wp-block-jetpack-slideshow_slide swiper-slide\"><figure><img data-recalc-dims=\"1\" decoding=\"async\" width=\"768\" height=\"1024\" loading=\"lazy\" alt=\"\" class=\"wp-block-jetpack-slideshow_image wp-image-756\" data-id=\"756\" src=\"https:\/\/i0.wp.com\/madagascarnamakia.org\/wp-content\/uploads\/2025\/05\/61ecf784-8fec-4227-b4ad-22ecae5463fa-1.jpg?resize=768%2C1024&#038;ssl=1\" srcset=\"https:\/\/i0.wp.com\/madagascarnamakia.org\/wp-content\/uploads\/2025\/05\/61ecf784-8fec-4227-b4ad-22ecae5463fa-1.jpg?resize=768%2C1024&amp;ssl=1 768w, https:\/\/i0.wp.com\/madagascarnamakia.org\/wp-content\/uploads\/2025\/05\/61ecf784-8fec-4227-b4ad-22ecae5463fa-1.jpg?resize=225%2C300&amp;ssl=1 225w, https:\/\/i0.wp.com\/madagascarnamakia.org\/wp-content\/uploads\/2025\/05\/61ecf784-8fec-4227-b4ad-22ecae5463fa-1.jpg?resize=9%2C12&amp;ssl=1 9w, https:\/\/i0.wp.com\/madagascarnamakia.org\/wp-content\/uploads\/2025\/05\/61ecf784-8fec-4227-b4ad-22ecae5463fa-1.jpg?w=780&amp;ssl=1 780w\" sizes=\"(max-width: 768px) 100vw, 768px\" \/><\/figure><\/li><li class=\"wp-block-jetpack-slideshow_slide swiper-slide\"><figure><img data-recalc-dims=\"1\" decoding=\"async\" width=\"768\" height=\"1024\" loading=\"lazy\" alt=\"\" class=\"wp-block-jetpack-slideshow_image wp-image-751\" data-id=\"751\" src=\"https:\/\/i0.wp.com\/madagascarnamakia.org\/wp-content\/uploads\/2025\/05\/65b711d5-2c8a-4d43-aef2-8207b0348c9a-1.jpg?resize=768%2C1024&#038;ssl=1\" srcset=\"https:\/\/i0.wp.com\/madagascarnamakia.org\/wp-content\/uploads\/2025\/05\/65b711d5-2c8a-4d43-aef2-8207b0348c9a-1.jpg?resize=768%2C1024&amp;ssl=1 768w, https:\/\/i0.wp.com\/madagascarnamakia.org\/wp-content\/uploads\/2025\/05\/65b711d5-2c8a-4d43-aef2-8207b0348c9a-1.jpg?resize=225%2C300&amp;ssl=1 225w, https:\/\/i0.wp.com\/madagascarnamakia.org\/wp-content\/uploads\/2025\/05\/65b711d5-2c8a-4d43-aef2-8207b0348c9a-1.jpg?resize=9%2C12&amp;ssl=1 9w, https:\/\/i0.wp.com\/madagascarnamakia.org\/wp-content\/uploads\/2025\/05\/65b711d5-2c8a-4d43-aef2-8207b0348c9a-1.jpg?w=780&amp;ssl=1 780w\" sizes=\"(max-width: 768px) 100vw, 768px\" \/><\/figure><\/li><li class=\"wp-block-jetpack-slideshow_slide swiper-slide\"><figure><img data-recalc-dims=\"1\" decoding=\"async\" width=\"768\" height=\"1024\" loading=\"lazy\" alt=\"\" class=\"wp-block-jetpack-slideshow_image wp-image-754\" data-id=\"754\" src=\"https:\/\/i0.wp.com\/madagascarnamakia.org\/wp-content\/uploads\/2025\/05\/299ce33d-5316-435d-8648-60afedcb157d-1.jpg?resize=768%2C1024&#038;ssl=1\" srcset=\"https:\/\/i0.wp.com\/madagascarnamakia.org\/wp-content\/uploads\/2025\/05\/299ce33d-5316-435d-8648-60afedcb157d-1.jpg?resize=768%2C1024&amp;ssl=1 768w, https:\/\/i0.wp.com\/madagascarnamakia.org\/wp-content\/uploads\/2025\/05\/299ce33d-5316-435d-8648-60afedcb157d-1.jpg?resize=225%2C300&amp;ssl=1 225w, https:\/\/i0.wp.com\/madagascarnamakia.org\/wp-content\/uploads\/2025\/05\/299ce33d-5316-435d-8648-60afedcb157d-1.jpg?resize=9%2C12&amp;ssl=1 9w, https:\/\/i0.wp.com\/madagascarnamakia.org\/wp-content\/uploads\/2025\/05\/299ce33d-5316-435d-8648-60afedcb157d-1.jpg?w=780&amp;ssl=1 780w\" sizes=\"(max-width: 768px) 100vw, 768px\" \/><\/figure><\/li><li class=\"wp-block-jetpack-slideshow_slide swiper-slide\"><figure><img data-recalc-dims=\"1\" decoding=\"async\" width=\"1024\" height=\"768\" loading=\"lazy\" alt=\"\" class=\"wp-block-jetpack-slideshow_image wp-image-758\" data-id=\"758\" src=\"https:\/\/i0.wp.com\/madagascarnamakia.org\/wp-content\/uploads\/2025\/05\/899b71fa-f1f2-4593-b93d-070dd4595fd7-1.jpg?resize=1024%2C768&#038;ssl=1\" srcset=\"https:\/\/i0.wp.com\/madagascarnamakia.org\/wp-content\/uploads\/2025\/05\/899b71fa-f1f2-4593-b93d-070dd4595fd7-1.jpg?resize=1024%2C768&amp;ssl=1 1024w, https:\/\/i0.wp.com\/madagascarnamakia.org\/wp-content\/uploads\/2025\/05\/899b71fa-f1f2-4593-b93d-070dd4595fd7-1.jpg?resize=300%2C225&amp;ssl=1 300w, https:\/\/i0.wp.com\/madagascarnamakia.org\/wp-content\/uploads\/2025\/05\/899b71fa-f1f2-4593-b93d-070dd4595fd7-1.jpg?resize=768%2C576&amp;ssl=1 768w, https:\/\/i0.wp.com\/madagascarnamakia.org\/wp-content\/uploads\/2025\/05\/899b71fa-f1f2-4593-b93d-070dd4595fd7-1.jpg?resize=16%2C12&amp;ssl=1 16w, https:\/\/i0.wp.com\/madagascarnamakia.org\/wp-content\/uploads\/2025\/05\/899b71fa-f1f2-4593-b93d-070dd4595fd7-1.jpg?w=1040&amp;ssl=1 1040w\" sizes=\"(max-width: 1000px) 100vw, 1000px\" \/><\/figure><\/li><li class=\"wp-block-jetpack-slideshow_slide swiper-slide\"><figure><img data-recalc-dims=\"1\" decoding=\"async\" width=\"1024\" height=\"768\" loading=\"lazy\" alt=\"\" class=\"wp-block-jetpack-slideshow_image wp-image-752\" data-id=\"752\" src=\"https:\/\/i0.wp.com\/madagascarnamakia.org\/wp-content\/uploads\/2025\/05\/c607ed45-cb4d-4a06-b0b7-da0a3e436bdf-1.jpg?resize=1024%2C768&#038;ssl=1\" srcset=\"https:\/\/i0.wp.com\/madagascarnamakia.org\/wp-content\/uploads\/2025\/05\/c607ed45-cb4d-4a06-b0b7-da0a3e436bdf-1.jpg?resize=1024%2C768&amp;ssl=1 1024w, https:\/\/i0.wp.com\/madagascarnamakia.org\/wp-content\/uploads\/2025\/05\/c607ed45-cb4d-4a06-b0b7-da0a3e436bdf-1.jpg?resize=300%2C225&amp;ssl=1 300w, https:\/\/i0.wp.com\/madagascarnamakia.org\/wp-content\/uploads\/2025\/05\/c607ed45-cb4d-4a06-b0b7-da0a3e436bdf-1.jpg?resize=768%2C576&amp;ssl=1 768w, https:\/\/i0.wp.com\/madagascarnamakia.org\/wp-content\/uploads\/2025\/05\/c607ed45-cb4d-4a06-b0b7-da0a3e436bdf-1.jpg?resize=16%2C12&amp;ssl=1 16w, https:\/\/i0.wp.com\/madagascarnamakia.org\/wp-content\/uploads\/2025\/05\/c607ed45-cb4d-4a06-b0b7-da0a3e436bdf-1.jpg?w=1040&amp;ssl=1 1040w\" sizes=\"(max-width: 1000px) 100vw, 1000px\" \/><\/figure><\/li><\/ul><a class=\"wp-block-jetpack-slideshow_button-prev swiper-button-prev swiper-button-white\" role=\"button\"><\/a><a class=\"wp-block-jetpack-slideshow_button-next swiper-button-next swiper-button-white\" role=\"button\"><\/a><a aria-label=\"Pause Slideshow\" class=\"wp-block-jetpack-slideshow_button-pause\" role=\"button\"><\/a><div class=\"wp-block-jetpack-slideshow_pagination swiper-pagination swiper-pagination-white\"><\/div><\/div><\/div>\n\n\n\n<figure class=\"wp-block-video\"><video height=\"850\" style=\"aspect-ratio: 478 \/ 850;\" width=\"478\" controls src=\"https:\/\/madagascarnamakia.org\/wp-content\/uploads\/2025\/05\/Le-plaisir-de-savoir-brosser-les-dents-et-cracher-parterre-hi-hi-hi-cest-du-sable-parterre-1-1.mp4\"><\/video><\/figure>\n\n\n\n<p class=\"has-primary-color has-orchid-2-gradient-background has-text-color has-background has-link-color wp-elements-e257f146606bf40f575f48ac1c3a699d\"><strong>Achats medicaux grace a vos donations<\/strong><\/p>\n\n\n\n<div class=\"wp-block-jetpack-slideshow\" data-effect=\"fade\"><div class=\"wp-block-jetpack-slideshow_container swiper-container\"><ul class=\"wp-block-jetpack-slideshow_swiper-wrapper swiper-wrapper\"><li class=\"wp-block-jetpack-slideshow_slide swiper-slide\"><figure><img data-recalc-dims=\"1\" decoding=\"async\" width=\"842\" height=\"1024\" loading=\"lazy\" alt=\"\" class=\"wp-block-jetpack-slideshow_image wp-image-778\" data-id=\"778\" src=\"https:\/\/i0.wp.com\/madagascarnamakia.org\/wp-content\/uploads\/2025\/05\/PHOTO-2024-02-24-08-14-09-1-5.jpg?resize=842%2C1024&#038;ssl=1\" srcset=\"https:\/\/i0.wp.com\/madagascarnamakia.org\/wp-content\/uploads\/2025\/05\/PHOTO-2024-02-24-08-14-09-1-5.jpg?resize=842%2C1024&amp;ssl=1 842w, https:\/\/i0.wp.com\/madagascarnamakia.org\/wp-content\/uploads\/2025\/05\/PHOTO-2024-02-24-08-14-09-1-5.jpg?resize=247%2C300&amp;ssl=1 247w, https:\/\/i0.wp.com\/madagascarnamakia.org\/wp-content\/uploads\/2025\/05\/PHOTO-2024-02-24-08-14-09-1-5.jpg?resize=768%2C934&amp;ssl=1 768w, https:\/\/i0.wp.com\/madagascarnamakia.org\/wp-content\/uploads\/2025\/05\/PHOTO-2024-02-24-08-14-09-1-5.jpg?resize=10%2C12&amp;ssl=1 10w, https:\/\/i0.wp.com\/madagascarnamakia.org\/wp-content\/uploads\/2025\/05\/PHOTO-2024-02-24-08-14-09-1-5.jpg?w=946&amp;ssl=1 946w\" sizes=\"(max-width: 842px) 100vw, 842px\" \/><figcaption class=\"wp-block-jetpack-slideshow_caption gallery-caption\">Fauteuil Dentaire<\/figcaption><\/figure><\/li><li class=\"wp-block-jetpack-slideshow_slide swiper-slide\"><figure><img data-recalc-dims=\"1\" decoding=\"async\" width=\"804\" height=\"1024\" loading=\"lazy\" alt=\"\" class=\"wp-block-jetpack-slideshow_image wp-image-781\" data-id=\"781\" src=\"https:\/\/i0.wp.com\/madagascarnamakia.org\/wp-content\/uploads\/2025\/05\/1ere-echo-avec-lappareil-4.jpg?resize=804%2C1024&#038;ssl=1\" srcset=\"https:\/\/i0.wp.com\/madagascarnamakia.org\/wp-content\/uploads\/2025\/05\/1ere-echo-avec-lappareil-4-scaled.jpg?resize=804%2C1024&amp;ssl=1 804w, https:\/\/i0.wp.com\/madagascarnamakia.org\/wp-content\/uploads\/2025\/05\/1ere-echo-avec-lappareil-4-scaled.jpg?resize=236%2C300&amp;ssl=1 236w, https:\/\/i0.wp.com\/madagascarnamakia.org\/wp-content\/uploads\/2025\/05\/1ere-echo-avec-lappareil-4-scaled.jpg?resize=768%2C978&amp;ssl=1 768w, https:\/\/i0.wp.com\/madagascarnamakia.org\/wp-content\/uploads\/2025\/05\/1ere-echo-avec-lappareil-4-scaled.jpg?resize=1207%2C1536&amp;ssl=1 1207w, https:\/\/i0.wp.com\/madagascarnamakia.org\/wp-content\/uploads\/2025\/05\/1ere-echo-avec-lappareil-4-scaled.jpg?resize=1609%2C2048&amp;ssl=1 1609w, https:\/\/i0.wp.com\/madagascarnamakia.org\/wp-content\/uploads\/2025\/05\/1ere-echo-avec-lappareil-4-scaled.jpg?resize=9%2C12&amp;ssl=1 9w, https:\/\/i0.wp.com\/madagascarnamakia.org\/wp-content\/uploads\/2025\/05\/1ere-echo-avec-lappareil-4-scaled.jpg?w=2011&amp;ssl=1 2011w\" sizes=\"(max-width: 804px) 100vw, 804px\" \/><figcaption class=\"wp-block-jetpack-slideshow_caption gallery-caption\">Echographie<\/figcaption><\/figure><\/li><li class=\"wp-block-jetpack-slideshow_slide swiper-slide\"><figure><img data-recalc-dims=\"1\" decoding=\"async\" width=\"889\" height=\"1024\" loading=\"lazy\" alt=\"\" class=\"wp-block-jetpack-slideshow_image wp-image-782\" data-id=\"782\" src=\"https:\/\/i0.wp.com\/madagascarnamakia.org\/wp-content\/uploads\/2025\/05\/IMG_20210828_092549-5.jpg?resize=889%2C1024&#038;ssl=1\" srcset=\"https:\/\/i0.wp.com\/madagascarnamakia.org\/wp-content\/uploads\/2025\/05\/IMG_20210828_092549-5-scaled.jpg?resize=889%2C1024&amp;ssl=1 889w, https:\/\/i0.wp.com\/madagascarnamakia.org\/wp-content\/uploads\/2025\/05\/IMG_20210828_092549-5-scaled.jpg?resize=261%2C300&amp;ssl=1 261w, https:\/\/i0.wp.com\/madagascarnamakia.org\/wp-content\/uploads\/2025\/05\/IMG_20210828_092549-5-scaled.jpg?resize=768%2C884&amp;ssl=1 768w, https:\/\/i0.wp.com\/madagascarnamakia.org\/wp-content\/uploads\/2025\/05\/IMG_20210828_092549-5-scaled.jpg?resize=1334%2C1536&amp;ssl=1 1334w, https:\/\/i0.wp.com\/madagascarnamakia.org\/wp-content\/uploads\/2025\/05\/IMG_20210828_092549-5-scaled.jpg?resize=1779%2C2048&amp;ssl=1 1779w, https:\/\/i0.wp.com\/madagascarnamakia.org\/wp-content\/uploads\/2025\/05\/IMG_20210828_092549-5-scaled.jpg?resize=10%2C12&amp;ssl=1 10w, https:\/\/i0.wp.com\/madagascarnamakia.org\/wp-content\/uploads\/2025\/05\/IMG_20210828_092549-5-scaled.jpg?w=2000&amp;ssl=1 2000w\" sizes=\"(max-width: 889px) 100vw, 889px\" \/><figcaption class=\"wp-block-jetpack-slideshow_caption gallery-caption\">Echographie<\/figcaption><\/figure><\/li><\/ul><a class=\"wp-block-jetpack-slideshow_button-prev swiper-button-prev swiper-button-white\" role=\"button\"><\/a><a class=\"wp-block-jetpack-slideshow_button-next swiper-button-next swiper-button-white\" role=\"button\"><\/a><a aria-label=\"Pause Slideshow\" class=\"wp-block-jetpack-slideshow_button-pause\" role=\"button\"><\/a><div class=\"wp-block-jetpack-slideshow_pagination swiper-pagination swiper-pagination-white\"><\/div><\/div><\/div>\n\n\n\n<p class=\"\"><\/p>","protected":false},"excerpt":{"rendered":"<p>Dental Care AwarenessIn schools, in cooperation with the Namakia dental practice, toothbrushes were distributed to children. Instructions on the usefulness of dental care were also provided. Medical purchases from your donations<\/p>","protected":false},"author":1,"featured_media":0,"parent":0,"menu_order":0,"comment_status":"closed","ping_status":"closed","template":"","meta":{"nf_dc_page":"","om_disable_all_campaigns":false,"_monsterinsights_skip_tracking":false,"_monsterinsights_sitenote_active":false,"_monsterinsights_sitenote_note":"","_monsterinsights_sitenote_category":0,"footnotes":""},"class_list":["post-466","page","type-page","status-publish","hentry"],"yoast_head":"<!-- This site is optimized with the Yoast SEO plugin v27.4 - https:\/\/yoast.com\/product\/yoast-seo-wordpress\/ -->\n<title>Medical - Agir Pour Namakia<\/title>\n<meta name=\"robots\" content=\"index, follow, max-snippet:-1, max-image-preview:large, max-video-preview:-1\" \/>\n<link rel=\"canonical\" href=\"https:\/\/madagascarnamakia.org\/fr\/medical\/\" \/>\n<meta property=\"og:locale\" content=\"fr_FR\" \/>\n<meta property=\"og:type\" content=\"article\" \/>\n<meta property=\"og:title\" content=\"Medical - Agir Pour Namakia\" \/>\n<meta property=\"og:description\" content=\"Dental Care AwarenessIn schools, in cooperation with the Namakia dental practice, toothbrushes were distributed to children. Instructions on the usefulness of dental care were also provided. Medical purchases from your donations\" \/>\n<meta property=\"og:url\" content=\"https:\/\/madagascarnamakia.org\/fr\/medical\/\" \/>\n<meta property=\"og:site_name\" content=\"Agir Pour Namakia\" \/>\n<meta property=\"article:publisher\" content=\"https:\/\/www.facebook.com\/AgirPourNamakia\" \/>\n<meta property=\"article:modified_time\" content=\"2025-05-11T02:21:53+00:00\" \/>\n<meta property=\"og:image\" content=\"https:\/\/madagascarnamakia.org\/wp-content\/uploads\/2025\/05\/Remerciements-des-enfants.webp\" \/>\n<meta name=\"twitter:card\" content=\"summary_large_image\" \/>\n<meta name=\"twitter:label1\" content=\"Dur\u00e9e de lecture estim\u00e9e\" \/>\n\t<meta name=\"twitter:data1\" content=\"3 minutes\" \/>\n<script type=\"application\/ld+json\" class=\"yoast-schema-graph\">{\"@context\":\"https:\\\/\\\/schema.org\",\"@graph\":[{\"@type\":\"WebPage\",\"@id\":\"https:\\\/\\\/madagascarnamakia.org\\\/medical\\\/\",\"url\":\"https:\\\/\\\/madagascarnamakia.org\\\/medical\\\/\",\"name\":\"Medical - Agir Pour Namakia\",\"isPartOf\":{\"@id\":\"https:\\\/\\\/madagascarnamakia.org\\\/#website\"},\"primaryImageOfPage\":{\"@id\":\"https:\\\/\\\/madagascarnamakia.org\\\/medical\\\/#primaryimage\"},\"image\":{\"@id\":\"https:\\\/\\\/madagascarnamakia.org\\\/medical\\\/#primaryimage\"},\"thumbnailUrl\":\"https:\\\/\\\/madagascarnamakia.org\\\/wp-content\\\/uploads\\\/2025\\\/05\\\/Remerciements-des-enfants.webp\",\"datePublished\":\"2025-05-06T18:45:28+00:00\",\"dateModified\":\"2025-05-11T02:21:53+00:00\",\"breadcrumb\":{\"@id\":\"https:\\\/\\\/madagascarnamakia.org\\\/medical\\\/#breadcrumb\"},\"inLanguage\":\"fr-FR\",\"potentialAction\":[{\"@type\":\"ReadAction\",\"target\":[\"https:\\\/\\\/madagascarnamakia.org\\\/medical\\\/\"]}]},{\"@type\":\"ImageObject\",\"inLanguage\":\"fr-FR\",\"@id\":\"https:\\\/\\\/madagascarnamakia.org\\\/medical\\\/#primaryimage\",\"url\":\"https:\\\/\\\/madagascarnamakia.org\\\/wp-content\\\/uploads\\\/2025\\\/05\\\/Remerciements-des-enfants.webp\",\"contentUrl\":\"https:\\\/\\\/madagascarnamakia.org\\\/wp-content\\\/uploads\\\/2025\\\/05\\\/Remerciements-des-enfants.webp\"},{\"@type\":\"BreadcrumbList\",\"@id\":\"https:\\\/\\\/madagascarnamakia.org\\\/medical\\\/#breadcrumb\",\"itemListElement\":[{\"@type\":\"ListItem\",\"position\":1,\"name\":\"Home\",\"item\":\"https:\\\/\\\/madagascarnamakia.org\\\/\"},{\"@type\":\"ListItem\",\"position\":2,\"name\":\"Medical\"}]},{\"@type\":\"WebSite\",\"@id\":\"https:\\\/\\\/madagascarnamakia.org\\\/#website\",\"url\":\"https:\\\/\\\/madagascarnamakia.org\\\/\",\"name\":\"Agir Pour Namakia\",\"description\":\"Tagline\",\"publisher\":{\"@id\":\"https:\\\/\\\/madagascarnamakia.org\\\/#organization\"},\"potentialAction\":[{\"@type\":\"SearchAction\",\"target\":{\"@type\":\"EntryPoint\",\"urlTemplate\":\"https:\\\/\\\/madagascarnamakia.org\\\/?s={search_term_string}\"},\"query-input\":{\"@type\":\"PropertyValueSpecification\",\"valueRequired\":true,\"valueName\":\"search_term_string\"}}],\"inLanguage\":\"fr-FR\"},{\"@type\":\"Organization\",\"@id\":\"https:\\\/\\\/madagascarnamakia.org\\\/#organization\",\"name\":\"Agir Pour Namakia\",\"url\":\"https:\\\/\\\/madagascarnamakia.org\\\/\",\"logo\":{\"@type\":\"ImageObject\",\"inLanguage\":\"fr-FR\",\"@id\":\"https:\\\/\\\/madagascarnamakia.org\\\/#\\\/schema\\\/logo\\\/image\\\/\",\"url\":\"https:\\\/\\\/i0.wp.com\\\/madagascarnamakia.org\\\/wp-content\\\/uploads\\\/2025\\\/04\\\/Logo.jpg?fit=730%2C730&ssl=1\",\"contentUrl\":\"https:\\\/\\\/i0.wp.com\\\/madagascarnamakia.org\\\/wp-content\\\/uploads\\\/2025\\\/04\\\/Logo.jpg?fit=730%2C730&ssl=1\",\"width\":730,\"height\":730,\"caption\":\"Agir Pour Namakia\"},\"image\":{\"@id\":\"https:\\\/\\\/madagascarnamakia.org\\\/#\\\/schema\\\/logo\\\/image\\\/\"},\"sameAs\":[\"https:\\\/\\\/www.facebook.com\\\/AgirPourNamakia\"]}]}<\/script>\n<!-- \/ Yoast SEO plugin. -->","yoast_head_json":{"title":"Medical - Agir Pour Namakia","robots":{"index":"index","follow":"follow","max-snippet":"max-snippet:-1","max-image-preview":"max-image-preview:large","max-video-preview":"max-video-preview:-1"},"canonical":"https:\/\/madagascarnamakia.org\/fr\/medical\/","og_locale":"fr_FR","og_type":"article","og_title":"Medical - Agir Pour Namakia","og_description":"Dental Care AwarenessIn schools, in cooperation with the Namakia dental practice, toothbrushes were distributed to children. Instructions on the usefulness of dental care were also provided. Medical purchases from your donations","og_url":"https:\/\/madagascarnamakia.org\/fr\/medical\/","og_site_name":"Agir Pour Namakia","article_publisher":"https:\/\/www.facebook.com\/AgirPourNamakia","article_modified_time":"2025-05-11T02:21:53+00:00","og_image":[{"url":"https:\/\/madagascarnamakia.org\/wp-content\/uploads\/2025\/05\/Remerciements-des-enfants.webp","type":"","width":"","height":""}],"twitter_card":"summary_large_image","twitter_misc":{"Dur\u00e9e de lecture estim\u00e9e":"3 minutes"},"schema":{"@context":"https:\/\/schema.org","@graph":[{"@type":"WebPage","@id":"https:\/\/madagascarnamakia.org\/medical\/","url":"https:\/\/madagascarnamakia.org\/medical\/","name":"Medical - Agir Pour Namakia","isPartOf":{"@id":"https:\/\/madagascarnamakia.org\/#website"},"primaryImageOfPage":{"@id":"https:\/\/madagascarnamakia.org\/medical\/#primaryimage"},"image":{"@id":"https:\/\/madagascarnamakia.org\/medical\/#primaryimage"},"thumbnailUrl":"https:\/\/madagascarnamakia.org\/wp-content\/uploads\/2025\/05\/Remerciements-des-enfants.webp","datePublished":"2025-05-06T18:45:28+00:00","dateModified":"2025-05-11T02:21:53+00:00","breadcrumb":{"@id":"https:\/\/madagascarnamakia.org\/medical\/#breadcrumb"},"inLanguage":"fr-FR","potentialAction":[{"@type":"ReadAction","target":["https:\/\/madagascarnamakia.org\/medical\/"]}]},{"@type":"ImageObject","inLanguage":"fr-FR","@id":"https:\/\/madagascarnamakia.org\/medical\/#primaryimage","url":"https:\/\/madagascarnamakia.org\/wp-content\/uploads\/2025\/05\/Remerciements-des-enfants.webp","contentUrl":"https:\/\/madagascarnamakia.org\/wp-content\/uploads\/2025\/05\/Remerciements-des-enfants.webp"},{"@type":"BreadcrumbList","@id":"https:\/\/madagascarnamakia.org\/medical\/#breadcrumb","itemListElement":[{"@type":"ListItem","position":1,"name":"Home","item":"https:\/\/madagascarnamakia.org\/"},{"@type":"ListItem","position":2,"name":"Medical"}]},{"@type":"WebSite","@id":"https:\/\/madagascarnamakia.org\/#website","url":"https:\/\/madagascarnamakia.org\/","name":"Agir Pour Namakia","description":"Tagline","publisher":{"@id":"https:\/\/madagascarnamakia.org\/#organization"},"potentialAction":[{"@type":"SearchAction","target":{"@type":"EntryPoint","urlTemplate":"https:\/\/madagascarnamakia.org\/?s={search_term_string}"},"query-input":{"@type":"PropertyValueSpecification","valueRequired":true,"valueName":"search_term_string"}}],"inLanguage":"fr-FR"},{"@type":"Organization","@id":"https:\/\/madagascarnamakia.org\/#organization","name":"Agir Pour Namakia","url":"https:\/\/madagascarnamakia.org\/","logo":{"@type":"ImageObject","inLanguage":"fr-FR","@id":"https:\/\/madagascarnamakia.org\/#\/schema\/logo\/image\/","url":"https:\/\/i0.wp.com\/madagascarnamakia.org\/wp-content\/uploads\/2025\/04\/Logo.jpg?fit=730%2C730&ssl=1","contentUrl":"https:\/\/i0.wp.com\/madagascarnamakia.org\/wp-content\/uploads\/2025\/04\/Logo.jpg?fit=730%2C730&ssl=1","width":730,"height":730,"caption":"Agir Pour Namakia"},"image":{"@id":"https:\/\/madagascarnamakia.org\/#\/schema\/logo\/image\/"},"sameAs":["https:\/\/www.facebook.com\/AgirPourNamakia"]}]}},"jetpack_sharing_enabled":true,"_links":{"self":[{"href":"https:\/\/madagascarnamakia.org\/fr\/wp-json\/wp\/v2\/pages\/466","targetHints":{"allow":["GET"]}}],"collection":[{"href":"https:\/\/madagascarnamakia.org\/fr\/wp-json\/wp\/v2\/pages"}],"about":[{"href":"https:\/\/madagascarnamakia.org\/fr\/wp-json\/wp\/v2\/types\/page"}],"author":[{"embeddable":true,"href":"https:\/\/madagascarnamakia.org\/fr\/wp-json\/wp\/v2\/users\/1"}],"replies":[{"embeddable":true,"href":"https:\/\/madagascarnamakia.org\/fr\/wp-json\/wp\/v2\/comments?post=466"}],"version-history":[{"count":5,"href":"https:\/\/madagascarnamakia.org\/fr\/wp-json\/wp\/v2\/pages\/466\/revisions"}],"predecessor-version":[{"id":1102,"href":"https:\/\/madagascarnamakia.org\/fr\/wp-json\/wp\/v2\/pages\/466\/revisions\/1102"}],"wp:attachment":[{"href":"https:\/\/madagascarnamakia.org\/fr\/wp-json\/wp\/v2\/media?parent=466"}],"curies":[{"name":"wp","href":"https:\/\/api.w.org\/{rel}","templated":true}]}}