{"id":348,"date":"2025-05-01T23:50:28","date_gmt":"2025-05-01T23:50:28","guid":{"rendered":"https:\/\/madagascarnamakia.org\/?page_id=348"},"modified":"2025-05-13T03:15:21","modified_gmt":"2025-05-13T03:15:21","slug":"348-2","status":"publish","type":"page","link":"https:\/\/madagascarnamakia.org\/fr\/348-2\/","title":{"rendered":"Namakia"},"content":{"rendered":"<div class=\"is-style-default wp-block-cover is-light\" style=\"border-radius:61px;min-height:430px;aspect-ratio:unset;\"><img data-recalc-dims=\"1\" decoding=\"async\" width=\"1024\" height=\"683\" loading=\"lazy\" class=\"wp-block-cover__image-background wp-image-332 size-large\" alt=\"\" src=\"https:\/\/i0.wp.com\/madagascarnamakia.org\/wp-content\/uploads\/2025\/05\/1.webp?resize=1024%2C683&#038;ssl=1\" data-object-fit=\"cover\" srcset=\"https:\/\/i0.wp.com\/madagascarnamakia.org\/wp-content\/uploads\/2025\/05\/1-scaled.webp?resize=1024%2C683&amp;ssl=1 1024w, https:\/\/i0.wp.com\/madagascarnamakia.org\/wp-content\/uploads\/2025\/05\/1-scaled.webp?resize=300%2C200&amp;ssl=1 300w, https:\/\/i0.wp.com\/madagascarnamakia.org\/wp-content\/uploads\/2025\/05\/1-scaled.webp?resize=768%2C512&amp;ssl=1 768w, https:\/\/i0.wp.com\/madagascarnamakia.org\/wp-content\/uploads\/2025\/05\/1-scaled.webp?resize=1536%2C1024&amp;ssl=1 1536w, https:\/\/i0.wp.com\/madagascarnamakia.org\/wp-content\/uploads\/2025\/05\/1-scaled.webp?resize=2048%2C1365&amp;ssl=1 2048w, https:\/\/i0.wp.com\/madagascarnamakia.org\/wp-content\/uploads\/2025\/05\/1-scaled.webp?resize=18%2C12&amp;ssl=1 18w\" sizes=\"auto, (max-width: 1000px) 100vw, 1000px\" \/><span aria-hidden=\"true\" class=\"wp-block-cover__background has-background-dim-0 has-background-dim\" style=\"background-color:#a8a7a8\"><\/span><div class=\"wp-block-cover__inner-container is-layout-flow wp-block-cover-is-layout-flow\">\n<p class=\"has-text-align-center has-large-font-size\"><\/p>\n\n\n\n<p class=\"\"><\/p>\n\n\n\n<p class=\"\"><\/p>\n\n\n\n<p class=\"\"><\/p>\n<\/div><\/div>\n\n\n\n<p class=\"has-primary-color has-orchid-3-gradient-background has-text-color has-background has-link-color wp-elements-663cd5590bcd37395bc5ea412353d64e\" style=\"border-radius:20px\">Aujourd\u2019hui, Namakia et les villages autour de la commune comptent environ 24.000 habitants permanents.<\/p>\n\n\n\n<p class=\"has-primary-color has-orchid-4-gradient-background has-text-color has-background has-link-color wp-elements-774aff69e2e1989184a1653cdb14b2bb\" style=\"border-radius:20px\">La bourgade de Namakia et les villages environnants, dans la province de Mahajanga sur la c\u00f4te Ouest de Madagascar, ont \u00e9t\u00e9 cr\u00e9\u00e9s en 1929, autour d\u2019une plantation de canne, d\u2019une sucrerie et d\u2019une distillerie. Cet ensemble agro-industriel d\u00e9nomm\u00e9 Sucrerie Marseillaise de Madagascar r\u00e9sulte d\u2019une d\u00e9cision d\u2019investissements prise par la bourgeoisie conqu\u00e9rante marseillaise pour approvisionner la raffinerie de sucre de Marseille.<\/p>\n\n\n\n<p class=\"has-primary-color has-orchid-3-gradient-background has-text-color has-background has-link-color wp-elements-9164031cd944207089dff23975937f22\" style=\"border-radius:20px\">Un nouveau pouvoir nationalise la sucrerie de Namakia en 1977. Commence alors un long d\u00e9clin jusqu\u2019en 2007 o\u00f9 la production passe de 30.000 Tonnes \u00e0 moins de 10.000 Tonnes de sucre.<\/p>\n\n\n\n<p class=\"has-primary-color has-orchid-3-gradient-background has-text-color has-background has-link-color wp-elements-32479922269faef36e5e16bc8a064829\" style=\"border-radius:20px\">En 2007, le groupe chinois, COMPLANT, prend en location ce qui reste des installations agricoles et industrielles<\/p>\n\n\n\n<p class=\"has-primary-color has-orchid-3-gradient-background has-text-color has-background has-link-color wp-elements-2ae941d76808f8f957f4ac9e082b9b79\" style=\"border-radius:20px\">Le groupe COMPLANT proc\u00e8de \u00e0 d\u2019importants investissements tant dans la partie agricole qu\u2019industrielle pour repartir sur des bases assainies.<\/p>\n\n\n\n<p class=\"has-primary-color has-orchid-3-gradient-background has-text-color has-background has-link-color wp-elements-d788b2ed30110471f84932ff9615adf9\" style=\"border-radius:20px\">Cependant la situation de la population locale reste tr\u00e8s difficile comme dans tout Madagascar.<\/p>\n\n\n\n<iframe src=\"https:\/\/www.google.com\/maps\/embed?pb=!1m13!1m8!1m3!1d490993.35663502157!2d45.47829265796696!3d-15.967349591628334!3m2!1i1024!2i768!4f13.1!3m2!1m1!2zMTXCsDUyJzU2LjYiUyA0NcKwNTEnMjAuMiJF!5e0!3m2!1sen!2sus!4v1746379487152!5m2!1sen!2sus\" width=\"600\" height=\"450\" style=\"border:0;\" allowfullscreen=\"\" loading=\"lazy\" referrerpolicy=\"no-referrer-when-downgrade\"><\/iframe>\n\n\n\n<p class=\"\">French Version of the Document: <a href=\"https:\/\/madagascarnamakia.org\/wp-content\/uploads\/2025\/05\/Namakia-et-contexte-environnemental-2.pdf\">https:\/\/madagascarnamakia.org\/wp-content\/uploads\/2025\/05\/Namakia et contexte environnemental.pdf<\/a><\/p>\n\n\n\n<div data-wp-interactive=\"core\/file\" class=\"wp-block-file\"><object data-wp-bind--hidden=\"!state.hasPdfPreview\" hidden class=\"wp-block-file__embed\" data=\"https:\/\/madagascarnamakia.org\/wp-content\/uploads\/2025\/05\/NamakiaEnvironment.pdf\" type=\"application\/pdf\" style=\"width:100%;height:600px\" aria-label=\"Contenu embarqu\u00e9 Namakia Environment Document.\"><\/object><a id=\"wp-block-file--media-fa032aa0-9924-4ff4-914b-014591ae8682\" href=\"https:\/\/madagascarnamakia.org\/wp-content\/uploads\/2025\/05\/NamakiaEnvironment.pdf\" target=\"_blank\" rel=\"noreferrer noopener\">Namakia Environment Document<\/a><a href=\"https:\/\/madagascarnamakia.org\/wp-content\/uploads\/2025\/05\/NamakiaEnvironment.pdf\" class=\"wp-block-file__button wp-element-button\" download aria-describedby=\"wp-block-file--media-fa032aa0-9924-4ff4-914b-014591ae8682\">Sauvegarder<\/a><\/div>","protected":false},"excerpt":{"rendered":"<p>Today, the community of Namakia and its surroundings has a population of about 24,000 permanent residents. The small village of Namakia and its surroundings, including the province of Mahajanga on the West Coastal side of Madagascar were created in 1929 around a sugar plantation, a sugar factory and a distillery. This industrial agriculture, named &#8220;Sucrerie [&hellip;]<\/p>\n","protected":false},"author":1,"featured_media":0,"parent":0,"menu_order":0,"comment_status":"closed","ping_status":"closed","template":"","meta":{"nf_dc_page":"","om_disable_all_campaigns":false,"_monsterinsights_skip_tracking":false,"_monsterinsights_sitenote_active":false,"_monsterinsights_sitenote_note":"","_monsterinsights_sitenote_category":0,"footnotes":""},"class_list":["post-348","page","type-page","status-publish","hentry"],"yoast_head":"<!-- This site is optimized with the Yoast SEO plugin v27.4 - https:\/\/yoast.com\/product\/yoast-seo-wordpress\/ -->\n<title>Namakia - Agir Pour Namakia<\/title>\n<meta name=\"robots\" content=\"index, follow, max-snippet:-1, max-image-preview:large, max-video-preview:-1\" \/>\n<link rel=\"canonical\" href=\"https:\/\/madagascarnamakia.org\/fr\/348-2\/\" \/>\n<meta property=\"og:locale\" content=\"fr_FR\" \/>\n<meta property=\"og:type\" content=\"article\" \/>\n<meta property=\"og:title\" content=\"Namakia - Agir Pour Namakia\" \/>\n<meta property=\"og:description\" content=\"Today, the community of Namakia and its surroundings has a population of about 24,000 permanent residents. The small village of Namakia and its surroundings, including the province of Mahajanga on the West Coastal side of Madagascar were created in 1929 around a sugar plantation, a sugar factory and a distillery. This industrial agriculture, named &#8220;Sucrerie [&hellip;]\" \/>\n<meta property=\"og:url\" content=\"https:\/\/madagascarnamakia.org\/fr\/348-2\/\" \/>\n<meta property=\"og:site_name\" content=\"Agir Pour Namakia\" \/>\n<meta property=\"article:publisher\" content=\"https:\/\/www.facebook.com\/AgirPourNamakia\" \/>\n<meta property=\"article:modified_time\" content=\"2025-05-13T03:15:21+00:00\" \/>\n<meta property=\"og:image\" content=\"https:\/\/madagascarnamakia.org\/wp-content\/uploads\/2025\/05\/1-1024x683.webp\" \/>\n<meta name=\"twitter:card\" content=\"summary_large_image\" \/>\n<meta name=\"twitter:label1\" content=\"Dur\u00e9e de lecture estim\u00e9e\" \/>\n\t<meta name=\"twitter:data1\" content=\"1 minute\" \/>\n<script type=\"application\/ld+json\" class=\"yoast-schema-graph\">{\"@context\":\"https:\\\/\\\/schema.org\",\"@graph\":[{\"@type\":\"WebPage\",\"@id\":\"https:\\\/\\\/madagascarnamakia.org\\\/348-2\\\/\",\"url\":\"https:\\\/\\\/madagascarnamakia.org\\\/348-2\\\/\",\"name\":\"Namakia - Agir Pour Namakia\",\"isPartOf\":{\"@id\":\"https:\\\/\\\/madagascarnamakia.org\\\/#website\"},\"primaryImageOfPage\":{\"@id\":\"https:\\\/\\\/madagascarnamakia.org\\\/348-2\\\/#primaryimage\"},\"image\":{\"@id\":\"https:\\\/\\\/madagascarnamakia.org\\\/348-2\\\/#primaryimage\"},\"thumbnailUrl\":\"https:\\\/\\\/madagascarnamakia.org\\\/wp-content\\\/uploads\\\/2025\\\/05\\\/1-1024x683.webp\",\"datePublished\":\"2025-05-01T23:50:28+00:00\",\"dateModified\":\"2025-05-13T03:15:21+00:00\",\"breadcrumb\":{\"@id\":\"https:\\\/\\\/madagascarnamakia.org\\\/348-2\\\/#breadcrumb\"},\"inLanguage\":\"fr-FR\",\"potentialAction\":[{\"@type\":\"ReadAction\",\"target\":[\"https:\\\/\\\/madagascarnamakia.org\\\/348-2\\\/\"]}]},{\"@type\":\"ImageObject\",\"inLanguage\":\"fr-FR\",\"@id\":\"https:\\\/\\\/madagascarnamakia.org\\\/348-2\\\/#primaryimage\",\"url\":\"https:\\\/\\\/madagascarnamakia.org\\\/wp-content\\\/uploads\\\/2025\\\/05\\\/1-1024x683.webp\",\"contentUrl\":\"https:\\\/\\\/madagascarnamakia.org\\\/wp-content\\\/uploads\\\/2025\\\/05\\\/1-1024x683.webp\"},{\"@type\":\"BreadcrumbList\",\"@id\":\"https:\\\/\\\/madagascarnamakia.org\\\/348-2\\\/#breadcrumb\",\"itemListElement\":[{\"@type\":\"ListItem\",\"position\":1,\"name\":\"Home\",\"item\":\"https:\\\/\\\/madagascarnamakia.org\\\/\"},{\"@type\":\"ListItem\",\"position\":2,\"name\":\"Namakia\"}]},{\"@type\":\"WebSite\",\"@id\":\"https:\\\/\\\/madagascarnamakia.org\\\/#website\",\"url\":\"https:\\\/\\\/madagascarnamakia.org\\\/\",\"name\":\"Agir Pour Namakia\",\"description\":\"Tagline\",\"publisher\":{\"@id\":\"https:\\\/\\\/madagascarnamakia.org\\\/#organization\"},\"potentialAction\":[{\"@type\":\"SearchAction\",\"target\":{\"@type\":\"EntryPoint\",\"urlTemplate\":\"https:\\\/\\\/madagascarnamakia.org\\\/?s={search_term_string}\"},\"query-input\":{\"@type\":\"PropertyValueSpecification\",\"valueRequired\":true,\"valueName\":\"search_term_string\"}}],\"inLanguage\":\"fr-FR\"},{\"@type\":\"Organization\",\"@id\":\"https:\\\/\\\/madagascarnamakia.org\\\/#organization\",\"name\":\"Agir Pour Namakia\",\"url\":\"https:\\\/\\\/madagascarnamakia.org\\\/\",\"logo\":{\"@type\":\"ImageObject\",\"inLanguage\":\"fr-FR\",\"@id\":\"https:\\\/\\\/madagascarnamakia.org\\\/#\\\/schema\\\/logo\\\/image\\\/\",\"url\":\"https:\\\/\\\/i0.wp.com\\\/madagascarnamakia.org\\\/wp-content\\\/uploads\\\/2025\\\/04\\\/Logo.jpg?fit=730%2C730&ssl=1\",\"contentUrl\":\"https:\\\/\\\/i0.wp.com\\\/madagascarnamakia.org\\\/wp-content\\\/uploads\\\/2025\\\/04\\\/Logo.jpg?fit=730%2C730&ssl=1\",\"width\":730,\"height\":730,\"caption\":\"Agir Pour Namakia\"},\"image\":{\"@id\":\"https:\\\/\\\/madagascarnamakia.org\\\/#\\\/schema\\\/logo\\\/image\\\/\"},\"sameAs\":[\"https:\\\/\\\/www.facebook.com\\\/AgirPourNamakia\"]}]}<\/script>\n<!-- \/ Yoast SEO plugin. -->","yoast_head_json":{"title":"Namakia - Agir Pour Namakia","robots":{"index":"index","follow":"follow","max-snippet":"max-snippet:-1","max-image-preview":"max-image-preview:large","max-video-preview":"max-video-preview:-1"},"canonical":"https:\/\/madagascarnamakia.org\/fr\/348-2\/","og_locale":"fr_FR","og_type":"article","og_title":"Namakia - Agir Pour Namakia","og_description":"Today, the community of Namakia and its surroundings has a population of about 24,000 permanent residents. The small village of Namakia and its surroundings, including the province of Mahajanga on the West Coastal side of Madagascar were created in 1929 around a sugar plantation, a sugar factory and a distillery. This industrial agriculture, named &#8220;Sucrerie [&hellip;]","og_url":"https:\/\/madagascarnamakia.org\/fr\/348-2\/","og_site_name":"Agir Pour Namakia","article_publisher":"https:\/\/www.facebook.com\/AgirPourNamakia","article_modified_time":"2025-05-13T03:15:21+00:00","og_image":[{"url":"https:\/\/madagascarnamakia.org\/wp-content\/uploads\/2025\/05\/1-1024x683.webp","type":"","width":"","height":""}],"twitter_card":"summary_large_image","twitter_misc":{"Dur\u00e9e de lecture estim\u00e9e":"1 minute"},"schema":{"@context":"https:\/\/schema.org","@graph":[{"@type":"WebPage","@id":"https:\/\/madagascarnamakia.org\/348-2\/","url":"https:\/\/madagascarnamakia.org\/348-2\/","name":"Namakia - Agir Pour Namakia","isPartOf":{"@id":"https:\/\/madagascarnamakia.org\/#website"},"primaryImageOfPage":{"@id":"https:\/\/madagascarnamakia.org\/348-2\/#primaryimage"},"image":{"@id":"https:\/\/madagascarnamakia.org\/348-2\/#primaryimage"},"thumbnailUrl":"https:\/\/madagascarnamakia.org\/wp-content\/uploads\/2025\/05\/1-1024x683.webp","datePublished":"2025-05-01T23:50:28+00:00","dateModified":"2025-05-13T03:15:21+00:00","breadcrumb":{"@id":"https:\/\/madagascarnamakia.org\/348-2\/#breadcrumb"},"inLanguage":"fr-FR","potentialAction":[{"@type":"ReadAction","target":["https:\/\/madagascarnamakia.org\/348-2\/"]}]},{"@type":"ImageObject","inLanguage":"fr-FR","@id":"https:\/\/madagascarnamakia.org\/348-2\/#primaryimage","url":"https:\/\/madagascarnamakia.org\/wp-content\/uploads\/2025\/05\/1-1024x683.webp","contentUrl":"https:\/\/madagascarnamakia.org\/wp-content\/uploads\/2025\/05\/1-1024x683.webp"},{"@type":"BreadcrumbList","@id":"https:\/\/madagascarnamakia.org\/348-2\/#breadcrumb","itemListElement":[{"@type":"ListItem","position":1,"name":"Home","item":"https:\/\/madagascarnamakia.org\/"},{"@type":"ListItem","position":2,"name":"Namakia"}]},{"@type":"WebSite","@id":"https:\/\/madagascarnamakia.org\/#website","url":"https:\/\/madagascarnamakia.org\/","name":"Agir Pour Namakia","description":"Tagline","publisher":{"@id":"https:\/\/madagascarnamakia.org\/#organization"},"potentialAction":[{"@type":"SearchAction","target":{"@type":"EntryPoint","urlTemplate":"https:\/\/madagascarnamakia.org\/?s={search_term_string}"},"query-input":{"@type":"PropertyValueSpecification","valueRequired":true,"valueName":"search_term_string"}}],"inLanguage":"fr-FR"},{"@type":"Organization","@id":"https:\/\/madagascarnamakia.org\/#organization","name":"Agir Pour Namakia","url":"https:\/\/madagascarnamakia.org\/","logo":{"@type":"ImageObject","inLanguage":"fr-FR","@id":"https:\/\/madagascarnamakia.org\/#\/schema\/logo\/image\/","url":"https:\/\/i0.wp.com\/madagascarnamakia.org\/wp-content\/uploads\/2025\/04\/Logo.jpg?fit=730%2C730&ssl=1","contentUrl":"https:\/\/i0.wp.com\/madagascarnamakia.org\/wp-content\/uploads\/2025\/04\/Logo.jpg?fit=730%2C730&ssl=1","width":730,"height":730,"caption":"Agir Pour Namakia"},"image":{"@id":"https:\/\/madagascarnamakia.org\/#\/schema\/logo\/image\/"},"sameAs":["https:\/\/www.facebook.com\/AgirPourNamakia"]}]}},"jetpack_sharing_enabled":true,"_links":{"self":[{"href":"https:\/\/madagascarnamakia.org\/fr\/wp-json\/wp\/v2\/pages\/348","targetHints":{"allow":["GET"]}}],"collection":[{"href":"https:\/\/madagascarnamakia.org\/fr\/wp-json\/wp\/v2\/pages"}],"about":[{"href":"https:\/\/madagascarnamakia.org\/fr\/wp-json\/wp\/v2\/types\/page"}],"author":[{"embeddable":true,"href":"https:\/\/madagascarnamakia.org\/fr\/wp-json\/wp\/v2\/users\/1"}],"replies":[{"embeddable":true,"href":"https:\/\/madagascarnamakia.org\/fr\/wp-json\/wp\/v2\/comments?post=348"}],"version-history":[{"count":5,"href":"https:\/\/madagascarnamakia.org\/fr\/wp-json\/wp\/v2\/pages\/348\/revisions"}],"predecessor-version":[{"id":1137,"href":"https:\/\/madagascarnamakia.org\/fr\/wp-json\/wp\/v2\/pages\/348\/revisions\/1137"}],"wp:attachment":[{"href":"https:\/\/madagascarnamakia.org\/fr\/wp-json\/wp\/v2\/media?parent=348"}],"curies":[{"name":"wp","href":"https:\/\/api.w.org\/{rel}","templated":true}]}}