{"id":1236,"date":"2026-04-27T15:31:45","date_gmt":"2026-04-27T15:31:45","guid":{"rendered":"https:\/\/madagascarnamakia.org\/?page_id=1236"},"modified":"2026-04-27T15:31:47","modified_gmt":"2026-04-27T15:31:47","slug":"perspectives","status":"publish","type":"page","link":"https:\/\/madagascarnamakia.org\/fr\/perspectives\/","title":{"rendered":"PERSPECTIVES"},"content":{"rendered":"<figure class=\"is-style-rounded wp-block-image aligncenter size-full is-resized has-custom-border wp-duotone-unset-1\"><img data-recalc-dims=\"1\" decoding=\"async\" width=\"960\" height=\"777\" loading=\"lazy\" src=\"https:\/\/i0.wp.com\/madagascarnamakia.org\/wp-content\/uploads\/2026\/04\/Nam2025.jpg?resize=960%2C777&#038;ssl=1\" alt=\"\" class=\"has-border-color has-tertiary-border-color wp-image-1239\" style=\"border-width:10px;aspect-ratio:1.229488513567598;width:627px;height:auto\" srcset=\"https:\/\/i0.wp.com\/madagascarnamakia.org\/wp-content\/uploads\/2026\/04\/Nam2025.jpg?w=960&amp;ssl=1 960w, https:\/\/i0.wp.com\/madagascarnamakia.org\/wp-content\/uploads\/2026\/04\/Nam2025.jpg?resize=300%2C243&amp;ssl=1 300w, https:\/\/i0.wp.com\/madagascarnamakia.org\/wp-content\/uploads\/2026\/04\/Nam2025.jpg?resize=768%2C622&amp;ssl=1 768w, https:\/\/i0.wp.com\/madagascarnamakia.org\/wp-content\/uploads\/2026\/04\/Nam2025.jpg?resize=15%2C12&amp;ssl=1 15w\" sizes=\"auto, (max-width: 960px) 100vw, 960px\" \/><\/figure>\n\n\n\n<div class=\"nfd-container nfd-wb-text__text-13 wp-block-group alignfull has-orchid-2-gradient-background has-background is-layout-constrained wp-container-core-group-is-layout-346627ba wp-block-group-is-layout-constrained\">\n<div class=\"nfd-container nfd-text-md wp-block-group alignfull is-layout-constrained wp-container-core-group-is-layout-346627ba wp-block-group-is-layout-constrained\">\n<div class=\"nfd-max-w-prose wp-block-group is-vertical is-content-justification-left is-layout-flex wp-container-core-group-is-layout-dd225191 wp-block-group-is-layout-flex\">\n<h2 class=\"nfd-text-xl nfd-text-balance wp-block-heading has-text-align-center\" style=\"font-style:normal;font-weight:600\">Perspectives 2026<\/h2>\n\n\n\n<p class=\"has-primary-color has-text-color has-link-color wp-elements-7b1ff839849174758a3ece3fd196ce8f\">Pour l\u2019exercice 2026, nous envisageons la r\u00e9alisation des projets pr\u00e9sent\u00e9s ci-dessous. Nous souhaitons vous les exposer en d\u00e9tail afin de d\u00e9terminer collectivement les priorit\u00e9s, dans l\u2019int\u00e9r\u00eat des habitants de Namakia.<\/p>\n<\/div>\n\n\n\n<div class=\"nfd-max-w-prose wp-block-group is-vertical is-content-justification-left is-layout-flex wp-container-core-group-is-layout-dd225191 wp-block-group-is-layout-flex\">\n<h3 class=\"nfd-text-lg nfd-text-balance nfd-text-current wp-block-heading has-primary-color has-text-color has-link-color wp-elements-33bdde828dcb488701ca8a63d9715f7c\" style=\"font-style:normal;font-weight:600\"><a href=\"#\">EDUCATION<\/a><\/h3>\n\n\n\n<ul class=\"wp-block-list\">\n<li class=\"has-primary-color has-text-color has-link-color wp-elements-4670181afcd0c73ec42a43ff129d07b9\"><strong>Fournitures scolaires (11.000 \u20ac)<\/strong>\n<ul class=\"wp-block-list\">\n<li class=\"\">L\u2019achat des fournitures scolaires sera renouvel\u00e9. Le principe reste le m\u00eame : une participation de 1\u20ac est demand\u00e9e aux parents pour contribuer \u00e0 leur financement.<\/li>\n<\/ul>\n<\/li>\n\n\n\n<li class=\"has-primary-color has-text-color has-link-color wp-elements-e83a8a8f221946c31476e41f00e68548\"><strong>Travaux et \u00e9quipements pour les \u00e9coles (3.753 \u20ac) financ\u00e9s par les dons exceptionnels suite au cyclone de f\u00e9vrier 2026.<\/strong>\n<ul class=\"wp-block-list\">\n<li class=\"\">Il s\u2019agit de travaux de peinture (int\u00e9rieure et ext\u00e9rieure) de 26 salles de classe et remplacement des tableaux en dur b\u00e9ton pour les 26 salles de classe \u00e9galement.<\/li>\n\n\n\n<li class=\"\">Les travaux ont commenc\u00e9s mi-avril 2026 et sont  surveill\u00e9s par le directeur des \u00e9coles et les instituteurs des \u00e9coles, \u00e0 tour de r\u00f4le. La Soci\u00e9t\u00e9 sucri\u00e8re Complant, \u00e0 la suite d'une forte demande des instituteurs et des parents, a accept\u00e9 de prendre en charge les r\u00e9parations des toitures des \u00e9coles et ces travaux sont finis.<\/li>\n<\/ul>\n<\/li>\n<\/ul>\n<\/div>\n\n\n\n<div class=\"nfd-max-w-prose wp-block-group is-vertical is-content-justification-left is-layout-flex wp-container-core-group-is-layout-dd225191 wp-block-group-is-layout-flex\">\n<h3 class=\"nfd-text-lg nfd-text-balance nfd-text-current wp-block-heading has-primary-color has-text-color has-link-color wp-elements-0e9a658a0120bc7b0e1ae5280b067560\" style=\"font-style:normal;font-weight:600\"><a href=\"#\">2 \u2013 SANTE<\/a><\/h3>\n\n\n\n<ul class=\"wp-block-list\">\n<li class=\"has-primary-color has-text-color has-link-color wp-elements-3b2350e030fe1d4cc71ff1934dcc0e7c\"><strong>Soins aux plus d\u00e9munis (2000 \u20ac):<\/strong>\n<ul class=\"wp-block-list\">\n<li class=\"has-primary-color has-text-color has-link-color wp-elements-e77b79798102f02098c126124ed6a6b8\">Maintien du financement des soins de sant\u00e9 en faveur des populations les plus vuln\u00e9rables dans les trois communes (Namakia, Mitsinjo et Antongomena Bevary).<\/li>\n\n\n\n<li class=\"has-primary-color has-text-color has-link-color wp-elements-745519ff3a58ede6926aa576ca1696b0\">Nous pr\u00e9voyons une marge afin de faire face aux impr\u00e9vus.<\/li>\n<\/ul>\n<\/li>\n<\/ul>\n<\/div>\n<\/div>\n<\/div>","protected":false},"excerpt":{"rendered":"<p>Perspectives 2026 For the 2026 year, we are considering carrying out the projects presented below. We wish to present them to you in detail in order to collectively determine the priorities, in the interest of the inhabitants of Namakia. 1. EDUCATION 2. HEALTH<\/p>","protected":false},"author":1,"featured_media":0,"parent":0,"menu_order":0,"comment_status":"closed","ping_status":"closed","template":"","meta":{"nf_dc_page":"","om_disable_all_campaigns":false,"_monsterinsights_skip_tracking":false,"_monsterinsights_sitenote_active":false,"_monsterinsights_sitenote_note":"","_monsterinsights_sitenote_category":0,"footnotes":""},"class_list":["post-1236","page","type-page","status-publish","hentry"],"yoast_head":"<!-- This site is optimized with the Yoast SEO plugin v27.4 - https:\/\/yoast.com\/product\/yoast-seo-wordpress\/ -->\n<title>Perspectives - Agir Pour Namakia<\/title>\n<meta name=\"robots\" content=\"index, follow, max-snippet:-1, max-image-preview:large, max-video-preview:-1\" \/>\n<link rel=\"canonical\" href=\"https:\/\/madagascarnamakia.org\/fr\/perspectives\/\" \/>\n<meta property=\"og:locale\" content=\"fr_FR\" \/>\n<meta property=\"og:type\" content=\"article\" \/>\n<meta property=\"og:title\" content=\"Perspectives - Agir Pour Namakia\" \/>\n<meta property=\"og:description\" content=\"Perspectives 2026 For the 2026 year, we are considering carrying out the projects presented below. We wish to present them to you in detail in order to collectively determine the priorities, in the interest of the inhabitants of Namakia. 1. EDUCATION 2. HEALTH\" \/>\n<meta property=\"og:url\" content=\"https:\/\/madagascarnamakia.org\/fr\/perspectives\/\" \/>\n<meta property=\"og:site_name\" content=\"Agir Pour Namakia\" \/>\n<meta property=\"article:publisher\" content=\"https:\/\/www.facebook.com\/AgirPourNamakia\" \/>\n<meta property=\"article:modified_time\" content=\"2026-04-27T15:31:47+00:00\" \/>\n<meta property=\"og:image\" content=\"https:\/\/madagascarnamakia.org\/wp-content\/uploads\/2026\/04\/Nam2025.jpg\" \/>\n<meta name=\"twitter:card\" content=\"summary_large_image\" \/>\n<meta name=\"twitter:label1\" content=\"Dur\u00e9e de lecture estim\u00e9e\" \/>\n\t<meta name=\"twitter:data1\" content=\"2 minutes\" \/>\n<script type=\"application\/ld+json\" class=\"yoast-schema-graph\">{\"@context\":\"https:\\\/\\\/schema.org\",\"@graph\":[{\"@type\":\"WebPage\",\"@id\":\"https:\\\/\\\/madagascarnamakia.org\\\/perspectives\\\/\",\"url\":\"https:\\\/\\\/madagascarnamakia.org\\\/perspectives\\\/\",\"name\":\"Perspectives - Agir Pour Namakia\",\"isPartOf\":{\"@id\":\"https:\\\/\\\/madagascarnamakia.org\\\/#website\"},\"primaryImageOfPage\":{\"@id\":\"https:\\\/\\\/madagascarnamakia.org\\\/perspectives\\\/#primaryimage\"},\"image\":{\"@id\":\"https:\\\/\\\/madagascarnamakia.org\\\/perspectives\\\/#primaryimage\"},\"thumbnailUrl\":\"https:\\\/\\\/madagascarnamakia.org\\\/wp-content\\\/uploads\\\/2026\\\/04\\\/Nam2025.jpg\",\"datePublished\":\"2026-04-27T15:31:45+00:00\",\"dateModified\":\"2026-04-27T15:31:47+00:00\",\"breadcrumb\":{\"@id\":\"https:\\\/\\\/madagascarnamakia.org\\\/perspectives\\\/#breadcrumb\"},\"inLanguage\":\"fr-FR\",\"potentialAction\":[{\"@type\":\"ReadAction\",\"target\":[\"https:\\\/\\\/madagascarnamakia.org\\\/perspectives\\\/\"]}]},{\"@type\":\"ImageObject\",\"inLanguage\":\"fr-FR\",\"@id\":\"https:\\\/\\\/madagascarnamakia.org\\\/perspectives\\\/#primaryimage\",\"url\":\"https:\\\/\\\/madagascarnamakia.org\\\/wp-content\\\/uploads\\\/2026\\\/04\\\/Nam2025.jpg\",\"contentUrl\":\"https:\\\/\\\/madagascarnamakia.org\\\/wp-content\\\/uploads\\\/2026\\\/04\\\/Nam2025.jpg\"},{\"@type\":\"BreadcrumbList\",\"@id\":\"https:\\\/\\\/madagascarnamakia.org\\\/perspectives\\\/#breadcrumb\",\"itemListElement\":[{\"@type\":\"ListItem\",\"position\":1,\"name\":\"Home\",\"item\":\"https:\\\/\\\/madagascarnamakia.org\\\/\"},{\"@type\":\"ListItem\",\"position\":2,\"name\":\"Perspectives\"}]},{\"@type\":\"WebSite\",\"@id\":\"https:\\\/\\\/madagascarnamakia.org\\\/#website\",\"url\":\"https:\\\/\\\/madagascarnamakia.org\\\/\",\"name\":\"Agir Pour Namakia\",\"description\":\"Tagline\",\"publisher\":{\"@id\":\"https:\\\/\\\/madagascarnamakia.org\\\/#organization\"},\"potentialAction\":[{\"@type\":\"SearchAction\",\"target\":{\"@type\":\"EntryPoint\",\"urlTemplate\":\"https:\\\/\\\/madagascarnamakia.org\\\/?s={search_term_string}\"},\"query-input\":{\"@type\":\"PropertyValueSpecification\",\"valueRequired\":true,\"valueName\":\"search_term_string\"}}],\"inLanguage\":\"fr-FR\"},{\"@type\":\"Organization\",\"@id\":\"https:\\\/\\\/madagascarnamakia.org\\\/#organization\",\"name\":\"Agir Pour Namakia\",\"url\":\"https:\\\/\\\/madagascarnamakia.org\\\/\",\"logo\":{\"@type\":\"ImageObject\",\"inLanguage\":\"fr-FR\",\"@id\":\"https:\\\/\\\/madagascarnamakia.org\\\/#\\\/schema\\\/logo\\\/image\\\/\",\"url\":\"https:\\\/\\\/i0.wp.com\\\/madagascarnamakia.org\\\/wp-content\\\/uploads\\\/2025\\\/04\\\/Logo.jpg?fit=730%2C730&ssl=1\",\"contentUrl\":\"https:\\\/\\\/i0.wp.com\\\/madagascarnamakia.org\\\/wp-content\\\/uploads\\\/2025\\\/04\\\/Logo.jpg?fit=730%2C730&ssl=1\",\"width\":730,\"height\":730,\"caption\":\"Agir Pour Namakia\"},\"image\":{\"@id\":\"https:\\\/\\\/madagascarnamakia.org\\\/#\\\/schema\\\/logo\\\/image\\\/\"},\"sameAs\":[\"https:\\\/\\\/www.facebook.com\\\/AgirPourNamakia\"]}]}<\/script>\n<!-- \/ Yoast SEO plugin. -->","yoast_head_json":{"title":"Perspectives - Agir Pour Namakia","robots":{"index":"index","follow":"follow","max-snippet":"max-snippet:-1","max-image-preview":"max-image-preview:large","max-video-preview":"max-video-preview:-1"},"canonical":"https:\/\/madagascarnamakia.org\/fr\/perspectives\/","og_locale":"fr_FR","og_type":"article","og_title":"Perspectives - Agir Pour Namakia","og_description":"Perspectives 2026 For the 2026 year, we are considering carrying out the projects presented below. We wish to present them to you in detail in order to collectively determine the priorities, in the interest of the inhabitants of Namakia. 1. EDUCATION 2. HEALTH","og_url":"https:\/\/madagascarnamakia.org\/fr\/perspectives\/","og_site_name":"Agir Pour Namakia","article_publisher":"https:\/\/www.facebook.com\/AgirPourNamakia","article_modified_time":"2026-04-27T15:31:47+00:00","og_image":[{"url":"https:\/\/madagascarnamakia.org\/wp-content\/uploads\/2026\/04\/Nam2025.jpg","type":"","width":"","height":""}],"twitter_card":"summary_large_image","twitter_misc":{"Dur\u00e9e de lecture estim\u00e9e":"2 minutes"},"schema":{"@context":"https:\/\/schema.org","@graph":[{"@type":"WebPage","@id":"https:\/\/madagascarnamakia.org\/perspectives\/","url":"https:\/\/madagascarnamakia.org\/perspectives\/","name":"Perspectives - Agir Pour Namakia","isPartOf":{"@id":"https:\/\/madagascarnamakia.org\/#website"},"primaryImageOfPage":{"@id":"https:\/\/madagascarnamakia.org\/perspectives\/#primaryimage"},"image":{"@id":"https:\/\/madagascarnamakia.org\/perspectives\/#primaryimage"},"thumbnailUrl":"https:\/\/madagascarnamakia.org\/wp-content\/uploads\/2026\/04\/Nam2025.jpg","datePublished":"2026-04-27T15:31:45+00:00","dateModified":"2026-04-27T15:31:47+00:00","breadcrumb":{"@id":"https:\/\/madagascarnamakia.org\/perspectives\/#breadcrumb"},"inLanguage":"fr-FR","potentialAction":[{"@type":"ReadAction","target":["https:\/\/madagascarnamakia.org\/perspectives\/"]}]},{"@type":"ImageObject","inLanguage":"fr-FR","@id":"https:\/\/madagascarnamakia.org\/perspectives\/#primaryimage","url":"https:\/\/madagascarnamakia.org\/wp-content\/uploads\/2026\/04\/Nam2025.jpg","contentUrl":"https:\/\/madagascarnamakia.org\/wp-content\/uploads\/2026\/04\/Nam2025.jpg"},{"@type":"BreadcrumbList","@id":"https:\/\/madagascarnamakia.org\/perspectives\/#breadcrumb","itemListElement":[{"@type":"ListItem","position":1,"name":"Home","item":"https:\/\/madagascarnamakia.org\/"},{"@type":"ListItem","position":2,"name":"Perspectives"}]},{"@type":"WebSite","@id":"https:\/\/madagascarnamakia.org\/#website","url":"https:\/\/madagascarnamakia.org\/","name":"Agir Pour Namakia","description":"Tagline","publisher":{"@id":"https:\/\/madagascarnamakia.org\/#organization"},"potentialAction":[{"@type":"SearchAction","target":{"@type":"EntryPoint","urlTemplate":"https:\/\/madagascarnamakia.org\/?s={search_term_string}"},"query-input":{"@type":"PropertyValueSpecification","valueRequired":true,"valueName":"search_term_string"}}],"inLanguage":"fr-FR"},{"@type":"Organization","@id":"https:\/\/madagascarnamakia.org\/#organization","name":"Agir Pour Namakia","url":"https:\/\/madagascarnamakia.org\/","logo":{"@type":"ImageObject","inLanguage":"fr-FR","@id":"https:\/\/madagascarnamakia.org\/#\/schema\/logo\/image\/","url":"https:\/\/i0.wp.com\/madagascarnamakia.org\/wp-content\/uploads\/2025\/04\/Logo.jpg?fit=730%2C730&ssl=1","contentUrl":"https:\/\/i0.wp.com\/madagascarnamakia.org\/wp-content\/uploads\/2025\/04\/Logo.jpg?fit=730%2C730&ssl=1","width":730,"height":730,"caption":"Agir Pour Namakia"},"image":{"@id":"https:\/\/madagascarnamakia.org\/#\/schema\/logo\/image\/"},"sameAs":["https:\/\/www.facebook.com\/AgirPourNamakia"]}]}},"jetpack_sharing_enabled":true,"_links":{"self":[{"href":"https:\/\/madagascarnamakia.org\/fr\/wp-json\/wp\/v2\/pages\/1236","targetHints":{"allow":["GET"]}}],"collection":[{"href":"https:\/\/madagascarnamakia.org\/fr\/wp-json\/wp\/v2\/pages"}],"about":[{"href":"https:\/\/madagascarnamakia.org\/fr\/wp-json\/wp\/v2\/types\/page"}],"author":[{"embeddable":true,"href":"https:\/\/madagascarnamakia.org\/fr\/wp-json\/wp\/v2\/users\/1"}],"replies":[{"embeddable":true,"href":"https:\/\/madagascarnamakia.org\/fr\/wp-json\/wp\/v2\/comments?post=1236"}],"version-history":[{"count":5,"href":"https:\/\/madagascarnamakia.org\/fr\/wp-json\/wp\/v2\/pages\/1236\/revisions"}],"predecessor-version":[{"id":1245,"href":"https:\/\/madagascarnamakia.org\/fr\/wp-json\/wp\/v2\/pages\/1236\/revisions\/1245"}],"wp:attachment":[{"href":"https:\/\/madagascarnamakia.org\/fr\/wp-json\/wp\/v2\/media?parent=1236"}],"curies":[{"name":"wp","href":"https:\/\/api.w.org\/{rel}","templated":true}]}}