{"id":12,"date":"2025-04-10T17:45:24","date_gmt":"2025-04-10T17:45:24","guid":{"rendered":"https:\/\/madagascarnamakia.org\/contact\/"},"modified":"2026-04-18T13:43:39","modified_gmt":"2026-04-18T13:43:39","slug":"contact","status":"publish","type":"page","link":"https:\/\/madagascarnamakia.org\/fr\/contact\/","title":{"rendered":"Nous Soutenir"},"content":{"rendered":"<p class=\"has-text-align-center\"><strong>Un don. Deux impacts: la sant\u00e9 et l\u2019\u00e9ducation scolaire<\/strong><\/p>\n\n\n\n<div class=\"nfd-container nfd-p-0 is-style-nfd-theme-white wp-block-group alignfull has-white-color has-text-color has-background is-layout-constrained wp-container-core-group-is-layout-e555385e wp-block-group-is-layout-constrained\" style=\"background:linear-gradient(0deg,rgba(255,255,255,0) 16%,rgb(22,26,29) 16%);background-image:url(&apos;https:\/\/madagascarnamakia.org\/wp-content\/uploads\/2025\/04\/Fond-decran-Qui-sommes-nous-.webp&apos;);background-size:cover;\">\n<div class=\"nfd-container nfd-p-md nfd-wb-pricing-table__pricing-table-1 is-style-default wp-block-group has-tertiary-background-color has-background is-layout-constrained wp-block-group-is-layout-constrained\">\n<div class=\"wp-block-columns is-layout-flex wp-container-core-columns-is-layout-28f84493 wp-block-columns-is-layout-flex\">\n<div class=\"wp-block-column has-orchid-2-gradient-background has-background is-layout-flow wp-block-column-is-layout-flow\" style=\"border-radius:20px\">\n<p class=\"has-text-align-center has-primary-color has-text-color has-link-color wp-elements-110b4a51fa1692c1b728dd61fdc09bca\"><strong>M\u00e9thodes de Paiement<\/strong><\/p>\n\n\n\n<p class=\"has-text-align-center has-primary-color has-text-color has-link-color wp-elements-c173cea5230730b8d06fbd50bd480180\"><strong>Par ch\u00e8que<\/strong><\/p>\n\n\n\n<p class=\"\"><\/p>\n\n\n\n<p class=\"nfd-text-balance has-text-align-center has-primary-color has-text-color has-link-color wp-elements-580dfb39de2f8554b8533ed706b8d922\">\u00e0 l'ordre de \" Agir pour Namakia\" \u00e0 envoyer \u00e0 l'adresse suivante:<\/p>\n\n\n\n<p class=\"nfd-text-balance has-text-align-center has-primary-color has-text-color has-link-color wp-elements-a9d2562adeecab58bf9c98934b06bb79\">Association: &#8220;Agir pour Namakia&#8221;<\/p>\n\n\n\n<p class=\"nfd-text-balance has-text-align-center has-primary-color has-text-color has-link-color wp-elements-06968d814018f4a167dea358787de5a9\">         102 rue du point du jour, 92100 Boulogne Billancourt, France<\/p>\n\n\n\n<p class=\"has-text-align-center has-primary-color has-text-color has-link-color wp-elements-4847509efbe00850255a6e834e7a3c13\"><strong><strong>Par virement<\/strong><\/strong><\/p>\n\n\n\n<p class=\"has-text-align-center has-primary-color has-text-color has-link-color wp-elements-cd4e829a311a6ba0944d179a2bdd796e\">&#8220;Agir Pour Namakia:&#8221;<\/p>\n\n\n\n<p class=\"has-text-align-center has-primary-color has-text-color has-link-color wp-elements-c438ab899cb98c9ae08e2f45f06c798c\">IBAN FR76 1820 6002 2165 0593 7482 035 &#8211; BIC AGRIFRPP882<\/p>\n<\/div>\n\n\n\n<div class=\"wp-block-column has-orchid-2-gradient-background has-background is-layout-flow wp-block-column-is-layout-flow\" style=\"border-radius:20px\">\n<div class=\"wp-block-buttons is-content-justification-center is-layout-flex wp-container-core-buttons-is-layout-a89b3969 wp-block-buttons-is-layout-flex\">\n<div class=\"is-style-fill wp-block-button\"><a class=\"wp-block-button__link wp-element-button\" href=\"https:\/\/www.paypal.com\" target=\"_blank\" rel=\"noreferrer noopener\">Par Paypal<\/a><\/div>\n<\/div>\n\n\n\n<figure class=\"wp-block-image size-full\"><a href=\"https:\/\/www.paypal.com\/us\/home\" target=\"_blank\" rel=\" noreferrer noopener\"><img data-recalc-dims=\"1\" decoding=\"async\" width=\"1024\" height=\"1024\" loading=\"lazy\" src=\"https:\/\/i0.wp.com\/madagascarnamakia.org\/wp-content\/uploads\/2025\/04\/Lemur2.webp?resize=1024%2C1024&#038;ssl=1\" alt=\"\" class=\"wp-image-273\" srcset=\"https:\/\/i0.wp.com\/madagascarnamakia.org\/wp-content\/uploads\/2025\/04\/Lemur2.webp?w=1024&amp;ssl=1 1024w, https:\/\/i0.wp.com\/madagascarnamakia.org\/wp-content\/uploads\/2025\/04\/Lemur2.webp?resize=300%2C300&amp;ssl=1 300w, https:\/\/i0.wp.com\/madagascarnamakia.org\/wp-content\/uploads\/2025\/04\/Lemur2.webp?resize=150%2C150&amp;ssl=1 150w, https:\/\/i0.wp.com\/madagascarnamakia.org\/wp-content\/uploads\/2025\/04\/Lemur2.webp?resize=768%2C768&amp;ssl=1 768w, https:\/\/i0.wp.com\/madagascarnamakia.org\/wp-content\/uploads\/2025\/04\/Lemur2.webp?resize=12%2C12&amp;ssl=1 12w\" sizes=\"auto, (max-width: 1000px) 100vw, 1000px\" \/><\/a><figcaption class=\"wp-element-caption\"><strong>Appuyez sur moi pour donner avec Paypal<\/strong> ou:<\/figcaption><\/figure>\n\n\n\n<figure class=\"wp-block-image aligncenter size-full is-resized\"><img data-recalc-dims=\"1\" decoding=\"async\" width=\"500\" height=\"500\" loading=\"lazy\" src=\"https:\/\/i0.wp.com\/madagascarnamakia.org\/wp-content\/uploads\/2025\/05\/qrcode.png?resize=500%2C500&#038;ssl=1\" alt=\"\" class=\"wp-image-1110\" style=\"width:158px;height:auto\" srcset=\"https:\/\/i0.wp.com\/madagascarnamakia.org\/wp-content\/uploads\/2025\/05\/qrcode.png?w=500&amp;ssl=1 500w, https:\/\/i0.wp.com\/madagascarnamakia.org\/wp-content\/uploads\/2025\/05\/qrcode.png?resize=300%2C300&amp;ssl=1 300w, https:\/\/i0.wp.com\/madagascarnamakia.org\/wp-content\/uploads\/2025\/05\/qrcode.png?resize=150%2C150&amp;ssl=1 150w, https:\/\/i0.wp.com\/madagascarnamakia.org\/wp-content\/uploads\/2025\/05\/qrcode.png?resize=12%2C12&amp;ssl=1 12w\" sizes=\"auto, (max-width: 500px) 100vw, 500px\" \/><\/figure>\n\n\n\n<p class=\"nfd-text-balance has-text-align-center has-primary-color has-text-color has-link-color wp-elements-59c5e77068c02389c2ccee4130db5638\" style=\"border-radius:20px\">Via l\u2019adresse mail suivante: <strong>association.namakia@gmail.com<\/strong><\/p>\n\n\n\n<p class=\"has-text-align-center has-primary-color has-text-color has-link-color wp-elements-311df0378bab6b29c5748b527316ecc2\">Ajoutez cette note \u00e0 votre paiement: <\/p>\n\n\n\n<p class=\"has-text-align-center has-primary-color has-text-color has-link-color wp-elements-9d2e9fe30b78a07978da2c1daedcd1f6\">\"pour vos proches\"<\/p>\n<\/div>\n\n\n\n<div class=\"wp-block-column has-orchid-2-gradient-background has-background is-layout-flow wp-block-column-is-layout-flow\" style=\"border-radius:20px\">\n<p class=\"has-text-align-center has-primary-color has-text-color has-link-color wp-elements-2cd2fbf97c37b269d300b3d67e89969f\"><strong>Devenez membre avec une cotisation annuelle minimum de 25 US dollars (20 euros).<\/strong><\/p>\n\n\n\n<p class=\"\"><\/p>\n\n\n\n<div class=\"wp-block-file aligncenter\"><a id=\"wp-block-file--media-520c8a81-4485-4458-8e1d-5132975504d9\" href=\"https:\/\/madagascarnamakia.org\/wp-content\/uploads\/2025\/08\/MembershipForm.docx\"><strong>Membership Form to Complete<\/strong>:<\/a><a href=\"https:\/\/madagascarnamakia.org\/wp-content\/uploads\/2025\/08\/MembershipForm.docx\" class=\"wp-block-file__button wp-element-button\" download aria-describedby=\"wp-block-file--media-520c8a81-4485-4458-8e1d-5132975504d9\">Sauvegarder<\/a><\/div>\n\n\n\n<p class=\"\"><\/p>\n\n\n\n<div class=\"wp-block-file aligncenter\"><a id=\"wp-block-file--media-3822dd29-b1a4-4af6-b3db-6f7102e37829\" href=\"https:\/\/madagascarnamakia.org\/wp-content\/uploads\/2025\/08\/bulletin-dadhesion.docx\"><strong>Bulletin d&#8217;adh\u00e9sion a Completer:<\/strong><\/a><a href=\"https:\/\/madagascarnamakia.org\/wp-content\/uploads\/2025\/08\/bulletin-dadhesion.docx\" class=\"wp-block-file__button wp-element-button\" download aria-describedby=\"wp-block-file--media-3822dd29-b1a4-4af6-b3db-6f7102e37829\">Sauvegarder<\/a><\/div>\n\n\n\n<ul class=\"wp-block-list\">\n<li class=\"has-primary-color has-text-color has-link-color wp-elements-66c9661afa4f00139f9b278031e17726\">Un don est d\u00e9ductible de vos imp\u00f4ts \u00e0 hauteur de 66%. Sur un don de 100 \u20ac, 33 \u20ac vous revient.<\/li>\n<\/ul>\n\n\n\n<p class=\"has-text-align-center has-primary-color has-text-color has-link-color wp-elements-de6969119204077a0b3cd141f3f40642\"><strong>Contactez Nous<\/strong><\/p>\n\n\n\n<p class=\"has-text-align-center has-primary-color has-text-color has-link-color wp-elements-e255466322c8cb3d062df515ef1f25b1\"><strong>Nous sommes las pour repondre a vos questions<\/strong><\/p>\n<\/div>\n<\/div>\n<\/div>\n\n\n\n<figure class=\"is-style-rounded wp-block-image alignfull size-full has-custom-border\"><img data-recalc-dims=\"1\" decoding=\"async\" width=\"800\" height=\"360\" loading=\"lazy\" src=\"https:\/\/i0.wp.com\/madagascarnamakia.org\/wp-content\/uploads\/2025\/05\/EnfantsEcoles.jpg?resize=800%2C360&#038;ssl=1\" alt=\"\" class=\"has-border-color has-tertiary-border-color wp-image-339\" style=\"border-width:10px\" srcset=\"https:\/\/i0.wp.com\/madagascarnamakia.org\/wp-content\/uploads\/2025\/05\/EnfantsEcoles.jpg?w=800&amp;ssl=1 800w, https:\/\/i0.wp.com\/madagascarnamakia.org\/wp-content\/uploads\/2025\/05\/EnfantsEcoles.jpg?resize=300%2C135&amp;ssl=1 300w, https:\/\/i0.wp.com\/madagascarnamakia.org\/wp-content\/uploads\/2025\/05\/EnfantsEcoles.jpg?resize=768%2C346&amp;ssl=1 768w, https:\/\/i0.wp.com\/madagascarnamakia.org\/wp-content\/uploads\/2025\/05\/EnfantsEcoles.jpg?resize=18%2C8&amp;ssl=1 18w\" sizes=\"auto, (max-width: 800px) 100vw, 800px\" \/><\/figure>\n\n\n\n<div class=\"nfd-container nfd-p-md nfd-theme-white nfd-bg-surface is-style-nfd-theme-white wp-block-group has-orchid-1-gradient-background has-background is-layout-constrained wp-block-group-is-layout-constrained\" style=\"border-radius:20px\"><\/div>\n<\/div>\n\n\n\n<p class=\"\"><\/p>","protected":false},"excerpt":{"rendered":"<p>One donation. Two impacts: health and education Method of Payments By Check Make it out to: &#8220;Agir pour Namakia&#8221; and send it to: Association: &#8220;Agir pour Namakia&#8221; 102 rue du point du jour, 92100 Boulogne Billancourt, France Wire Transfer &#8220;Agir Pour Namakia:&#8221; IBAN FR76 1820 6002 2165 0593 7482 035 &#8211; BIC AGRIFRPP882 Use the [&hellip;]<\/p>\n","protected":false},"author":1,"featured_media":0,"parent":0,"menu_order":0,"comment_status":"closed","ping_status":"closed","template":"","meta":{"nf_dc_page":"","om_disable_all_campaigns":false,"_monsterinsights_skip_tracking":false,"_monsterinsights_sitenote_active":false,"_monsterinsights_sitenote_note":"","_monsterinsights_sitenote_category":0,"footnotes":""},"class_list":["post-12","page","type-page","status-publish","hentry"],"yoast_head":"<!-- This site is optimized with the Yoast SEO plugin v27.4 - https:\/\/yoast.com\/product\/yoast-seo-wordpress\/ -->\n<title>Donate - Agir Pour Namakia<\/title>\n<meta name=\"robots\" content=\"index, follow, max-snippet:-1, max-image-preview:large, max-video-preview:-1\" \/>\n<link rel=\"canonical\" href=\"https:\/\/madagascarnamakia.org\/fr\/contact\/\" \/>\n<meta property=\"og:locale\" content=\"fr_FR\" \/>\n<meta property=\"og:type\" content=\"article\" \/>\n<meta property=\"og:title\" content=\"Donate - Agir Pour Namakia\" \/>\n<meta property=\"og:description\" content=\"One donation. Two impacts: health and education Method of Payments By Check Make it out to: &#8220;Agir pour Namakia&#8221; and send it to: Association: &#8220;Agir pour Namakia&#8221; 102 rue du point du jour, 92100 Boulogne Billancourt, France Wire Transfer &#8220;Agir Pour Namakia:&#8221; IBAN FR76 1820 6002 2165 0593 7482 035 &#8211; BIC AGRIFRPP882 Use the [&hellip;]\" \/>\n<meta property=\"og:url\" content=\"https:\/\/madagascarnamakia.org\/fr\/contact\/\" \/>\n<meta property=\"og:site_name\" content=\"Agir Pour Namakia\" \/>\n<meta property=\"article:publisher\" content=\"https:\/\/www.facebook.com\/AgirPourNamakia\" \/>\n<meta property=\"article:modified_time\" content=\"2026-04-18T13:43:39+00:00\" \/>\n<meta property=\"og:image\" content=\"https:\/\/madagascarnamakia.org\/wp-content\/uploads\/2025\/04\/Lemur2.webp\" \/>\n<meta name=\"twitter:card\" content=\"summary_large_image\" \/>\n<meta name=\"twitter:label1\" content=\"Dur\u00e9e de lecture estim\u00e9e\" \/>\n\t<meta name=\"twitter:data1\" content=\"2 minutes\" \/>\n<script type=\"application\/ld+json\" class=\"yoast-schema-graph\">{\"@context\":\"https:\\\/\\\/schema.org\",\"@graph\":[{\"@type\":\"WebPage\",\"@id\":\"https:\\\/\\\/madagascarnamakia.org\\\/contact\\\/\",\"url\":\"https:\\\/\\\/madagascarnamakia.org\\\/contact\\\/\",\"name\":\"Donate - Agir Pour Namakia\",\"isPartOf\":{\"@id\":\"https:\\\/\\\/madagascarnamakia.org\\\/#website\"},\"primaryImageOfPage\":{\"@id\":\"https:\\\/\\\/madagascarnamakia.org\\\/contact\\\/#primaryimage\"},\"image\":{\"@id\":\"https:\\\/\\\/madagascarnamakia.org\\\/contact\\\/#primaryimage\"},\"thumbnailUrl\":\"https:\\\/\\\/madagascarnamakia.org\\\/wp-content\\\/uploads\\\/2025\\\/04\\\/Lemur2.webp\",\"datePublished\":\"2025-04-10T17:45:24+00:00\",\"dateModified\":\"2026-04-18T13:43:39+00:00\",\"breadcrumb\":{\"@id\":\"https:\\\/\\\/madagascarnamakia.org\\\/contact\\\/#breadcrumb\"},\"inLanguage\":\"fr-FR\",\"potentialAction\":[{\"@type\":\"ReadAction\",\"target\":[\"https:\\\/\\\/madagascarnamakia.org\\\/contact\\\/\"]}]},{\"@type\":\"ImageObject\",\"inLanguage\":\"fr-FR\",\"@id\":\"https:\\\/\\\/madagascarnamakia.org\\\/contact\\\/#primaryimage\",\"url\":\"https:\\\/\\\/madagascarnamakia.org\\\/wp-content\\\/uploads\\\/2025\\\/04\\\/Lemur2.webp\",\"contentUrl\":\"https:\\\/\\\/madagascarnamakia.org\\\/wp-content\\\/uploads\\\/2025\\\/04\\\/Lemur2.webp\"},{\"@type\":\"BreadcrumbList\",\"@id\":\"https:\\\/\\\/madagascarnamakia.org\\\/contact\\\/#breadcrumb\",\"itemListElement\":[{\"@type\":\"ListItem\",\"position\":1,\"name\":\"Home\",\"item\":\"https:\\\/\\\/madagascarnamakia.org\\\/\"},{\"@type\":\"ListItem\",\"position\":2,\"name\":\"Donate\"}]},{\"@type\":\"WebSite\",\"@id\":\"https:\\\/\\\/madagascarnamakia.org\\\/#website\",\"url\":\"https:\\\/\\\/madagascarnamakia.org\\\/\",\"name\":\"Agir Pour Namakia\",\"description\":\"Tagline\",\"publisher\":{\"@id\":\"https:\\\/\\\/madagascarnamakia.org\\\/#organization\"},\"potentialAction\":[{\"@type\":\"SearchAction\",\"target\":{\"@type\":\"EntryPoint\",\"urlTemplate\":\"https:\\\/\\\/madagascarnamakia.org\\\/?s={search_term_string}\"},\"query-input\":{\"@type\":\"PropertyValueSpecification\",\"valueRequired\":true,\"valueName\":\"search_term_string\"}}],\"inLanguage\":\"fr-FR\"},{\"@type\":\"Organization\",\"@id\":\"https:\\\/\\\/madagascarnamakia.org\\\/#organization\",\"name\":\"Agir Pour Namakia\",\"url\":\"https:\\\/\\\/madagascarnamakia.org\\\/\",\"logo\":{\"@type\":\"ImageObject\",\"inLanguage\":\"fr-FR\",\"@id\":\"https:\\\/\\\/madagascarnamakia.org\\\/#\\\/schema\\\/logo\\\/image\\\/\",\"url\":\"https:\\\/\\\/i0.wp.com\\\/madagascarnamakia.org\\\/wp-content\\\/uploads\\\/2025\\\/04\\\/Logo.jpg?fit=730%2C730&ssl=1\",\"contentUrl\":\"https:\\\/\\\/i0.wp.com\\\/madagascarnamakia.org\\\/wp-content\\\/uploads\\\/2025\\\/04\\\/Logo.jpg?fit=730%2C730&ssl=1\",\"width\":730,\"height\":730,\"caption\":\"Agir Pour Namakia\"},\"image\":{\"@id\":\"https:\\\/\\\/madagascarnamakia.org\\\/#\\\/schema\\\/logo\\\/image\\\/\"},\"sameAs\":[\"https:\\\/\\\/www.facebook.com\\\/AgirPourNamakia\"]}]}<\/script>\n<!-- \/ Yoast SEO plugin. -->","yoast_head_json":{"title":"Donate - Agir Pour Namakia","robots":{"index":"index","follow":"follow","max-snippet":"max-snippet:-1","max-image-preview":"max-image-preview:large","max-video-preview":"max-video-preview:-1"},"canonical":"https:\/\/madagascarnamakia.org\/fr\/contact\/","og_locale":"fr_FR","og_type":"article","og_title":"Donate - Agir Pour Namakia","og_description":"One donation. Two impacts: health and education Method of Payments By Check Make it out to: &#8220;Agir pour Namakia&#8221; and send it to: Association: &#8220;Agir pour Namakia&#8221; 102 rue du point du jour, 92100 Boulogne Billancourt, France Wire Transfer &#8220;Agir Pour Namakia:&#8221; IBAN FR76 1820 6002 2165 0593 7482 035 &#8211; BIC AGRIFRPP882 Use the [&hellip;]","og_url":"https:\/\/madagascarnamakia.org\/fr\/contact\/","og_site_name":"Agir Pour Namakia","article_publisher":"https:\/\/www.facebook.com\/AgirPourNamakia","article_modified_time":"2026-04-18T13:43:39+00:00","og_image":[{"url":"https:\/\/madagascarnamakia.org\/wp-content\/uploads\/2025\/04\/Lemur2.webp","type":"","width":"","height":""}],"twitter_card":"summary_large_image","twitter_misc":{"Dur\u00e9e de lecture estim\u00e9e":"2 minutes"},"schema":{"@context":"https:\/\/schema.org","@graph":[{"@type":"WebPage","@id":"https:\/\/madagascarnamakia.org\/contact\/","url":"https:\/\/madagascarnamakia.org\/contact\/","name":"Donate - Agir Pour Namakia","isPartOf":{"@id":"https:\/\/madagascarnamakia.org\/#website"},"primaryImageOfPage":{"@id":"https:\/\/madagascarnamakia.org\/contact\/#primaryimage"},"image":{"@id":"https:\/\/madagascarnamakia.org\/contact\/#primaryimage"},"thumbnailUrl":"https:\/\/madagascarnamakia.org\/wp-content\/uploads\/2025\/04\/Lemur2.webp","datePublished":"2025-04-10T17:45:24+00:00","dateModified":"2026-04-18T13:43:39+00:00","breadcrumb":{"@id":"https:\/\/madagascarnamakia.org\/contact\/#breadcrumb"},"inLanguage":"fr-FR","potentialAction":[{"@type":"ReadAction","target":["https:\/\/madagascarnamakia.org\/contact\/"]}]},{"@type":"ImageObject","inLanguage":"fr-FR","@id":"https:\/\/madagascarnamakia.org\/contact\/#primaryimage","url":"https:\/\/madagascarnamakia.org\/wp-content\/uploads\/2025\/04\/Lemur2.webp","contentUrl":"https:\/\/madagascarnamakia.org\/wp-content\/uploads\/2025\/04\/Lemur2.webp"},{"@type":"BreadcrumbList","@id":"https:\/\/madagascarnamakia.org\/contact\/#breadcrumb","itemListElement":[{"@type":"ListItem","position":1,"name":"Home","item":"https:\/\/madagascarnamakia.org\/"},{"@type":"ListItem","position":2,"name":"Donate"}]},{"@type":"WebSite","@id":"https:\/\/madagascarnamakia.org\/#website","url":"https:\/\/madagascarnamakia.org\/","name":"Agir Pour Namakia","description":"Tagline","publisher":{"@id":"https:\/\/madagascarnamakia.org\/#organization"},"potentialAction":[{"@type":"SearchAction","target":{"@type":"EntryPoint","urlTemplate":"https:\/\/madagascarnamakia.org\/?s={search_term_string}"},"query-input":{"@type":"PropertyValueSpecification","valueRequired":true,"valueName":"search_term_string"}}],"inLanguage":"fr-FR"},{"@type":"Organization","@id":"https:\/\/madagascarnamakia.org\/#organization","name":"Agir Pour Namakia","url":"https:\/\/madagascarnamakia.org\/","logo":{"@type":"ImageObject","inLanguage":"fr-FR","@id":"https:\/\/madagascarnamakia.org\/#\/schema\/logo\/image\/","url":"https:\/\/i0.wp.com\/madagascarnamakia.org\/wp-content\/uploads\/2025\/04\/Logo.jpg?fit=730%2C730&ssl=1","contentUrl":"https:\/\/i0.wp.com\/madagascarnamakia.org\/wp-content\/uploads\/2025\/04\/Logo.jpg?fit=730%2C730&ssl=1","width":730,"height":730,"caption":"Agir Pour Namakia"},"image":{"@id":"https:\/\/madagascarnamakia.org\/#\/schema\/logo\/image\/"},"sameAs":["https:\/\/www.facebook.com\/AgirPourNamakia"]}]}},"jetpack_sharing_enabled":true,"_links":{"self":[{"href":"https:\/\/madagascarnamakia.org\/fr\/wp-json\/wp\/v2\/pages\/12","targetHints":{"allow":["GET"]}}],"collection":[{"href":"https:\/\/madagascarnamakia.org\/fr\/wp-json\/wp\/v2\/pages"}],"about":[{"href":"https:\/\/madagascarnamakia.org\/fr\/wp-json\/wp\/v2\/types\/page"}],"author":[{"embeddable":true,"href":"https:\/\/madagascarnamakia.org\/fr\/wp-json\/wp\/v2\/users\/1"}],"replies":[{"embeddable":true,"href":"https:\/\/madagascarnamakia.org\/fr\/wp-json\/wp\/v2\/comments?post=12"}],"version-history":[{"count":5,"href":"https:\/\/madagascarnamakia.org\/fr\/wp-json\/wp\/v2\/pages\/12\/revisions"}],"predecessor-version":[{"id":1191,"href":"https:\/\/madagascarnamakia.org\/fr\/wp-json\/wp\/v2\/pages\/12\/revisions\/1191"}],"wp:attachment":[{"href":"https:\/\/madagascarnamakia.org\/fr\/wp-json\/wp\/v2\/media?parent=12"}],"curies":[{"name":"wp","href":"https:\/\/api.w.org\/{rel}","templated":true}]}}