{"id":1121,"date":"2025-05-13T11:32:32","date_gmt":"2025-05-13T11:32:32","guid":{"rendered":"https:\/\/madagascarnamakia.org\/?page_id=1121"},"modified":"2025-05-13T14:40:43","modified_gmt":"2025-05-13T14:40:43","slug":"helping","status":"publish","type":"page","link":"https:\/\/madagascarnamakia.org\/fr\/helping\/","title":{"rendered":"Aide aux Sinistr\u00e9s"},"content":{"rendered":"<figure class=\"is-style-rounded wp-block-image alignwide size-full has-custom-border\"><img data-recalc-dims=\"1\" decoding=\"async\" width=\"838\" height=\"474\" loading=\"lazy\" src=\"https:\/\/i0.wp.com\/madagascarnamakia.org\/wp-content\/uploads\/2025\/05\/Sinistres1.png?resize=838%2C474&#038;ssl=1\" alt=\"\" class=\"has-border-color has-tertiary-border-color wp-image-1123\" style=\"border-width:10px\" srcset=\"https:\/\/i0.wp.com\/madagascarnamakia.org\/wp-content\/uploads\/2025\/05\/Sinistres1.png?w=838&amp;ssl=1 838w, https:\/\/i0.wp.com\/madagascarnamakia.org\/wp-content\/uploads\/2025\/05\/Sinistres1.png?resize=300%2C170&amp;ssl=1 300w, https:\/\/i0.wp.com\/madagascarnamakia.org\/wp-content\/uploads\/2025\/05\/Sinistres1.png?resize=768%2C434&amp;ssl=1 768w, https:\/\/i0.wp.com\/madagascarnamakia.org\/wp-content\/uploads\/2025\/05\/Sinistres1.png?resize=18%2C10&amp;ssl=1 18w\" sizes=\"auto, (max-width: 838px) 100vw, 838px\" \/><\/figure>\n\n\n\n<figure class=\"is-style-rounded wp-block-image aligncenter size-full\"><img data-recalc-dims=\"1\" decoding=\"async\" width=\"841\" height=\"466\" loading=\"lazy\" src=\"https:\/\/i0.wp.com\/madagascarnamakia.org\/wp-content\/uploads\/2025\/05\/Sinistres2.png?resize=841%2C466&#038;ssl=1\" alt=\"\" class=\"wp-image-1125\" srcset=\"https:\/\/i0.wp.com\/madagascarnamakia.org\/wp-content\/uploads\/2025\/05\/Sinistres2.png?w=841&amp;ssl=1 841w, https:\/\/i0.wp.com\/madagascarnamakia.org\/wp-content\/uploads\/2025\/05\/Sinistres2.png?resize=300%2C166&amp;ssl=1 300w, https:\/\/i0.wp.com\/madagascarnamakia.org\/wp-content\/uploads\/2025\/05\/Sinistres2.png?resize=768%2C426&amp;ssl=1 768w, https:\/\/i0.wp.com\/madagascarnamakia.org\/wp-content\/uploads\/2025\/05\/Sinistres2.png?resize=18%2C10&amp;ssl=1 18w\" sizes=\"auto, (max-width: 841px) 100vw, 841px\" \/><\/figure>\n\n\n\n<p class=\"has-primary-color has-orchid-2-gradient-background has-text-color has-background has-link-color wp-elements-827c6b9cfb172f3a54d49763c76ff6b3\"><strong>Le 19\/12\/2020 vers 18h heure locale \u00e0 Namakia, un important incendie a embras\u00e9 plusieurs habitations de forains. Les habitants, faute de mat\u00e9riel incendie, se sont munis de bassines et seaux pour tenter d'\u00e9teindre l'incendie mais en vain. Les forains sont des marchands qui vendent \u00e0 l'ann\u00e9e sur Namakia des produits de quincaillerie, d'\u00e9picerie, d'habillement, ainsi les habitants de Namakia n'ont pas \u00e0 se rendre sur Majunga. Les forains sont r\u00e9fugi\u00e9s pour l'instant \u00e0 l'\u00e9glise et dans les \u00e9coles et sont pris en charge par la soci\u00e9t\u00e9 Complant. A la veille de No\u00ebl c'est un v\u00e9ritable cauchemar pour la ville toute enti\u00e8re<\/strong><\/p>\n\n\n\n<p class=\"has-primary-color has-orchid-2-gradient-background has-text-color has-background has-link-color wp-elements-25ea21fb4af7fa915a143d120659a11f\"><strong>Gr\u00e2ce \u00e0 la mobilisation de plusieurs membres de l'association, nous avons pu rapidement r\u00e9pondre pr\u00e9sent aux besoins \u00e9l\u00e9mentaires dont avaient besoin les sinistr\u00e9s. C'est ainsi que nous avons achet\u00e9s seaux, bassines, balais, casserolles, barres de savons pour douche et lessive, huile alimentaire. L'usine Complant a \u00e9t\u00e9 sollicit\u00e9e par les \u00e9lus locaux pour fournir du riz et du sucre.<\/strong><\/p>\n\n\n\n<p class=\"has-primary-color has-orchid-3-gradient-background has-text-color has-background has-link-color wp-elements-26270589ffed4bd60069bab3c4db1ed6\"><strong>Nous tenons a vous partager le touchant remerciement adress\u00e9 par un des sinistr\u00e9s lors de la distribution:<\/strong><\/p>\n\n\n\n<p class=\"has-primary-color has-orchid-3-gradient-background has-text-color has-background has-link-color wp-elements-6ff2e0a052fd0633d003407ea1a12265\"><strong>\"Ces dons nous sont d'un grand secours et nous permettent de r\u00e9soudre en partie nos probl\u00e8mes du quotidien. Vous dites que c'est peu de chose, mais pour nous c'est vraiment \u00e9norme. Que Dieu vous b\u00e9nisse et vous les rende au centuple. les mots me manquent pour vous exprimer notre gratitude, tout ce que je peux vous dire c'est MERCI, MERCI et encore  MERCI. Transmettez notre reconnaissance \u00e0 la pr\u00e9sidente ainsi qu'\u00e0 tous les membres de l'association. Vous n'\u00eates pas seulement des amis mais aussi et surtout de la famille pour nous. Nous sommes combl\u00e9s.\"<\/strong><\/p>\n\n\n\n<div class=\"wp-block-columns is-layout-flex wp-container-core-columns-is-layout-28f84493 wp-block-columns-is-layout-flex\">\n<div class=\"wp-block-column is-layout-flow wp-block-column-is-layout-flow\">\n<figure class=\"wp-block-image size-full\"><img data-recalc-dims=\"1\" decoding=\"async\" width=\"540\" height=\"535\" loading=\"lazy\" src=\"https:\/\/i0.wp.com\/madagascarnamakia.org\/wp-content\/uploads\/2025\/05\/Sinistres3.png?resize=540%2C535&#038;ssl=1\" alt=\"\" class=\"wp-image-1128\" srcset=\"https:\/\/i0.wp.com\/madagascarnamakia.org\/wp-content\/uploads\/2025\/05\/Sinistres3.png?w=540&amp;ssl=1 540w, https:\/\/i0.wp.com\/madagascarnamakia.org\/wp-content\/uploads\/2025\/05\/Sinistres3.png?resize=300%2C297&amp;ssl=1 300w, https:\/\/i0.wp.com\/madagascarnamakia.org\/wp-content\/uploads\/2025\/05\/Sinistres3.png?resize=150%2C150&amp;ssl=1 150w, https:\/\/i0.wp.com\/madagascarnamakia.org\/wp-content\/uploads\/2025\/05\/Sinistres3.png?resize=12%2C12&amp;ssl=1 12w\" sizes=\"auto, (max-width: 540px) 100vw, 540px\" \/><\/figure>\n<\/div>\n\n\n\n<div class=\"wp-block-column is-layout-flow wp-block-column-is-layout-flow\">\n<figure class=\"wp-block-image size-full\"><img data-recalc-dims=\"1\" decoding=\"async\" width=\"540\" height=\"537\" loading=\"lazy\" src=\"https:\/\/i0.wp.com\/madagascarnamakia.org\/wp-content\/uploads\/2025\/05\/Sinistres4.png?resize=540%2C537&#038;ssl=1\" alt=\"\" class=\"wp-image-1130\" srcset=\"https:\/\/i0.wp.com\/madagascarnamakia.org\/wp-content\/uploads\/2025\/05\/Sinistres4.png?w=540&amp;ssl=1 540w, https:\/\/i0.wp.com\/madagascarnamakia.org\/wp-content\/uploads\/2025\/05\/Sinistres4.png?resize=300%2C298&amp;ssl=1 300w, https:\/\/i0.wp.com\/madagascarnamakia.org\/wp-content\/uploads\/2025\/05\/Sinistres4.png?resize=150%2C150&amp;ssl=1 150w, https:\/\/i0.wp.com\/madagascarnamakia.org\/wp-content\/uploads\/2025\/05\/Sinistres4.png?resize=12%2C12&amp;ssl=1 12w\" sizes=\"auto, (max-width: 540px) 100vw, 540px\" \/><\/figure>\n<\/div>\n\n\n\n<div class=\"wp-block-column is-layout-flow wp-block-column-is-layout-flow\">\n<figure class=\"wp-block-image size-full\"><img data-recalc-dims=\"1\" decoding=\"async\" width=\"535\" height=\"541\" loading=\"lazy\" src=\"https:\/\/i0.wp.com\/madagascarnamakia.org\/wp-content\/uploads\/2025\/05\/Sinistres5.png?resize=535%2C541&#038;ssl=1\" alt=\"\" class=\"wp-image-1132\" srcset=\"https:\/\/i0.wp.com\/madagascarnamakia.org\/wp-content\/uploads\/2025\/05\/Sinistres5.png?w=535&amp;ssl=1 535w, https:\/\/i0.wp.com\/madagascarnamakia.org\/wp-content\/uploads\/2025\/05\/Sinistres5.png?resize=297%2C300&amp;ssl=1 297w, https:\/\/i0.wp.com\/madagascarnamakia.org\/wp-content\/uploads\/2025\/05\/Sinistres5.png?resize=12%2C12&amp;ssl=1 12w\" sizes=\"auto, (max-width: 535px) 100vw, 535px\" \/><\/figure>\n<\/div>\n<\/div>","protected":false},"excerpt":{"rendered":"<p>On December 19, 2020, around 6 PM local time in Namakia, a significant fire engulfed several homes of street vendors. The residents, lacking firefighting equipment, used basins and buckets in an attempt to extinguish the fire, but to no avail. The street vendors are merchants who sell hardware, grocery, and clothing products year-round in Namakia, [&hellip;]<\/p>\n","protected":false},"author":1,"featured_media":0,"parent":0,"menu_order":0,"comment_status":"closed","ping_status":"closed","template":"","meta":{"nf_dc_page":"","om_disable_all_campaigns":false,"_monsterinsights_skip_tracking":false,"_monsterinsights_sitenote_active":false,"_monsterinsights_sitenote_note":"","_monsterinsights_sitenote_category":0,"footnotes":""},"class_list":["post-1121","page","type-page","status-publish","hentry"],"yoast_head":"<!-- This site is optimized with the Yoast SEO plugin v27.4 - https:\/\/yoast.com\/product\/yoast-seo-wordpress\/ -->\n<title>Help for the Victims - Agir Pour Namakia<\/title>\n<meta name=\"robots\" content=\"index, follow, max-snippet:-1, max-image-preview:large, max-video-preview:-1\" \/>\n<link rel=\"canonical\" href=\"https:\/\/madagascarnamakia.org\/fr\/helping\/\" \/>\n<meta property=\"og:locale\" content=\"fr_FR\" \/>\n<meta property=\"og:type\" content=\"article\" \/>\n<meta property=\"og:title\" content=\"Help for the Victims - Agir Pour Namakia\" \/>\n<meta property=\"og:description\" content=\"On December 19, 2020, around 6 PM local time in Namakia, a significant fire engulfed several homes of street vendors. The residents, lacking firefighting equipment, used basins and buckets in an attempt to extinguish the fire, but to no avail. The street vendors are merchants who sell hardware, grocery, and clothing products year-round in Namakia, [&hellip;]\" \/>\n<meta property=\"og:url\" content=\"https:\/\/madagascarnamakia.org\/fr\/helping\/\" \/>\n<meta property=\"og:site_name\" content=\"Agir Pour Namakia\" \/>\n<meta property=\"article:publisher\" content=\"https:\/\/www.facebook.com\/AgirPourNamakia\" \/>\n<meta property=\"article:modified_time\" content=\"2025-05-13T14:40:43+00:00\" \/>\n<meta property=\"og:image\" content=\"https:\/\/madagascarnamakia.org\/wp-content\/uploads\/2025\/05\/Sinistres1.png\" \/>\n<meta name=\"twitter:card\" content=\"summary_large_image\" \/>\n<meta name=\"twitter:label1\" content=\"Dur\u00e9e de lecture estim\u00e9e\" \/>\n\t<meta name=\"twitter:data1\" content=\"3 minutes\" \/>\n<script type=\"application\/ld+json\" class=\"yoast-schema-graph\">{\"@context\":\"https:\\\/\\\/schema.org\",\"@graph\":[{\"@type\":\"WebPage\",\"@id\":\"https:\\\/\\\/madagascarnamakia.org\\\/helping\\\/\",\"url\":\"https:\\\/\\\/madagascarnamakia.org\\\/helping\\\/\",\"name\":\"Help for the Victims - Agir Pour Namakia\",\"isPartOf\":{\"@id\":\"https:\\\/\\\/madagascarnamakia.org\\\/#website\"},\"primaryImageOfPage\":{\"@id\":\"https:\\\/\\\/madagascarnamakia.org\\\/helping\\\/#primaryimage\"},\"image\":{\"@id\":\"https:\\\/\\\/madagascarnamakia.org\\\/helping\\\/#primaryimage\"},\"thumbnailUrl\":\"https:\\\/\\\/madagascarnamakia.org\\\/wp-content\\\/uploads\\\/2025\\\/05\\\/Sinistres1.png\",\"datePublished\":\"2025-05-13T11:32:32+00:00\",\"dateModified\":\"2025-05-13T14:40:43+00:00\",\"breadcrumb\":{\"@id\":\"https:\\\/\\\/madagascarnamakia.org\\\/helping\\\/#breadcrumb\"},\"inLanguage\":\"fr-FR\",\"potentialAction\":[{\"@type\":\"ReadAction\",\"target\":[\"https:\\\/\\\/madagascarnamakia.org\\\/helping\\\/\"]}]},{\"@type\":\"ImageObject\",\"inLanguage\":\"fr-FR\",\"@id\":\"https:\\\/\\\/madagascarnamakia.org\\\/helping\\\/#primaryimage\",\"url\":\"https:\\\/\\\/madagascarnamakia.org\\\/wp-content\\\/uploads\\\/2025\\\/05\\\/Sinistres1.png\",\"contentUrl\":\"https:\\\/\\\/madagascarnamakia.org\\\/wp-content\\\/uploads\\\/2025\\\/05\\\/Sinistres1.png\"},{\"@type\":\"BreadcrumbList\",\"@id\":\"https:\\\/\\\/madagascarnamakia.org\\\/helping\\\/#breadcrumb\",\"itemListElement\":[{\"@type\":\"ListItem\",\"position\":1,\"name\":\"Home\",\"item\":\"https:\\\/\\\/madagascarnamakia.org\\\/\"},{\"@type\":\"ListItem\",\"position\":2,\"name\":\"Help for the Victims\"}]},{\"@type\":\"WebSite\",\"@id\":\"https:\\\/\\\/madagascarnamakia.org\\\/#website\",\"url\":\"https:\\\/\\\/madagascarnamakia.org\\\/\",\"name\":\"Agir Pour Namakia\",\"description\":\"Tagline\",\"publisher\":{\"@id\":\"https:\\\/\\\/madagascarnamakia.org\\\/#organization\"},\"potentialAction\":[{\"@type\":\"SearchAction\",\"target\":{\"@type\":\"EntryPoint\",\"urlTemplate\":\"https:\\\/\\\/madagascarnamakia.org\\\/?s={search_term_string}\"},\"query-input\":{\"@type\":\"PropertyValueSpecification\",\"valueRequired\":true,\"valueName\":\"search_term_string\"}}],\"inLanguage\":\"fr-FR\"},{\"@type\":\"Organization\",\"@id\":\"https:\\\/\\\/madagascarnamakia.org\\\/#organization\",\"name\":\"Agir Pour Namakia\",\"url\":\"https:\\\/\\\/madagascarnamakia.org\\\/\",\"logo\":{\"@type\":\"ImageObject\",\"inLanguage\":\"fr-FR\",\"@id\":\"https:\\\/\\\/madagascarnamakia.org\\\/#\\\/schema\\\/logo\\\/image\\\/\",\"url\":\"https:\\\/\\\/i0.wp.com\\\/madagascarnamakia.org\\\/wp-content\\\/uploads\\\/2025\\\/04\\\/Logo.jpg?fit=730%2C730&ssl=1\",\"contentUrl\":\"https:\\\/\\\/i0.wp.com\\\/madagascarnamakia.org\\\/wp-content\\\/uploads\\\/2025\\\/04\\\/Logo.jpg?fit=730%2C730&ssl=1\",\"width\":730,\"height\":730,\"caption\":\"Agir Pour Namakia\"},\"image\":{\"@id\":\"https:\\\/\\\/madagascarnamakia.org\\\/#\\\/schema\\\/logo\\\/image\\\/\"},\"sameAs\":[\"https:\\\/\\\/www.facebook.com\\\/AgirPourNamakia\"]}]}<\/script>\n<!-- \/ Yoast SEO plugin. -->","yoast_head_json":{"title":"Help for the Victims - Agir Pour Namakia","robots":{"index":"index","follow":"follow","max-snippet":"max-snippet:-1","max-image-preview":"max-image-preview:large","max-video-preview":"max-video-preview:-1"},"canonical":"https:\/\/madagascarnamakia.org\/fr\/helping\/","og_locale":"fr_FR","og_type":"article","og_title":"Help for the Victims - Agir Pour Namakia","og_description":"On December 19, 2020, around 6 PM local time in Namakia, a significant fire engulfed several homes of street vendors. The residents, lacking firefighting equipment, used basins and buckets in an attempt to extinguish the fire, but to no avail. The street vendors are merchants who sell hardware, grocery, and clothing products year-round in Namakia, [&hellip;]","og_url":"https:\/\/madagascarnamakia.org\/fr\/helping\/","og_site_name":"Agir Pour Namakia","article_publisher":"https:\/\/www.facebook.com\/AgirPourNamakia","article_modified_time":"2025-05-13T14:40:43+00:00","og_image":[{"url":"https:\/\/madagascarnamakia.org\/wp-content\/uploads\/2025\/05\/Sinistres1.png","type":"","width":"","height":""}],"twitter_card":"summary_large_image","twitter_misc":{"Dur\u00e9e de lecture estim\u00e9e":"3 minutes"},"schema":{"@context":"https:\/\/schema.org","@graph":[{"@type":"WebPage","@id":"https:\/\/madagascarnamakia.org\/helping\/","url":"https:\/\/madagascarnamakia.org\/helping\/","name":"Help for the Victims - Agir Pour Namakia","isPartOf":{"@id":"https:\/\/madagascarnamakia.org\/#website"},"primaryImageOfPage":{"@id":"https:\/\/madagascarnamakia.org\/helping\/#primaryimage"},"image":{"@id":"https:\/\/madagascarnamakia.org\/helping\/#primaryimage"},"thumbnailUrl":"https:\/\/madagascarnamakia.org\/wp-content\/uploads\/2025\/05\/Sinistres1.png","datePublished":"2025-05-13T11:32:32+00:00","dateModified":"2025-05-13T14:40:43+00:00","breadcrumb":{"@id":"https:\/\/madagascarnamakia.org\/helping\/#breadcrumb"},"inLanguage":"fr-FR","potentialAction":[{"@type":"ReadAction","target":["https:\/\/madagascarnamakia.org\/helping\/"]}]},{"@type":"ImageObject","inLanguage":"fr-FR","@id":"https:\/\/madagascarnamakia.org\/helping\/#primaryimage","url":"https:\/\/madagascarnamakia.org\/wp-content\/uploads\/2025\/05\/Sinistres1.png","contentUrl":"https:\/\/madagascarnamakia.org\/wp-content\/uploads\/2025\/05\/Sinistres1.png"},{"@type":"BreadcrumbList","@id":"https:\/\/madagascarnamakia.org\/helping\/#breadcrumb","itemListElement":[{"@type":"ListItem","position":1,"name":"Home","item":"https:\/\/madagascarnamakia.org\/"},{"@type":"ListItem","position":2,"name":"Help for the Victims"}]},{"@type":"WebSite","@id":"https:\/\/madagascarnamakia.org\/#website","url":"https:\/\/madagascarnamakia.org\/","name":"Agir Pour Namakia","description":"Tagline","publisher":{"@id":"https:\/\/madagascarnamakia.org\/#organization"},"potentialAction":[{"@type":"SearchAction","target":{"@type":"EntryPoint","urlTemplate":"https:\/\/madagascarnamakia.org\/?s={search_term_string}"},"query-input":{"@type":"PropertyValueSpecification","valueRequired":true,"valueName":"search_term_string"}}],"inLanguage":"fr-FR"},{"@type":"Organization","@id":"https:\/\/madagascarnamakia.org\/#organization","name":"Agir Pour Namakia","url":"https:\/\/madagascarnamakia.org\/","logo":{"@type":"ImageObject","inLanguage":"fr-FR","@id":"https:\/\/madagascarnamakia.org\/#\/schema\/logo\/image\/","url":"https:\/\/i0.wp.com\/madagascarnamakia.org\/wp-content\/uploads\/2025\/04\/Logo.jpg?fit=730%2C730&ssl=1","contentUrl":"https:\/\/i0.wp.com\/madagascarnamakia.org\/wp-content\/uploads\/2025\/04\/Logo.jpg?fit=730%2C730&ssl=1","width":730,"height":730,"caption":"Agir Pour Namakia"},"image":{"@id":"https:\/\/madagascarnamakia.org\/#\/schema\/logo\/image\/"},"sameAs":["https:\/\/www.facebook.com\/AgirPourNamakia"]}]}},"jetpack_sharing_enabled":true,"_links":{"self":[{"href":"https:\/\/madagascarnamakia.org\/fr\/wp-json\/wp\/v2\/pages\/1121","targetHints":{"allow":["GET"]}}],"collection":[{"href":"https:\/\/madagascarnamakia.org\/fr\/wp-json\/wp\/v2\/pages"}],"about":[{"href":"https:\/\/madagascarnamakia.org\/fr\/wp-json\/wp\/v2\/types\/page"}],"author":[{"embeddable":true,"href":"https:\/\/madagascarnamakia.org\/fr\/wp-json\/wp\/v2\/users\/1"}],"replies":[{"embeddable":true,"href":"https:\/\/madagascarnamakia.org\/fr\/wp-json\/wp\/v2\/comments?post=1121"}],"version-history":[{"count":3,"href":"https:\/\/madagascarnamakia.org\/fr\/wp-json\/wp\/v2\/pages\/1121\/revisions"}],"predecessor-version":[{"id":1148,"href":"https:\/\/madagascarnamakia.org\/fr\/wp-json\/wp\/v2\/pages\/1121\/revisions\/1148"}],"wp:attachment":[{"href":"https:\/\/madagascarnamakia.org\/fr\/wp-json\/wp\/v2\/media?parent=1121"}],"curies":[{"name":"wp","href":"https:\/\/api.w.org\/{rel}","templated":true}]}}