{"id":106,"date":"2025-04-11T21:16:03","date_gmt":"2025-04-11T21:16:03","guid":{"rendered":"https:\/\/madagascarnamakia.org\/?page_id=106"},"modified":"2025-10-01T18:01:34","modified_gmt":"2025-10-01T18:01:34","slug":"aboutus","status":"publish","type":"page","link":"https:\/\/madagascarnamakia.org\/fr\/aboutus\/","title":{"rendered":"Qui Sommes Nous"},"content":{"rendered":"<h3 class=\"wp-block-heading\" id=\"h.p_xOHFjfm0iaCy_l\">L'association a \u00e9t\u00e9 cr\u00e9\u00e9e en 2019 lorsque la fondatrice, Pauline-Claire Bourges, est retourn\u00e9e dans son village d'enfance de Namakia. Surprise par les conditions de vie des familles qui se d\u00e9t\u00e9riorent chaque ann\u00e9e, elle a d\u00e9cid\u00e9 de les aider en cr\u00e9ant l'association.<\/h3>\n\n\n\n<h3 class=\"wp-block-heading\" id=\"h.p_LuqRILYEaXDa_l\">D'autres b\u00e9n\u00e9voles ont rejoint le projet: Christine Sanahova, la vice-pr\u00e9sidente qui r\u00e9side \u00e0 Namakia, ainsi que la secr\u00e9taire, Beatrice Wuest, et Armelle Bernard en tant que tr\u00e9sori\u00e8re.<\/h3>\n\n\n\n<div class=\"nfd-container nfd-p-lg nfd-wb-gallery__gallery-3 wp-block-group has-orchid-1-gradient-background has-background nfd-bg-effect-grid-perspective is-layout-constrained wp-block-group-is-layout-constrained\" style=\"border-radius:31px\">\n<figure class=\"wp-block-gallery has-nested-images columns-4 is-cropped wp-block-gallery-1 is-layout-flex wp-block-gallery-is-layout-flex\">\n<figure class=\"nfd-mt-8 md:nfd-my-0 is-style-rounded wp-block-image size-large\"><img data-recalc-dims=\"1\" decoding=\"async\" width=\"1024\" height=\"683\" loading=\"lazy\" data-id=\"230\" src=\"https:\/\/i0.wp.com\/madagascarnamakia.org\/wp-content\/uploads\/2025\/04\/Claire-Presidentet-5.jpg?resize=1024%2C683&#038;ssl=1\" alt=\"\" class=\"wp-image-230\" style=\"aspect-ratio:2\/3;object-fit:cover\" srcset=\"https:\/\/i0.wp.com\/madagascarnamakia.org\/wp-content\/uploads\/2025\/04\/Claire-Presidentet-5.jpg?resize=1024%2C683&amp;ssl=1 1024w, https:\/\/i0.wp.com\/madagascarnamakia.org\/wp-content\/uploads\/2025\/04\/Claire-Presidentet-5.jpg?resize=300%2C200&amp;ssl=1 300w, https:\/\/i0.wp.com\/madagascarnamakia.org\/wp-content\/uploads\/2025\/04\/Claire-Presidentet-5.jpg?resize=768%2C512&amp;ssl=1 768w, https:\/\/i0.wp.com\/madagascarnamakia.org\/wp-content\/uploads\/2025\/04\/Claire-Presidentet-5.jpg?resize=1536%2C1024&amp;ssl=1 1536w, https:\/\/i0.wp.com\/madagascarnamakia.org\/wp-content\/uploads\/2025\/04\/Claire-Presidentet-5.jpg?resize=18%2C12&amp;ssl=1 18w, https:\/\/i0.wp.com\/madagascarnamakia.org\/wp-content\/uploads\/2025\/04\/Claire-Presidentet-5.jpg?w=2048&amp;ssl=1 2048w\" sizes=\"auto, (max-width: 1000px) 100vw, 1000px\" \/><figcaption class=\"wp-element-caption\"><strong>Claire: <\/strong>Pr\u00e9sidente<\/figcaption><\/figure>\n\n\n\n<figure class=\"nfd-mb-8 md:nfd-my-0 is-style-rounded wp-block-image size-full\"><img data-recalc-dims=\"1\" decoding=\"async\" width=\"765\" height=\"574\" loading=\"lazy\" data-id=\"232\" src=\"https:\/\/i0.wp.com\/madagascarnamakia.org\/wp-content\/uploads\/2025\/04\/Christine-Vice-Presidente-2.jpg?resize=765%2C574&#038;ssl=1\" alt=\"\" class=\"wp-image-232\" style=\"aspect-ratio:2\/3;object-fit:cover\" srcset=\"https:\/\/i0.wp.com\/madagascarnamakia.org\/wp-content\/uploads\/2025\/04\/Christine-Vice-Presidente-2.jpg?w=765&amp;ssl=1 765w, https:\/\/i0.wp.com\/madagascarnamakia.org\/wp-content\/uploads\/2025\/04\/Christine-Vice-Presidente-2.jpg?resize=300%2C225&amp;ssl=1 300w, https:\/\/i0.wp.com\/madagascarnamakia.org\/wp-content\/uploads\/2025\/04\/Christine-Vice-Presidente-2.jpg?resize=16%2C12&amp;ssl=1 16w\" sizes=\"auto, (max-width: 765px) 100vw, 765px\" \/><figcaption class=\"wp-element-caption\"><strong>Christine: <\/strong>Vice-Pr\u00e9sidente<\/figcaption><\/figure>\n\n\n\n<figure class=\"nfd-mt-8 md:nfd-my-0 is-style-rounded wp-block-image size-full\"><img data-recalc-dims=\"1\" decoding=\"async\" width=\"427\" height=\"415\" loading=\"lazy\" data-id=\"236\" src=\"https:\/\/i0.wp.com\/madagascarnamakia.org\/wp-content\/uploads\/2025\/04\/Beatrice-3.png?resize=427%2C415&#038;ssl=1\" alt=\"\" class=\"wp-image-236\" style=\"aspect-ratio:2\/3;object-fit:cover\" srcset=\"https:\/\/i0.wp.com\/madagascarnamakia.org\/wp-content\/uploads\/2025\/04\/Beatrice-3.png?w=427&amp;ssl=1 427w, https:\/\/i0.wp.com\/madagascarnamakia.org\/wp-content\/uploads\/2025\/04\/Beatrice-3.png?resize=300%2C292&amp;ssl=1 300w, https:\/\/i0.wp.com\/madagascarnamakia.org\/wp-content\/uploads\/2025\/04\/Beatrice-3.png?resize=12%2C12&amp;ssl=1 12w\" sizes=\"auto, (max-width: 427px) 100vw, 427px\" \/><figcaption class=\"wp-element-caption\"><strong>Beatrice: <\/strong>Secr\u00e9taire<\/figcaption><\/figure>\n\n\n\n<figure class=\"nfd-mb-8 md:nfd-my-0 is-style-rounded wp-block-image size-large\"><img data-recalc-dims=\"1\" decoding=\"async\" width=\"765\" height=\"1024\" loading=\"lazy\" data-id=\"238\" src=\"https:\/\/i0.wp.com\/madagascarnamakia.org\/wp-content\/uploads\/2025\/04\/Armelle-4.jpg?resize=765%2C1024&#038;ssl=1\" alt=\"\" class=\"wp-image-238\" style=\"aspect-ratio:2\/3;object-fit:cover\" srcset=\"https:\/\/i0.wp.com\/madagascarnamakia.org\/wp-content\/uploads\/2025\/04\/Armelle-4-scaled.jpg?resize=765%2C1024&amp;ssl=1 765w, https:\/\/i0.wp.com\/madagascarnamakia.org\/wp-content\/uploads\/2025\/04\/Armelle-4-scaled.jpg?resize=224%2C300&amp;ssl=1 224w, https:\/\/i0.wp.com\/madagascarnamakia.org\/wp-content\/uploads\/2025\/04\/Armelle-4-scaled.jpg?resize=768%2C1028&amp;ssl=1 768w, https:\/\/i0.wp.com\/madagascarnamakia.org\/wp-content\/uploads\/2025\/04\/Armelle-4-scaled.jpg?resize=1148%2C1536&amp;ssl=1 1148w, https:\/\/i0.wp.com\/madagascarnamakia.org\/wp-content\/uploads\/2025\/04\/Armelle-4-scaled.jpg?resize=1530%2C2048&amp;ssl=1 1530w, https:\/\/i0.wp.com\/madagascarnamakia.org\/wp-content\/uploads\/2025\/04\/Armelle-4-scaled.jpg?resize=9%2C12&amp;ssl=1 9w, https:\/\/i0.wp.com\/madagascarnamakia.org\/wp-content\/uploads\/2025\/04\/Armelle-4-scaled.jpg?w=1913&amp;ssl=1 1913w\" sizes=\"auto, (max-width: 765px) 100vw, 765px\" \/><figcaption class=\"wp-element-caption\"><strong>Armelle:<\/strong> Tr\u00e9sori\u00e8re<\/figcaption><\/figure>\n<\/figure>\n<\/div>\n\n\n\n<p class=\"has-orchid-3-gradient-background has-background\" style=\"border-radius:20px\"><strong>Claire Bourges: President<\/strong><\/p>\n\n\n\n<p class=\"\">Je suis n\u00e9 \u00e0 Namakia. Depuis que j'ai quitt\u00e9 mon village d'enfance, auquel je suis encore tr\u00e8s attach\u00e9, j'ai voulu aider la population locale, en particulier les enfants.<\/p>\n\n\n\n<p class=\"\">Lors de mes diff\u00e9rents voyages \u00e0 Madagascar, en particulier \u00e0 Namakia, j'ai constat\u00e9 que la vie locale devenait de plus en plus difficile et instable. Ces constats, ainsi que le fait d'avoir des personnes pr\u00eates \u00e0 consacrer leur temps et leurs efforts, m'ont aid\u00e9 \u00e0 cr\u00e9er l'association. Cette cause me tient tr\u00e8s \u00e0 c\u0153ur.<\/p>\n\n\n\n<p class=\"\">Nous sommes au d\u00e9but de tous nos projets, et ensemble nous pouvons continuer ce qui a commenc\u00e9.<\/p>\n\n\n\n<p class=\"\">Nous savons que nous sommes encore une petite association, mais nous continuerons \u00e0 imaginer de nouveaux projets avec votre aide et votre soutien.<\/p>\n\n\n\n<p class=\"has-orchid-3-gradient-background has-background\" style=\"border-radius:20px\"><strong>Christine Sanahova<\/strong>: <strong>Vice-Pr\u00e9sidente<\/strong><\/p>\n\n\n\n<p class=\"\">J\u2019habite a\u0300 Namakia et suis assistante de direction a\u0300 la Sucrerie Co\u0302te Ouest de Complant, proprie\u0301taire de l\u2019e\u0301cole e\u0301le\u0301mentaire.<\/p>\n\n\n\n<p class=\"\">Lorsque ma belle-s\u0153ur Claire m'a demand\u00e9 de participer \u00e0 l'association pour Namakia en tant que vice-pr\u00e9sidente, j'ai accept\u00e9 sans h\u00e9siter. Je sais que toutes les actions au nom de l'association n\u00e9cessitent une personne locale pour superviser les projets et leur financement. De plus, vivre \u00e0 Namakia m'aide \u00e0 d\u00e9tecter leurs besoins et \u00e0 en cat\u00e9goriser l'urgence. Mon r\u00f4le au sein de l'association est de garantir l'ach\u00e8vement de nos projets.<\/p>\n\n\n\n<p class=\"\">De plus, travailler directement \u00e0 l'usine de sucre m'a aid\u00e9 \u00e0 \u00e9tablir une relation directe avec la construction des toilettes en 2020 ainsi qu'avec plusieurs autres projets pour les enfants de l'\u00e9cole.<\/p>\n\n\n\n<p class=\"has-orchid-3-gradient-background has-background\" style=\"border-radius:20px\"><strong>B\u00e9atrice Wuest: Secr\u00e9taire<\/strong><\/p>\n\n\n\n<p class=\"\">Lorsque mon amie Claire m'a demand\u00e9 de participer \u00e0 l'association, j'ai vraiment voulu la soutenir dans son id\u00e9e d'am\u00e9liorer les conditions des enfants de Namakia. En voyant \u00e0 quel point elle \u00e9tait occup\u00e9e \u00e0 aider le peuple de Namakia, j'ai accept\u00e9 de rejoindre et d'aider l'association.<\/p>\n\n\n\n<p class=\"\">Apr\u00e8s avoir \u00e9t\u00e9 directeur des ressources humaines dans une grande entreprise automobile, j'ai d\u00e9cid\u00e9 de donner une nouvelle orientation \u00e0 ma carri\u00e8re en devenant psychoth\u00e9rapeute. Aider la nature humaine a toujours \u00e9t\u00e9 au c\u0153ur de mon \u00eatre, et aider au sein de l'association avait un sens pour moi.<\/p>\n\n\n\n<p class=\"has-orchid-3-gradient-background has-background\" style=\"border-radius:20px\"><strong>Armelle Bernard: Tr\u00e9sori\u00e8re<\/strong><\/p>\n\n\n\n<p class=\"\">Je vis aux \u00c9tats-Unis, et j'ai rencontr\u00e9e Claire il y a 35 ans lorsque j'ai fait un stage sous sa supervision. Nous sommes amies depuis ce temps-l\u00e0, et lorsqu'elle m'a demand\u00e9 si j'\u00e9tais int\u00e9ress\u00e9e \u00e0 devenir tr\u00e9soriere, j'ai accept\u00e9 imm\u00e9diatement. Mon mari et moi avons cr\u00e9\u00e9 notre propre soci\u00e9t\u00e9 de conseil en informatique en 1999, et j'esp\u00e8re apporter une partie de mon expertise en gestion et en comptabilit\u00e9 \u00e0 l'association. Je suis impressionn\u00e9e par tout le travail merveilleux que l'association accomplit, et j'ai voulu m'impliquer davantage au fil des ans. Je suis reconnaissante et honor\u00e9e d'avoir \u00e9t\u00e9 sollicit\u00e9e pour ce poste et je vous remercie de la confiance qui m'est accord\u00e9e.<strong>&nbsp;<\/strong><\/p>\n\n\n\n<p class=\"\">Le bureau s'est adjoint les services de deux membres associ\u00e9s, ayant voix consultative. D\u00e9borah B\u00e9nard, graphiste, et Karine Suares, cr\u00e9atrice et animatrice du compte facebook.<\/p>\n\n\n\n<div class=\"nfd-container nfd-p-md nfd-wb-gallery__gallery-1 wp-block-group is-layout-constrained wp-block-group-is-layout-constrained\">\n<div class=\"wp-block-columns are-vertically-aligned-center has-orchid-2-gradient-background has-background is-layout-flex wp-container-core-columns-is-layout-d7d455e7 wp-block-columns-is-layout-flex\" style=\"border-radius:20px;padding-top:0;padding-right:0;padding-bottom:0;padding-left:0\">\n<div class=\"wp-block-column is-vertically-aligned-center is-layout-flow wp-block-column-is-layout-flow\">\n<figure class=\"nfd-rounded is-style-rounded wp-block-image size-full has-custom-border\"><img data-recalc-dims=\"1\" decoding=\"async\" width=\"605\" height=\"826\" loading=\"lazy\" src=\"https:\/\/i0.wp.com\/madagascarnamakia.org\/wp-content\/uploads\/2025\/04\/Debora-BENARD-2.jpg?resize=605%2C826&#038;ssl=1\" alt=\"\" class=\"wp-image-246\" style=\"border-radius:20px\" srcset=\"https:\/\/i0.wp.com\/madagascarnamakia.org\/wp-content\/uploads\/2025\/04\/Debora-BENARD-2.jpg?w=605&amp;ssl=1 605w, https:\/\/i0.wp.com\/madagascarnamakia.org\/wp-content\/uploads\/2025\/04\/Debora-BENARD-2.jpg?resize=220%2C300&amp;ssl=1 220w, https:\/\/i0.wp.com\/madagascarnamakia.org\/wp-content\/uploads\/2025\/04\/Debora-BENARD-2.jpg?resize=9%2C12&amp;ssl=1 9w\" sizes=\"auto, (max-width: 605px) 100vw, 605px\" \/><figcaption class=\"wp-element-caption\"><strong>Deborah B\u00e9nard: Website designer<\/strong><\/figcaption><\/figure>\n<\/div>\n\n\n\n<div class=\"wp-block-column is-vertically-aligned-center is-layout-flow wp-block-column-is-layout-flow\" style=\"flex-basis:36%\"><\/div>\n\n\n\n<div class=\"wp-block-column is-vertically-aligned-center is-layout-flow wp-block-column-is-layout-flow\">\n<figure class=\"nfd-rounded is-style-rounded wp-block-image size-full has-custom-border\"><img data-recalc-dims=\"1\" decoding=\"async\" width=\"1200\" height=\"1600\" loading=\"lazy\" src=\"https:\/\/i0.wp.com\/madagascarnamakia.org\/wp-content\/uploads\/2025\/04\/Karine-SUARES-2.jpg?resize=1200%2C1600&#038;ssl=1\" alt=\"\" class=\"wp-image-248\" style=\"border-radius:20px;aspect-ratio:2\/3;object-fit:cover\" srcset=\"https:\/\/i0.wp.com\/madagascarnamakia.org\/wp-content\/uploads\/2025\/04\/Karine-SUARES-2.jpg?w=1200&amp;ssl=1 1200w, https:\/\/i0.wp.com\/madagascarnamakia.org\/wp-content\/uploads\/2025\/04\/Karine-SUARES-2.jpg?resize=225%2C300&amp;ssl=1 225w, https:\/\/i0.wp.com\/madagascarnamakia.org\/wp-content\/uploads\/2025\/04\/Karine-SUARES-2.jpg?resize=768%2C1024&amp;ssl=1 768w, https:\/\/i0.wp.com\/madagascarnamakia.org\/wp-content\/uploads\/2025\/04\/Karine-SUARES-2.jpg?resize=1152%2C1536&amp;ssl=1 1152w, https:\/\/i0.wp.com\/madagascarnamakia.org\/wp-content\/uploads\/2025\/04\/Karine-SUARES-2.jpg?resize=9%2C12&amp;ssl=1 9w\" sizes=\"auto, (max-width: 1000px) 100vw, 1000px\" \/><figcaption class=\"wp-element-caption\"><strong>Karine Suares: Cr\u00e9atrice et animatrice du compte facebook.<\/strong><\/figcaption><\/figure>\n<\/div>\n<\/div>\n<\/div>\n\n\n\n<p class=\"\"><\/p>","protected":false},"excerpt":{"rendered":"<p>The association started in 2019 when the founder, Pauline-Claire Bourges, returned to her childhood village of Namakia. Surprised by the living conditions of families that are getting worse and worse each year, she decided to help them, by creating the association. Other volunteers joined the project: Christine Sanahova, the vice-president who resides in Namakia, as [&hellip;]<\/p>\n","protected":false},"author":1,"featured_media":18,"parent":0,"menu_order":0,"comment_status":"closed","ping_status":"closed","template":"","meta":{"nf_dc_page":"","om_disable_all_campaigns":false,"_monsterinsights_skip_tracking":false,"_monsterinsights_sitenote_active":false,"_monsterinsights_sitenote_note":"","_monsterinsights_sitenote_category":0,"footnotes":""},"class_list":["post-106","page","type-page","status-publish","has-post-thumbnail","hentry"],"yoast_head":"<!-- This site is optimized with the Yoast SEO plugin v27.4 - https:\/\/yoast.com\/product\/yoast-seo-wordpress\/ -->\n<title>Who are we? - Agir Pour Namakia<\/title>\n<meta name=\"robots\" content=\"index, follow, max-snippet:-1, max-image-preview:large, max-video-preview:-1\" \/>\n<link rel=\"canonical\" href=\"https:\/\/madagascarnamakia.org\/fr\/aboutus\/\" \/>\n<meta property=\"og:locale\" content=\"fr_FR\" \/>\n<meta property=\"og:type\" content=\"article\" \/>\n<meta property=\"og:title\" content=\"Who are we? - Agir Pour Namakia\" \/>\n<meta property=\"og:description\" content=\"The association started in 2019 when the founder, Pauline-Claire Bourges, returned to her childhood village of Namakia. Surprised by the living conditions of families that are getting worse and worse each year, she decided to help them, by creating the association. Other volunteers joined the project: Christine Sanahova, the vice-president who resides in Namakia, as [&hellip;]\" \/>\n<meta property=\"og:url\" content=\"https:\/\/madagascarnamakia.org\/fr\/aboutus\/\" \/>\n<meta property=\"og:site_name\" content=\"Agir Pour Namakia\" \/>\n<meta property=\"article:publisher\" content=\"https:\/\/www.facebook.com\/AgirPourNamakia\" \/>\n<meta property=\"article:modified_time\" content=\"2025-10-01T18:01:34+00:00\" \/>\n<meta property=\"og:image\" content=\"https:\/\/madagascarnamakia.org\/wp-content\/uploads\/2025\/04\/Fond-decran-Qui-sommes-nous-.webp\" \/>\n\t<meta property=\"og:image:width\" content=\"1600\" \/>\n\t<meta property=\"og:image:height\" content=\"1200\" \/>\n\t<meta property=\"og:image:type\" content=\"image\/webp\" \/>\n<meta name=\"twitter:card\" content=\"summary_large_image\" \/>\n<meta name=\"twitter:label1\" content=\"Dur\u00e9e de lecture estim\u00e9e\" \/>\n\t<meta name=\"twitter:data1\" content=\"4 minutes\" \/>\n<script type=\"application\/ld+json\" class=\"yoast-schema-graph\">{\"@context\":\"https:\\\/\\\/schema.org\",\"@graph\":[{\"@type\":\"WebPage\",\"@id\":\"https:\\\/\\\/madagascarnamakia.org\\\/aboutus\\\/\",\"url\":\"https:\\\/\\\/madagascarnamakia.org\\\/aboutus\\\/\",\"name\":\"Who are we? - Agir Pour Namakia\",\"isPartOf\":{\"@id\":\"https:\\\/\\\/madagascarnamakia.org\\\/#website\"},\"primaryImageOfPage\":{\"@id\":\"https:\\\/\\\/madagascarnamakia.org\\\/aboutus\\\/#primaryimage\"},\"image\":{\"@id\":\"https:\\\/\\\/madagascarnamakia.org\\\/aboutus\\\/#primaryimage\"},\"thumbnailUrl\":\"https:\\\/\\\/i0.wp.com\\\/madagascarnamakia.org\\\/wp-content\\\/uploads\\\/2025\\\/04\\\/Fond-decran-Qui-sommes-nous-.webp?fit=1600%2C1200&ssl=1\",\"datePublished\":\"2025-04-11T21:16:03+00:00\",\"dateModified\":\"2025-10-01T18:01:34+00:00\",\"breadcrumb\":{\"@id\":\"https:\\\/\\\/madagascarnamakia.org\\\/aboutus\\\/#breadcrumb\"},\"inLanguage\":\"fr-FR\",\"potentialAction\":[{\"@type\":\"ReadAction\",\"target\":[\"https:\\\/\\\/madagascarnamakia.org\\\/aboutus\\\/\"]}]},{\"@type\":\"ImageObject\",\"inLanguage\":\"fr-FR\",\"@id\":\"https:\\\/\\\/madagascarnamakia.org\\\/aboutus\\\/#primaryimage\",\"url\":\"https:\\\/\\\/i0.wp.com\\\/madagascarnamakia.org\\\/wp-content\\\/uploads\\\/2025\\\/04\\\/Fond-decran-Qui-sommes-nous-.webp?fit=1600%2C1200&ssl=1\",\"contentUrl\":\"https:\\\/\\\/i0.wp.com\\\/madagascarnamakia.org\\\/wp-content\\\/uploads\\\/2025\\\/04\\\/Fond-decran-Qui-sommes-nous-.webp?fit=1600%2C1200&ssl=1\",\"width\":1600,\"height\":1200},{\"@type\":\"BreadcrumbList\",\"@id\":\"https:\\\/\\\/madagascarnamakia.org\\\/aboutus\\\/#breadcrumb\",\"itemListElement\":[{\"@type\":\"ListItem\",\"position\":1,\"name\":\"Home\",\"item\":\"https:\\\/\\\/madagascarnamakia.org\\\/\"},{\"@type\":\"ListItem\",\"position\":2,\"name\":\"Who are we?\"}]},{\"@type\":\"WebSite\",\"@id\":\"https:\\\/\\\/madagascarnamakia.org\\\/#website\",\"url\":\"https:\\\/\\\/madagascarnamakia.org\\\/\",\"name\":\"Agir Pour Namakia\",\"description\":\"Tagline\",\"publisher\":{\"@id\":\"https:\\\/\\\/madagascarnamakia.org\\\/#organization\"},\"potentialAction\":[{\"@type\":\"SearchAction\",\"target\":{\"@type\":\"EntryPoint\",\"urlTemplate\":\"https:\\\/\\\/madagascarnamakia.org\\\/?s={search_term_string}\"},\"query-input\":{\"@type\":\"PropertyValueSpecification\",\"valueRequired\":true,\"valueName\":\"search_term_string\"}}],\"inLanguage\":\"fr-FR\"},{\"@type\":\"Organization\",\"@id\":\"https:\\\/\\\/madagascarnamakia.org\\\/#organization\",\"name\":\"Agir Pour Namakia\",\"url\":\"https:\\\/\\\/madagascarnamakia.org\\\/\",\"logo\":{\"@type\":\"ImageObject\",\"inLanguage\":\"fr-FR\",\"@id\":\"https:\\\/\\\/madagascarnamakia.org\\\/#\\\/schema\\\/logo\\\/image\\\/\",\"url\":\"https:\\\/\\\/i0.wp.com\\\/madagascarnamakia.org\\\/wp-content\\\/uploads\\\/2025\\\/04\\\/Logo.jpg?fit=730%2C730&ssl=1\",\"contentUrl\":\"https:\\\/\\\/i0.wp.com\\\/madagascarnamakia.org\\\/wp-content\\\/uploads\\\/2025\\\/04\\\/Logo.jpg?fit=730%2C730&ssl=1\",\"width\":730,\"height\":730,\"caption\":\"Agir Pour Namakia\"},\"image\":{\"@id\":\"https:\\\/\\\/madagascarnamakia.org\\\/#\\\/schema\\\/logo\\\/image\\\/\"},\"sameAs\":[\"https:\\\/\\\/www.facebook.com\\\/AgirPourNamakia\"]}]}<\/script>\n<!-- \/ Yoast SEO plugin. -->","yoast_head_json":{"title":"Who are we? - Agir Pour Namakia","robots":{"index":"index","follow":"follow","max-snippet":"max-snippet:-1","max-image-preview":"max-image-preview:large","max-video-preview":"max-video-preview:-1"},"canonical":"https:\/\/madagascarnamakia.org\/fr\/aboutus\/","og_locale":"fr_FR","og_type":"article","og_title":"Who are we? - Agir Pour Namakia","og_description":"The association started in 2019 when the founder, Pauline-Claire Bourges, returned to her childhood village of Namakia. Surprised by the living conditions of families that are getting worse and worse each year, she decided to help them, by creating the association. Other volunteers joined the project: Christine Sanahova, the vice-president who resides in Namakia, as [&hellip;]","og_url":"https:\/\/madagascarnamakia.org\/fr\/aboutus\/","og_site_name":"Agir Pour Namakia","article_publisher":"https:\/\/www.facebook.com\/AgirPourNamakia","article_modified_time":"2025-10-01T18:01:34+00:00","og_image":[{"width":1600,"height":1200,"url":"https:\/\/madagascarnamakia.org\/wp-content\/uploads\/2025\/04\/Fond-decran-Qui-sommes-nous-.webp","type":"image\/webp"}],"twitter_card":"summary_large_image","twitter_misc":{"Dur\u00e9e de lecture estim\u00e9e":"4 minutes"},"schema":{"@context":"https:\/\/schema.org","@graph":[{"@type":"WebPage","@id":"https:\/\/madagascarnamakia.org\/aboutus\/","url":"https:\/\/madagascarnamakia.org\/aboutus\/","name":"Who are we? - Agir Pour Namakia","isPartOf":{"@id":"https:\/\/madagascarnamakia.org\/#website"},"primaryImageOfPage":{"@id":"https:\/\/madagascarnamakia.org\/aboutus\/#primaryimage"},"image":{"@id":"https:\/\/madagascarnamakia.org\/aboutus\/#primaryimage"},"thumbnailUrl":"https:\/\/i0.wp.com\/madagascarnamakia.org\/wp-content\/uploads\/2025\/04\/Fond-decran-Qui-sommes-nous-.webp?fit=1600%2C1200&ssl=1","datePublished":"2025-04-11T21:16:03+00:00","dateModified":"2025-10-01T18:01:34+00:00","breadcrumb":{"@id":"https:\/\/madagascarnamakia.org\/aboutus\/#breadcrumb"},"inLanguage":"fr-FR","potentialAction":[{"@type":"ReadAction","target":["https:\/\/madagascarnamakia.org\/aboutus\/"]}]},{"@type":"ImageObject","inLanguage":"fr-FR","@id":"https:\/\/madagascarnamakia.org\/aboutus\/#primaryimage","url":"https:\/\/i0.wp.com\/madagascarnamakia.org\/wp-content\/uploads\/2025\/04\/Fond-decran-Qui-sommes-nous-.webp?fit=1600%2C1200&ssl=1","contentUrl":"https:\/\/i0.wp.com\/madagascarnamakia.org\/wp-content\/uploads\/2025\/04\/Fond-decran-Qui-sommes-nous-.webp?fit=1600%2C1200&ssl=1","width":1600,"height":1200},{"@type":"BreadcrumbList","@id":"https:\/\/madagascarnamakia.org\/aboutus\/#breadcrumb","itemListElement":[{"@type":"ListItem","position":1,"name":"Home","item":"https:\/\/madagascarnamakia.org\/"},{"@type":"ListItem","position":2,"name":"Who are we?"}]},{"@type":"WebSite","@id":"https:\/\/madagascarnamakia.org\/#website","url":"https:\/\/madagascarnamakia.org\/","name":"Agir Pour Namakia","description":"Tagline","publisher":{"@id":"https:\/\/madagascarnamakia.org\/#organization"},"potentialAction":[{"@type":"SearchAction","target":{"@type":"EntryPoint","urlTemplate":"https:\/\/madagascarnamakia.org\/?s={search_term_string}"},"query-input":{"@type":"PropertyValueSpecification","valueRequired":true,"valueName":"search_term_string"}}],"inLanguage":"fr-FR"},{"@type":"Organization","@id":"https:\/\/madagascarnamakia.org\/#organization","name":"Agir Pour Namakia","url":"https:\/\/madagascarnamakia.org\/","logo":{"@type":"ImageObject","inLanguage":"fr-FR","@id":"https:\/\/madagascarnamakia.org\/#\/schema\/logo\/image\/","url":"https:\/\/i0.wp.com\/madagascarnamakia.org\/wp-content\/uploads\/2025\/04\/Logo.jpg?fit=730%2C730&ssl=1","contentUrl":"https:\/\/i0.wp.com\/madagascarnamakia.org\/wp-content\/uploads\/2025\/04\/Logo.jpg?fit=730%2C730&ssl=1","width":730,"height":730,"caption":"Agir Pour Namakia"},"image":{"@id":"https:\/\/madagascarnamakia.org\/#\/schema\/logo\/image\/"},"sameAs":["https:\/\/www.facebook.com\/AgirPourNamakia"]}]}},"jetpack_sharing_enabled":true,"_links":{"self":[{"href":"https:\/\/madagascarnamakia.org\/fr\/wp-json\/wp\/v2\/pages\/106","targetHints":{"allow":["GET"]}}],"collection":[{"href":"https:\/\/madagascarnamakia.org\/fr\/wp-json\/wp\/v2\/pages"}],"about":[{"href":"https:\/\/madagascarnamakia.org\/fr\/wp-json\/wp\/v2\/types\/page"}],"author":[{"embeddable":true,"href":"https:\/\/madagascarnamakia.org\/fr\/wp-json\/wp\/v2\/users\/1"}],"replies":[{"embeddable":true,"href":"https:\/\/madagascarnamakia.org\/fr\/wp-json\/wp\/v2\/comments?post=106"}],"version-history":[{"count":5,"href":"https:\/\/madagascarnamakia.org\/fr\/wp-json\/wp\/v2\/pages\/106\/revisions"}],"predecessor-version":[{"id":1174,"href":"https:\/\/madagascarnamakia.org\/fr\/wp-json\/wp\/v2\/pages\/106\/revisions\/1174"}],"wp:featuredmedia":[{"embeddable":true,"href":"https:\/\/madagascarnamakia.org\/fr\/wp-json\/wp\/v2\/media\/18"}],"wp:attachment":[{"href":"https:\/\/madagascarnamakia.org\/fr\/wp-json\/wp\/v2\/media?parent=106"}],"curies":[{"name":"wp","href":"https:\/\/api.w.org\/{rel}","templated":true}]}}